{"id":611,"date":"2023-03-22T09:15:09","date_gmt":"2023-03-22T08:15:09","guid":{"rendered":"https:\/\/benitatxell.lookishtg.com\/?page_id=611"},"modified":"2023-07-04T11:30:24","modified_gmt":"2023-07-04T09:30:24","slug":"politicia-de-privacidad","status":"publish","type":"page","link":"https:\/\/elpoblenoudebenitatxell.com\/va\/politicia-de-privacidad\/","title":{"rendered":"Pol\u00edticia de privacidad"},"content":{"rendered":"<p>&nbsp;<\/p>\n<p>La visita a los portales institucionales del Ajuntament de El Poble Nou de Benitatxell se efect\u00faa en forma an\u00f3nima.<\/p>\n<p>Solamente para poder acceder a alguno de los servicios de la web que dispongan de gesti\u00f3n o tr\u00e1mite espec\u00edfico, los usuarios y las usuarias habr\u00e1n de suministrar los datos personales imprescindibles para la prestaci\u00f3n del servicio solicitado. A trav\u00e9s de este sitio web no se recaban datos de car\u00e1cter personal sin su conocimiento, ni se ceden a terceros.<\/p>\n<p>Con la finalidad de ofrecerle el mejor servicio y con el objeto de facilitar el uso, se analizan el n\u00famero de p\u00e1ginas visitadas, el n\u00famero de visitas, as\u00ed como la actividad de los visitantes y su frecuencia de utilizaci\u00f3n. A estos efectos, el Ajuntament de El Poble Nou de Benitatxell utiliza la informaci\u00f3n estad\u00edstica elaborada por el Proveedor de Servicios de Internet.<\/p>\n<p>El Ajuntament de El Poble Nou de Benitatxell, no utiliza cookies para recoger informaci\u00f3n de los usuarios, ni registra las direcciones IP de acceso. \u00danicamente se utilizan cookies propias, de sesi\u00f3n, con finalidad t\u00e9cnica (aquellas que permiten al usuario la navegaci\u00f3n a trav\u00e9s del sitio web y la utilizaci\u00f3n de las diferentes opciones y servicios que en ella existen).<\/p>\n<p>El portal del que es titular el Ajuntament de El Poble Nou de Benitatxell contiene enlaces a sitios web de terceros, fundamentalmente de otras Administraciones p\u00fablicas, que se considera pueden ser de inter\u00e9s para los usuarios, cuyas pol\u00edticas de privacidad son ajenas a la del Ajuntament de El Poble Nou de Benitatxell. Al acceder a tales sitios web, usted puede decidir si acepta sus pol\u00edticas de privacidad y de cookies. Con car\u00e1cter general, si navega por internet usted puede aceptar o rechazar las cookies de terceros desde las opciones de configuraci\u00f3n de su navegador.<\/p>\n<p><strong>Informaci\u00f3n b\u00e1sica sobre protecci\u00f3n de datos<\/strong><\/p>\n<p>A continuaci\u00f3n, le informamos sobre la pol\u00edtica de protecci\u00f3n de datos del Ajuntament de El Poble Nou de Benitatxell.<\/p>\n<p><strong>Responsable del tratamiento<\/strong><\/p>\n<p>Los datos de car\u00e1cter personal que se pudieran recabar directamente del interesado ser\u00e1n tratados de forma confidencial y quedar\u00e1n incorporados a la correspondiente actividad de tratamiento titularidad del Ajuntament de El Poble Nou de Benitatxell.<\/p>\n<p>La relaci\u00f3n actualizada de las actividades de tratamiento que lleva a cabo se encuentra disponible en el siguiente enlace al\u00a0<a href=\"https:\/\/www.\/transparencia\/registro-actividades-tratamiento\/index.html\" target=\"_blank\" rel=\"noopener\">registro de actividades<\/a>\u00a0de tratamiento del Ajuntament de El Poble Nou de Benitatxell.<\/p>\n<p><strong>Finalidad<\/strong><\/p>\n<p>La finalidad del tratamiento de los datos corresponde a cada una de las actividades de tratamiento que realiza el Ajuntament de El Poble Nou de Benitatxell y que est\u00e1n accesibles en el\u00a0<a href=\"https:\/\/www.\/transparencia\/registro-actividades-tratamiento\/index.html\" target=\"_blank\" rel=\"noopener\">registro de actividades<\/a>\u00a0de tratamiento.<\/p>\n<p><strong>Legitimaci\u00f3n<\/strong><\/p>\n<p>El tratamiento de sus datos se realiza para el cumplimiento de obligaciones legales por parte del Ajuntament de El Poble Nou de Benitatxell, para el cumplimiento de misiones realizadas en inter\u00e9s p\u00fablico o en el ejercicio de poderes p\u00fablicos conferidos al Ajuntament de El Poble Nou de Benitatxell, as\u00ed como cuando la finalidad del tratamiento requiera su consentimiento, que habr\u00e1 de ser prestado mediante una clara acci\u00f3n afirmativa.<\/p>\n<p>Puede consultar la base legal para cada una de las actividades de tratamiento que lleva a cabo el Ajuntament de El Poble Nou de Benitatxell en\u00a0 el siguiente enlace al \u00a0<a href=\"https:\/\/www.\/transparencia\/registro-actividades-tratamiento\/index.html\" target=\"_blank\" rel=\"noopener\">registro de actividades<\/a>\u00a0de tratamiento del Ajuntament de El Poble Nou de Benitatxell.<\/p>\n<p><strong>Conservaci\u00f3n de datos<\/strong><\/p>\n<p>Los datos personales proporcionados se conservar\u00e1n durante el tiempo necesario para cumplir con la finalidad para la que se recaban y para determinar las posibles responsabilidades que se pudieran derivar de la finalidad, adem\u00e1s de los per\u00edodos establecidos en la normativa de archivos y documentaci\u00f3n.<\/p>\n<p><strong>Comunicaci\u00f3n de datos<\/strong><\/p>\n<p>Con car\u00e1cter general no se comunicar\u00e1n los datos personales a terceros, salvo obligaci\u00f3n legal, entre las que pueden estar las comunicaciones al Instituto Nacional de Estad\u00edstica, Bancos, Organismos de la Seguridad Social, Hacienda p\u00fablica y Administraci\u00f3n tributaria, \u00d3rganos Judiciales, Tribunal de cuentas o equivalente auton\u00f3mico, Cajas de Ahorros y Cajas Rurales, Entidades Aseguradoras, Entidades Sanitarias, Fuerzas y Cuerpos de Seguridad, \u00d3rganos del Estado y Comunidades Aut\u00f3nomas cuando se pueda realizar la comunicaci\u00f3n de datos conforme al art\u00edculo 6 del RGPD relativo a la legitimaci\u00f3n del tratamiento, interesados en los procedimientos relacionados con las reclamaciones presentadas y tr\u00e1mites administrativos propios del Ajuntament de El Poble Nou de Benitatxell.<\/p>\n<p>Puede consultar los destinatarios para cada una de las actividades de tratamiento que lleva a cabo el Ajuntament de El Poble Nou de Benitatxell en\u00a0 el siguiente enlace al \u00a0<a href=\"https:\/\/www.\/transparencia\/registro-actividades-tratamiento\/index.html\" target=\"_blank\" rel=\"noopener\">registro de actividades<\/a>\u00a0de tratamiento del Ajuntament de El Poble Nou de Benitatxell.<\/p>\n<p><strong>Recogida de datos de menores<\/strong><\/p>\n<p>El Ayuntamiento no autoriza a los menores de 14 a\u00f1os a facilitar sus datos personales, ya sea rellenando los formularios web para la solicitud de servicios, de contacto o mediante correos electr\u00f3nicos.<\/p>\n<p>As\u00ed pues, los que faciliten datos personales utilizando estos medios manifiestan formalmente ser mayores de 14 a\u00f1os.\u00a0En relaci\u00f3n a la recogida de datos de menores de edad, con edad comprendida entre los 14 y los 18 a\u00f1os, el Ayuntamiento, en ning\u00fan caso, recoger\u00e1 datos econ\u00f3micos o relativas a otros miembros de la familia sin el consentimiento de las personas titulares los mismos.<\/p>\n<p><strong>Im\u00e1genes del sitio Web<\/strong><\/p>\n<p>El Ayuntamiento, a trav\u00e9s de su sitio web, ofrece informaci\u00f3n sobre eventos, actividades, etc.\u00a0que suponen la participaci\u00f3n de la ciudadan\u00eda.\u00a0En determinadas ocasiones, la informaci\u00f3n facilitada se acompa\u00f1a de fotograf\u00edas y v\u00eddeos en los que se pueden visualizar personas identificadas o identificables que, formando parte de la divulgaci\u00f3n de la noticia o evento, no se difunden de manera intencionada.<\/p>\n<p>En caso de que el usuario se reconozca en alguna de estas fotograf\u00edas y no desee aparecer en las mismas, nos lo puede comunicar mediante la direcci\u00f3n de email:\u00a0<a href=\"mailto:protecciondatos@elpoblenoudebenitatxell.com?subject=Protecci%C3%B3n%20Datos\">protecciondatos@elpoblenoudebenitatxell.com<\/a>\u00a0 , adjuntando copia del documento acreditativo de su identidad, y referenciando el apartado del sitio web en el que se encuentra la imagen o el v\u00eddeo en el que aparece.\u00a0En el caso de menores de 14 a\u00f1os, la solicitud deber\u00e1 realizar el padre, madre o tutor legal del menor.<\/p>\n<p><strong>Derechos de los interesados<\/strong><\/p>\n<p>Cualquier persona tiene derecho a obtener confirmaci\u00f3n sobre los tratamientos que de sus datos se llevan a cabo por el Ajuntament de El Poble Nou de Benitatxell.<\/p>\n<p>Puede ejercer sus derechos de acceso, rectificaci\u00f3n, supresi\u00f3n y portabilidad de sus datos, de limitaci\u00f3n y oposici\u00f3n a su tratamiento, as\u00ed como a no ser objeto de decisiones basadas \u00fanicamente en el tratamiento automatizado de sus datos, cuando procedan, ante el Ajuntament de El Poble Nou de Benitatxell, Carrer Major, 5, 03726 El Poble Nou de Benitatxell-Alicante o en la direcci\u00f3n de correo electr\u00f3nico\u00a0<a href=\"mailto:protecciondatos@elpoblenoudebenitatxell.com\">protecciondatos@elpoblenoudebenitatxell.com<\/a>.<\/p>\n<p>Derecho a reclamar ante una autoridad de control: Puede presentar una reclamaci\u00f3n sobre protecci\u00f3n de datos ante la autoridad de control competente. Para ello, contacte con la autoridad responsable de la protecci\u00f3n de datos de su lugar de residencia o con la autoridad de protecci\u00f3n de datos de nuestra jurisdicci\u00f3n (citada a continuaci\u00f3n): Agencia Espa\u00f1ola de Protecci\u00f3n de Datos (AEPD):\u00a0<a href=\"https:\/\/www.agpd.es\/\" target=\"_blank\" rel=\"noopener\">www.aepd.es.<\/a><\/p>\n<p><strong>Redes Sociales:<\/strong><\/p>\n<div>\n<p align=\"center\"><strong>Redes sociales normas de funcionamiento\u00a0<\/strong>Ajuntament de El Poble Nou de Benitatxell<\/p>\n<\/div>\n<p><em>Objeto<\/em><br \/>\nDar visibilidad y difusi\u00f3n de las actividades municipales que desarrollan en Ajuntament de El Poble Nou de Benitatxell.<\/p>\n<p>&nbsp;<\/p>\n<p>1. Tratamiento de datos de car\u00e1cter personal: En los servicios que se den mediante herramientas como Facebook, Tuenti, Myspace, Twitter., Instagram, etc., Ajuntament de El Poble Nou de Benitatxell no recoger\u00e1 ni har\u00e1 ning\u00fan tratamiento de los datos de car\u00e1cter personal. Estos datos quedar\u00e1n almacenados en los servidores de los respectivos servicios y se regir\u00e1n por su propia pol\u00edtica de privacidad.<\/p>\n<p>2. Condiciones de uso<\/p>\n<ul>\n<li>Todo lo establecido en el punto 2 de las Condiciones generales de uso de las redes sociales del Ajuntament de El Poble Nou de Benitatxell: https:\/\/www.facebook.com\/Ajuntament de El Poble Nou de Benitatxell.<\/li>\n<li>No publicar informaciones que no respondan a los requisitos de veracidad, inter\u00e9s p\u00fablico y respeto a la dignidad de las personas<\/li>\n<li>No grabar ni publicar im\u00e1genes, v\u00eddeos o cualquier otro tipo de registro sin el consentimiento de las personas afectadas. Tener en cuenta que si podemos publicar siempre que:\u00a0<strong>los hechos as\u00ed publicados podr\u00edan tener la consideraci\u00f3n de hechos noticiables en los que se manifieste la existencia de un inter\u00e9s p\u00fablico con el fin de que se d\u00e9 a conocer los mismos a la colectividad.<\/strong><\/li>\n<li>El Ajuntament de El Poble Nou de Benitatxell no se identifica con las opiniones expresadas por otros ni con la ideolog\u00eda de los perfiles con los que tenga amistad en ninguna red social<\/li>\n<li>El Ajuntament de El Poble Nou de Benitatxell se reserva el derecho de eliminar de sus redes sociales cualquier informaci\u00f3n publicada por otros que vulnere la legalidad, incite a hacerlo, o contenga mensajes que atenten contra la dignidad de personas o instituciones. As\u00ed como de bloquear o denunciar el perfil autor de estos mensajes.<\/li>\n<\/ul>\n<p>&nbsp;<\/p>\n<p>3. Recomendaciones a los usuarios\/las usuarias<\/p>\n<ul>\n<li>Revise y lea las condiciones generales de uso y la pol\u00edtica de privacidad de la red social en el momento de registrarse<\/li>\n<li>Aprenda las posibilidades de configuraci\u00f3n y uso que la red ofrezca.<\/li>\n<li>Configure adecuadamente el grado de privacidad del perfil de usuario\/de usuaria la red social<\/li>\n<li>No publique informaci\u00f3n excesiva sobre su vida personal y familiar<\/li>\n<li>Tenga cuidado con la publicaci\u00f3n de contenidos audiovisuales y gr\u00e1ficos en su perfil, especialmente si se alojar\u00e1n im\u00e1genes relativas a terceras personas<\/li>\n<li>No ofrezca datos de terceros en su espacio sin el previo consentimiento de \u00e9stos<\/li>\n<\/ul>","protected":false},"excerpt":{"rendered":"<p>&nbsp; La visita a los portales institucionales del Ajuntament de El Poble Nou de Benitatxell se efect\u00faa en forma an\u00f3nima. Solamente para poder acceder a alguno de los servicios de la web que dispongan de gesti\u00f3n o tr\u00e1mite espec\u00edfico, los usuarios y las usuarias habr\u00e1n de suministrar los datos personales imprescindibles para la prestaci\u00f3n del [&hellip;]<\/p>","protected":false},"author":14,"featured_media":0,"parent":0,"menu_order":0,"comment_status":"closed","ping_status":"closed","template":"","meta":{"footnotes":""},"class_list":["post-611","page","type-page","status-publish","hentry"],"_links":{"self":[{"href":"https:\/\/elpoblenoudebenitatxell.com\/va\/wp-json\/wp\/v2\/pages\/611","targetHints":{"allow":["GET"]}}],"collection":[{"href":"https:\/\/elpoblenoudebenitatxell.com\/va\/wp-json\/wp\/v2\/pages"}],"about":[{"href":"https:\/\/elpoblenoudebenitatxell.com\/va\/wp-json\/wp\/v2\/types\/page"}],"author":[{"embeddable":true,"href":"https:\/\/elpoblenoudebenitatxell.com\/va\/wp-json\/wp\/v2\/users\/14"}],"replies":[{"embeddable":true,"href":"https:\/\/elpoblenoudebenitatxell.com\/va\/wp-json\/wp\/v2\/comments?post=611"}],"version-history":[{"count":3,"href":"https:\/\/elpoblenoudebenitatxell.com\/va\/wp-json\/wp\/v2\/pages\/611\/revisions"}],"predecessor-version":[{"id":5255,"href":"https:\/\/elpoblenoudebenitatxell.com\/va\/wp-json\/wp\/v2\/pages\/611\/revisions\/5255"}],"wp:attachment":[{"href":"https:\/\/elpoblenoudebenitatxell.com\/va\/wp-json\/wp\/v2\/media?parent=611"}],"curies":[{"name":"wp","href":"https:\/\/api.w.org\/{rel}","templated":true}]}}