{"id":5188,"date":"2023-07-04T09:15:04","date_gmt":"2023-07-04T07:15:04","guid":{"rendered":"https:\/\/ayuntamientobenitatxell.lookishtg.com\/?page_id=5188"},"modified":"2024-04-03T11:31:08","modified_gmt":"2024-04-03T09:31:08","slug":"banc-de-terres","status":"publish","type":"page","link":"https:\/\/elpoblenoudebenitatxell.com\/va\/banc-de-terres\/","title":{"rendered":"Banc de Terres"},"content":{"rendered":"<div data-elementor-type=\"wp-page\" data-elementor-id=\"5188\" class=\"elementor elementor-5188\" data-elementor-post-type=\"page\">\n\t\t\t\t\t\t<section class=\"elementor-section elementor-top-section elementor-element elementor-element-c368a9f elementor-section-boxed elementor-section-height-default elementor-section-height-default\" data-id=\"c368a9f\" data-element_type=\"section\">\n\t\t\t\t\t\t<div class=\"elementor-container elementor-column-gap-default\">\n\t\t\t\t\t<div class=\"elementor-column elementor-col-100 elementor-top-column elementor-element elementor-element-6039c0e4\" data-id=\"6039c0e4\" data-element_type=\"column\">\n\t\t\t<div class=\"elementor-widget-wrap elementor-element-populated\">\n\t\t\t\t\t\t<div class=\"elementor-element elementor-element-67cd9f2 elementor-widget elementor-widget-spacer\" data-id=\"67cd9f2\" data-element_type=\"widget\" data-widget_type=\"spacer.default\">\n\t\t\t\t\t\t\t<div class=\"elementor-spacer\">\n\t\t\t<div class=\"elementor-spacer-inner\"><\/div>\n\t\t<\/div>\n\t\t\t\t\t\t<\/div>\n\t\t\t\t<div class=\"elementor-element elementor-element-1606d673 elementor-widget elementor-widget-text-editor\" data-id=\"1606d673\" data-element_type=\"widget\" data-widget_type=\"text-editor.default\">\n\t\t\t\t\t\t\t\t\t<p><img decoding=\"async\" class=\"alignnone size-medium wp-image-5191 aligncenter\" src=\"https:\/\/elpoblenoudebenitatxell.com\/wp-content\/uploads\/2023\/07\/banc_terres_hor-300x79.jpg\" alt=\"\" width=\"300\" height=\"79\" srcset=\"https:\/\/elpoblenoudebenitatxell.com\/wp-content\/uploads\/2023\/07\/banc_terres_hor-300x79.jpg 300w, https:\/\/elpoblenoudebenitatxell.com\/wp-content\/uploads\/2023\/07\/banc_terres_hor-1024x270.jpg 1024w, https:\/\/elpoblenoudebenitatxell.com\/wp-content\/uploads\/2023\/07\/banc_terres_hor-768x203.jpg 768w, https:\/\/elpoblenoudebenitatxell.com\/wp-content\/uploads\/2023\/07\/banc_terres_hor.jpg 1156w\" sizes=\"(max-width: 300px) 100vw, 300px\" \/><\/p>\n<div class=\"clear;\"><\/div>\n<p><br><\/p><p class=\"translation-block\">Un Banc de Terres consistix en un registre de camps que els seus propietaris estan disposats a fer un contracte de cessi\u00f3, parcela o lloguer. Les persones interessades a ampliar la quantitat de terres que treballen o en iniciar una nova activitat agr\u00e0ria, poden consultar este registre i contactar amb els propietaris per a veure i arribar a un acord.<a href=\"http:\/\/www.buscatierras.com\/\" target=\"_blank\" rel=\"noopener noreferrer\"> L\u2019entitat gestora<\/a> s\u2019encarrega de gestionar els contactes i facilitar els acords.<\/p>\n<p class=\"translation-block\">Les terres en aband\u00f3 s\u00f3n un forat econ\u00f2mic pels seus propietaris. S\u00f3n un reservori de plagues com els rosegadors i malalties com la Xylella fastidiosa. I s\u00f3n causa d\u2019erosi\u00f3  i perill d\u2019incendis  forestals. Tindre terres inscrites en el Banc de Terres no t\u2019eximix la responsabilitat de bones pr\u00e0ctiques agr\u00e0ries com a propietari, fins que no tanques un tracte amb algun interessat.<\/p>\n<p class=\"translation-block\">La posada en marxa del Banc de Terres augmenta les oportunitats de treball i negoci relacionats amb el sector agrari. Si a m\u00e9s es t\u00e9 en compte que treballar la terra suposa gestionar el territori, fixar poblaci\u00f3 i lluitar contra el canvi clim\u00e0tic, llavors es pot considerar que \u00e9s una fant\u00e0stica iniciativa.<\/p>\n<p class=\"translation-block\">Per a inscriure o demandar terres \u00e9s molt senzill fes clic sobre el bot\u00f3 que vulgues INSCRIPCI\u00d3 DE TERRES o DEMANDA DE TERRES i plena el formulari. Ens posarem en contacte amb tu i farem reunions informatives amb tots els interessats sobre els tipus de contractes.<\/p>\n<p class=\"translation-block\">Si eres una persona inquieta i vols col\u00b7laborar amb la dinamitzaci\u00f3 agr\u00e0ria del Poble Nou de *Benitatxell, pots apuntar-te en QUIERO COL\u00b7LABORAR AMB EL BANC DE TERRES. Hem creat un grup de suport a totes les activitats programades, i et convocarem a les reunions de coordinaci\u00f3 perqu\u00e8 pugues participar i proposar iniciatives relacionades amb l\u2019educaci\u00f3 i el medi ambient, l\u2019alimentaci\u00f3 saludable i la producci\u00f3 agroecol\u00f2gica.<\/p>\n<div>\n<div class=\"button_blue_form\">\n<\/div>\n<\/div>\t\t\t\t\t\t\t\t<\/div>\n\t\t\t\t<div class=\"elementor-element elementor-element-892caa6 elementor-widget__width-auto elementor-widget-mobile__width-inherit elementor-widget elementor-widget-button\" data-id=\"892caa6\" data-element_type=\"widget\" data-widget_type=\"button.default\">\n\t\t\t\t\t\t\t\t\t\t<a class=\"elementor-button elementor-button-link elementor-size-sm\" href=\"#\">\n\t\t\t\t\t\t<span class=\"elementor-button-content-wrapper\">\n\t\t\t\t\t\t\t\t\t<span class=\"elementor-button-text\">INSCRIPCI\u00d3N DE TIERRAS<\/span>\n\t\t\t\t\t<\/span>\n\t\t\t\t\t<\/a>\n\t\t\t\t\t\t\t\t<\/div>\n\t\t\t\t<div class=\"elementor-element elementor-element-d8a5c7f elementor-widget__width-auto elementor-widget-mobile__width-inherit elementor-widget elementor-widget-button\" data-id=\"d8a5c7f\" data-element_type=\"widget\" data-widget_type=\"button.default\">\n\t\t\t\t\t\t\t\t\t\t<a class=\"elementor-button elementor-button-link elementor-size-sm\" href=\"#\">\n\t\t\t\t\t\t<span class=\"elementor-button-content-wrapper\">\n\t\t\t\t\t\t\t\t\t<span class=\"elementor-button-text\">DEMANDA DE TIERRAS<\/span>\n\t\t\t\t\t<\/span>\n\t\t\t\t\t<\/a>\n\t\t\t\t\t\t\t\t<\/div>\n\t\t\t\t<div class=\"elementor-element elementor-element-582e62f elementor-widget__width-auto elementor-widget elementor-widget-button\" data-id=\"582e62f\" data-element_type=\"widget\" data-widget_type=\"button.default\">\n\t\t\t\t\t\t\t\t\t\t<a class=\"elementor-button elementor-button-link elementor-size-sm\" href=\"#\">\n\t\t\t\t\t\t<span class=\"elementor-button-content-wrapper\">\n\t\t\t\t\t\t\t\t\t<span class=\"elementor-button-text\">QUIERO COLABORAR CON EL BANCO DE TIERRAS<\/span>\n\t\t\t\t\t<\/span>\n\t\t\t\t\t<\/a>\n\t\t\t\t\t\t\t\t<\/div>\n\t\t\t\t<div class=\"elementor-element elementor-element-cf507a1 elementor-widget elementor-widget-text-editor\" data-id=\"cf507a1\" data-element_type=\"widget\" data-widget_type=\"text-editor.default\">\n\t\t\t\t\t\t\t\t\t<div><div class=\"button_blue_form\"><span style=\"font-size: 0.9rem;\">\u00a0<\/span><\/div><\/div><h2>DOCUMENTACI\u00d3N<\/h2><p><i class=\"fa fa-file\"><\/i><a href=\"https:\/\/elpoblenoudebenitatxell.com\/wp-content\/uploads\/2023\/07\/fase-i-bdt-benitatxell.pdf\" target=\"_blank\" rel=\"noopener\">FASE I BDT BENITATXELL<\/a><\/p>\t\t\t\t\t\t\t\t<\/div>\n\t\t\t\t\t<\/div>\n\t\t<\/div>\n\t\t\t\t\t<\/div>\n\t\t<\/section>\n\t\t\t\t<\/div>","protected":false},"excerpt":{"rendered":"<p>Un&nbsp;Banco de Tierras&nbsp;consiste en un&nbsp;registro de campos&nbsp;que sus propietarios est\u00e1n dispuestos a hacer un contrato de&nbsp;cesi\u00f3n, aparceria o alquiler. Las personas interesadas en ampliar la cantidad de tierras que trabajan o al iniciar una nueva actividad agraria, pueden consultar este registro y contactar con los propietarios para ver y llegar a un acuerdo. La&nbsp;entidad gestora&nbsp;se [&hellip;]<\/p>","protected":false},"author":14,"featured_media":0,"parent":0,"menu_order":0,"comment_status":"closed","ping_status":"closed","template":"","meta":{"footnotes":""},"class_list":["post-5188","page","type-page","status-publish","hentry"],"_links":{"self":[{"href":"https:\/\/elpoblenoudebenitatxell.com\/va\/wp-json\/wp\/v2\/pages\/5188","targetHints":{"allow":["GET"]}}],"collection":[{"href":"https:\/\/elpoblenoudebenitatxell.com\/va\/wp-json\/wp\/v2\/pages"}],"about":[{"href":"https:\/\/elpoblenoudebenitatxell.com\/va\/wp-json\/wp\/v2\/types\/page"}],"author":[{"embeddable":true,"href":"https:\/\/elpoblenoudebenitatxell.com\/va\/wp-json\/wp\/v2\/users\/14"}],"replies":[{"embeddable":true,"href":"https:\/\/elpoblenoudebenitatxell.com\/va\/wp-json\/wp\/v2\/comments?post=5188"}],"version-history":[{"count":5,"href":"https:\/\/elpoblenoudebenitatxell.com\/va\/wp-json\/wp\/v2\/pages\/5188\/revisions"}],"predecessor-version":[{"id":15605,"href":"https:\/\/elpoblenoudebenitatxell.com\/va\/wp-json\/wp\/v2\/pages\/5188\/revisions\/15605"}],"wp:attachment":[{"href":"https:\/\/elpoblenoudebenitatxell.com\/va\/wp-json\/wp\/v2\/media?parent=5188"}],"curies":[{"name":"wp","href":"https:\/\/api.w.org\/{rel}","templated":true}]}}