{"id":4601,"date":"2023-05-31T10:30:58","date_gmt":"2023-05-31T08:30:58","guid":{"rendered":"https:\/\/ayuntamientobenitatxell.lookishtg.com\/?page_id=4601"},"modified":"2025-11-12T15:16:32","modified_gmt":"2025-11-12T14:16:32","slug":"anuncios","status":"publish","type":"page","link":"https:\/\/elpoblenoudebenitatxell.com\/va\/ayuntamiento\/anuncios\/","title":{"rendered":"Anuncis"},"content":{"rendered":"<div data-elementor-type=\"wp-page\" data-elementor-id=\"4601\" class=\"elementor elementor-4601\" data-elementor-post-type=\"page\">\n\t\t\t\t\t\t<section class=\"elementor-section elementor-top-section elementor-element elementor-element-798565c elementor-section-boxed elementor-section-height-default elementor-section-height-default\" data-id=\"798565c\" data-element_type=\"section\">\n\t\t\t\t\t\t<div class=\"elementor-container elementor-column-gap-default\">\n\t\t\t\t\t<div class=\"elementor-column elementor-col-50 elementor-top-column elementor-element elementor-element-e05567e\" data-id=\"e05567e\" data-element_type=\"column\">\n\t\t\t<div class=\"elementor-widget-wrap elementor-element-populated\">\n\t\t\t\t\t\t<div class=\"elementor-element elementor-element-ec82f0e elementor-widget elementor-widget-heading\" data-id=\"ec82f0e\" data-element_type=\"widget\" data-widget_type=\"heading.default\">\n\t\t\t\t\t<h1 class=\"elementor-heading-title elementor-size-default\">\u00c0rees - <span>Anuncis<\/span><\/h1>\t\t\t\t<\/div>\n\t\t\t\t\t<\/div>\n\t\t<\/div>\n\t\t\t\t<div class=\"elementor-column elementor-col-50 elementor-top-column elementor-element elementor-element-e273b9d\" data-id=\"e273b9d\" data-element_type=\"column\">\n\t\t\t<div class=\"elementor-widget-wrap\">\n\t\t\t\t\t\t\t<\/div>\n\t\t<\/div>\n\t\t\t\t\t<\/div>\n\t\t<\/section>\n\t\t\t\t<section class=\"elementor-section elementor-top-section elementor-element elementor-element-f93ca80 elementor-section-boxed elementor-section-height-default elementor-section-height-default\" data-id=\"f93ca80\" data-element_type=\"section\">\n\t\t\t\t\t\t<div class=\"elementor-container elementor-column-gap-default\">\n\t\t\t\t\t<div class=\"elementor-column elementor-col-100 elementor-top-column elementor-element elementor-element-f5f9e02\" data-id=\"f5f9e02\" data-element_type=\"column\">\n\t\t\t<div class=\"elementor-widget-wrap elementor-element-populated\">\n\t\t\t\t\t\t<div class=\"elementor-element elementor-element-11b10da elementor-widget elementor-widget-jet-smart-filters-date-period\" data-id=\"11b10da\" data-element_type=\"widget\" data-widget_type=\"jet-smart-filters-date-period.default\">\n\t\t\t\t<div class=\"elementor-widget-container\">\n\t\t\t\t\t<div class=\"jet-smart-filters-date-period jet-filter\" data-indexer-rule=\"show\" data-show-counter=\"\" data-change-counter=\"always\"><div class=\"jet-date-period button-icon-position-left\" data-query-type=\"date_query\" data-query-var=\"\" data-smart-filter=\"date-period\" data-filter-id=\"14711\" data-apply-type=\"ajax\" data-content-provider=\"jet-engine\" data-additional-providers=\"\" data-query-id=\"default\" data-active-label=\"\" data-layout-options=\"{&quot;show_label&quot;:true,&quot;display_options&quot;:{&quot;show_items_label&quot;:false,&quot;show_decorator&quot;:false,&quot;filter_image_size&quot;:&quot;full&quot;,&quot;show_counter&quot;:false}}\" data-query-var-suffix=\"date\" data-apply-on=\"value\" data-period-type=\"year\">\n\t<div class=\"jet-date-period__wrapper\">\n\t\t<div class=\"jet-date-period__prev\" ><svg width=\"21\" height=\"28\" viewbox=\"0 0 21 28\" xmlns=\"http:\/\/www.w3.org\/2000\/svg\">\n\t<path d=\"M18.297 4.703l-8.297 8.297 8.297 8.297c0.391 0.391 0.391 1.016 0 1.406l-2.594 2.594c-0.391 0.391-1.016 0.391-1.406 0l-11.594-11.594c-0.391-0.391-0.391-1.016 0-1.406l11.594-11.594c0.391-0.391 1.016-0.391 1.406 0l2.594 2.594c0.391 0.391 0.391 1.016 0 1.406z\"><\/path>\n<\/svg>\n<\/div>\n\t\t<div class=\"jet-date-period__datepicker date\">\n\t\t\t<div class=\"jet-date-period__datepicker-button input-group-addon\" >\n\t\t\t\tSelecciona una data\t\t\t\t<svg width=\"18\" height=\"28\" viewbox=\"0 0 18 28\" xmlns=\"http:\/\/www.w3.org\/2000\/svg\">\n\t<path d=\"M16.797 11.5c0 0.125-0.063 0.266-0.156 0.359l-7.281 7.281c-0.094 0.094-0.234 0.156-0.359 0.156s-0.266-0.063-0.359-0.156l-7.281-7.281c-0.094-0.094-0.156-0.234-0.156-0.359s0.063-0.266 0.156-0.359l0.781-0.781c0.094-0.094 0.219-0.156 0.359-0.156 0.125 0 0.266 0.063 0.359 0.156l6.141 6.141 6.141-6.141c0.094-0.094 0.234-0.156 0.359-0.156s0.266 0.063 0.359 0.156l0.781 0.781c0.094 0.094 0.156 0.234 0.156 0.359z\"><\/path>\n<\/svg>\n\t\t\t<\/div>\n\t\t\t<input\n\t\t\t\tclass=\"jet-date-period__datepicker-input\"\n\t\t\t\tname=\"\"\n\t\t\t\tvalue=\"\"\n\t\t\t\taria-label=\"filter-date\"\n\t\t\t\ttype=\"hidden\"\n\t\t\t\ttabindex=\"-1\"\n\t\t\t\tdata-format=\"{&quot;start&quot;:&quot;dd\\\/mm\\\/yy&quot;,&quot;separator&quot;:&quot;&quot;,&quot;end&quot;:&quot;dd\\\/mm\\\/yy&quot;}\"\n\t\t\t\t\t\t\t\tdata-maxdate=\"today\"\t\t\t\treadonly\n\t\t\t>\n\t\t<\/div>\n\t\t<div class=\"jet-date-period__next\" ><svg width=\"19\" height=\"28\" viewbox=\"0 0 19 28\" xmlns=\"http:\/\/www.w3.org\/2000\/svg\">\n\t<path d=\"M17.297 13.703l-11.594 11.594c-0.391 0.391-1.016 0.391-1.406 0l-2.594-2.594c-0.391-0.391-0.391-1.016 0-1.406l8.297-8.297-8.297-8.297c-0.391-0.391-0.391-1.016 0-1.406l2.594-2.594c0.391-0.391 1.016-0.391 1.406 0l11.594 11.594c0.391 0.391 0.391 1.016 0 1.406z\"><\/path>\n<\/svg>\n<\/div>\n\t<\/div>\n<\/div>\n<\/div>\t\t\t\t<\/div>\n\t\t\t\t<\/div>\n\t\t\t\t<div class=\"elementor-element elementor-element-1cf8ba2 elementor-widget elementor-widget-jet-listing-grid\" data-id=\"1cf8ba2\" data-element_type=\"widget\" data-settings=\"{&quot;columns&quot;:3}\" data-widget_type=\"jet-listing-grid.default\">\n\t\t\t\t\t<div class=\"jet-listing-grid jet-listing\"><div class=\"jet-listing-grid__items grid-col-desk-3 grid-col-tablet-3 grid-col-mobile-3 jet-listing-grid--4850\" data-queried-id=\"4601|WP_Post\" data-nav=\"{&quot;enabled&quot;:false,&quot;type&quot;:null,&quot;more_el&quot;:null,&quot;query&quot;:[],&quot;widget_settings&quot;:{&quot;lisitng_id&quot;:4850,&quot;posts_num&quot;:12,&quot;columns&quot;:3,&quot;columns_tablet&quot;:3,&quot;columns_mobile&quot;:3,&quot;column_min_width&quot;:240,&quot;column_min_width_tablet&quot;:240,&quot;column_min_width_mobile&quot;:240,&quot;inline_columns_css&quot;:false,&quot;is_archive_template&quot;:&quot;&quot;,&quot;post_status&quot;:[&quot;publish&quot;],&quot;use_random_posts_num&quot;:&quot;&quot;,&quot;max_posts_num&quot;:9,&quot;not_found_message&quot;:&quot;No data was found&quot;,&quot;is_masonry&quot;:false,&quot;equal_columns_height&quot;:&quot;&quot;,&quot;use_load_more&quot;:&quot;&quot;,&quot;load_more_id&quot;:&quot;&quot;,&quot;load_more_type&quot;:&quot;click&quot;,&quot;load_more_offset&quot;:{&quot;unit&quot;:&quot;px&quot;,&quot;size&quot;:0,&quot;sizes&quot;:[]},&quot;use_custom_post_types&quot;:&quot;&quot;,&quot;custom_post_types&quot;:[],&quot;hide_widget_if&quot;:&quot;&quot;,&quot;carousel_enabled&quot;:&quot;&quot;,&quot;slides_to_scroll&quot;:&quot;1&quot;,&quot;arrows&quot;:&quot;true&quot;,&quot;arrow_icon&quot;:&quot;fa fa-angle-left&quot;,&quot;dots&quot;:&quot;&quot;,&quot;autoplay&quot;:&quot;true&quot;,&quot;pause_on_hover&quot;:&quot;true&quot;,&quot;autoplay_speed&quot;:5000,&quot;infinite&quot;:&quot;true&quot;,&quot;center_mode&quot;:&quot;&quot;,&quot;effect&quot;:&quot;slide&quot;,&quot;speed&quot;:500,&quot;inject_alternative_items&quot;:&quot;&quot;,&quot;injection_items&quot;:[],&quot;scroll_slider_enabled&quot;:&quot;&quot;,&quot;scroll_slider_on&quot;:[&quot;desktop&quot;,&quot;tablet&quot;,&quot;mobile&quot;],&quot;custom_query&quot;:false,&quot;custom_query_id&quot;:&quot;27&quot;,&quot;_element_id&quot;:&quot;&quot;,&quot;collapse_first_last_gap&quot;:false,&quot;list_tag_selection&quot;:&quot;&quot;,&quot;list_items_wrapper_tag&quot;:&quot;div&quot;,&quot;list_item_tag&quot;:&quot;div&quot;,&quot;empty_items_wrapper_tag&quot;:&quot;div&quot;}}\" data-page=\"1\" data-pages=\"1\" data-listing-source=\"posts\" data-listing-id=\"4850\" data-query-id=\"\"><div class=\"jet-listing-grid__item jet-listing-dynamic-post-24230\" data-post-id=\"24230\"  >\t\t<div data-elementor-type=\"jet-listing-items\" data-elementor-id=\"4850\" class=\"elementor elementor-4850\" data-elementor-post-type=\"jet-engine\">\n\t\t\t\t\t\t<section class=\"elementor-section elementor-top-section elementor-element elementor-element-8fc97b9 elementor-section-boxed elementor-section-height-default elementor-section-height-default\" data-id=\"8fc97b9\" data-element_type=\"section\">\n\t\t\t\t\t\t<div class=\"elementor-container elementor-column-gap-default\">\n\t\t\t\t\t<div class=\"elementor-column elementor-col-50 elementor-top-column elementor-element elementor-element-3dee72f\" data-id=\"3dee72f\" data-element_type=\"column\">\n\t\t\t<div class=\"elementor-widget-wrap elementor-element-populated\">\n\t\t\t\t\t\t<div class=\"elementor-element elementor-element-9d70045 elementor-widget elementor-widget-image\" data-id=\"9d70045\" data-element_type=\"widget\" data-widget_type=\"image.default\">\n\t\t\t\t\t\t\t\t\t\t\t\t\t\t\t<img fetchpriority=\"high\" decoding=\"async\" width=\"500\" height=\"300\" src=\"https:\/\/elpoblenoudebenitatxell.com\/wp-content\/uploads\/2023\/03\/logo_ajuntament.png\" class=\"attachment-medium_large size-medium_large wp-image-14472\" alt=\"\" srcset=\"https:\/\/elpoblenoudebenitatxell.com\/wp-content\/uploads\/2023\/03\/logo_ajuntament.png 500w, https:\/\/elpoblenoudebenitatxell.com\/wp-content\/uploads\/2023\/03\/logo_ajuntament-300x180.png 300w\" sizes=\"(max-width: 500px) 100vw, 500px\" \/>\t\t\t\t\t\t\t\t\t\t\t\t\t\t\t<\/div>\n\t\t\t\t\t<\/div>\n\t\t<\/div>\n\t\t\t\t<div class=\"elementor-column elementor-col-50 elementor-top-column elementor-element elementor-element-031b8f4\" data-id=\"031b8f4\" data-element_type=\"column\">\n\t\t\t<div class=\"elementor-widget-wrap elementor-element-populated\">\n\t\t\t\t\t\t<div class=\"elementor-element elementor-element-3c19834 elementor-widget elementor-widget-text-editor\" data-id=\"3c19834\" data-element_type=\"widget\" data-widget_type=\"text-editor.default\">\n\t\t\t\t\t\t\t\t\t10 July 2024\t\t\t\t\t\t\t\t<\/div>\n\t\t\t\t<div class=\"elementor-element elementor-element-07b72e7 elementor-widget elementor-widget-heading\" data-id=\"07b72e7\" data-element_type=\"widget\" data-widget_type=\"heading.default\">\n\t\t\t\t\t<p class=\"elementor-heading-title elementor-size-default\">SUBVENCI\u00d3 CICLE H\u00cdDRIC (DIPUTACI\u00d3 D&#8217;ALACANT)<\/p>\t\t\t\t<\/div>\n\t\t\t\t<div class=\"elementor-element elementor-element-803b977 elementor-align-left jedv-enabled--yes elementor-widget elementor-widget-button\" data-id=\"803b977\" data-element_type=\"widget\" data-widget_type=\"button.default\">\n\t\t\t\t\t\t\t\t\t\t<a class=\"elementor-button elementor-button-link elementor-size-md\" href=\"https:\/\/www.elpoblenoudebenitatxell.com\/wp-content\/uploads\/2024\/07\/Subv-Dipu-ciclo-hidrico.pdf\" target=\"_blank\">\n\t\t\t\t\t\t<span class=\"elementor-button-content-wrapper\">\n\t\t\t\t\t\t\t\t\t<span class=\"elementor-button-text\">Veure document<\/span>\n\t\t\t\t\t<\/span>\n\t\t\t\t\t<\/a>\n\t\t\t\t\t\t\t\t<\/div>\n\t\t\t\t\t<\/div>\n\t\t<\/div>\n\t\t\t\t\t<\/div>\n\t\t<\/section>\n\t\t\t\t<\/div>\n\t\t<\/div><div class=\"jet-listing-grid__item jet-listing-dynamic-post-23793\" data-post-id=\"23793\"  >\t\t<div data-elementor-type=\"jet-listing-items\" data-elementor-id=\"4850\" class=\"elementor elementor-4850\" data-elementor-post-type=\"jet-engine\">\n\t\t\t\t\t\t<section class=\"elementor-section elementor-top-section elementor-element elementor-element-8fc97b9 elementor-section-boxed elementor-section-height-default elementor-section-height-default\" data-id=\"8fc97b9\" data-element_type=\"section\">\n\t\t\t\t\t\t<div class=\"elementor-container elementor-column-gap-default\">\n\t\t\t\t\t<div class=\"elementor-column elementor-col-50 elementor-top-column elementor-element elementor-element-3dee72f\" data-id=\"3dee72f\" data-element_type=\"column\">\n\t\t\t<div class=\"elementor-widget-wrap elementor-element-populated\">\n\t\t\t\t\t\t<div class=\"elementor-element elementor-element-9d70045 elementor-widget elementor-widget-image\" data-id=\"9d70045\" data-element_type=\"widget\" data-widget_type=\"image.default\">\n\t\t\t\t\t\t\t\t\t\t\t\t\t\t\t<img fetchpriority=\"high\" decoding=\"async\" width=\"500\" height=\"300\" src=\"https:\/\/elpoblenoudebenitatxell.com\/wp-content\/uploads\/2023\/03\/logo_ajuntament.png\" class=\"attachment-medium_large size-medium_large wp-image-14472\" alt=\"\" srcset=\"https:\/\/elpoblenoudebenitatxell.com\/wp-content\/uploads\/2023\/03\/logo_ajuntament.png 500w, https:\/\/elpoblenoudebenitatxell.com\/wp-content\/uploads\/2023\/03\/logo_ajuntament-300x180.png 300w\" sizes=\"(max-width: 500px) 100vw, 500px\" \/>\t\t\t\t\t\t\t\t\t\t\t\t\t\t\t<\/div>\n\t\t\t\t\t<\/div>\n\t\t<\/div>\n\t\t\t\t<div class=\"elementor-column elementor-col-50 elementor-top-column elementor-element elementor-element-031b8f4\" data-id=\"031b8f4\" data-element_type=\"column\">\n\t\t\t<div class=\"elementor-widget-wrap elementor-element-populated\">\n\t\t\t\t\t\t<div class=\"elementor-element elementor-element-3c19834 elementor-widget elementor-widget-text-editor\" data-id=\"3c19834\" data-element_type=\"widget\" data-widget_type=\"text-editor.default\">\n\t\t\t\t\t\t\t\t\t27 June 2024\t\t\t\t\t\t\t\t<\/div>\n\t\t\t\t<div class=\"elementor-element elementor-element-07b72e7 elementor-widget elementor-widget-heading\" data-id=\"07b72e7\" data-element_type=\"widget\" data-widget_type=\"heading.default\">\n\t\t\t\t\t<p class=\"elementor-heading-title elementor-size-default\">BANDO RUIDOS EDIFICACI\u00d3N Y URBANIZACI\u00d3N JULIO Y AGOSTO 2024<\/p>\t\t\t\t<\/div>\n\t\t\t\t<div class=\"elementor-element elementor-element-803b977 elementor-align-left jedv-enabled--yes elementor-widget elementor-widget-button\" data-id=\"803b977\" data-element_type=\"widget\" data-widget_type=\"button.default\">\n\t\t\t\t\t\t\t\t\t\t<a class=\"elementor-button elementor-button-link elementor-size-md\" href=\"https:\/\/www.elpoblenoudebenitatxell.com\/wp-content\/uploads\/2024\/06\/20240626_Comunicacion-ciudadano_Escrito_BANDO-RUIDOS-2024_CAST.pdf\" target=\"_blank\">\n\t\t\t\t\t\t<span class=\"elementor-button-content-wrapper\">\n\t\t\t\t\t\t\t\t\t<span class=\"elementor-button-text\">Veure document<\/span>\n\t\t\t\t\t<\/span>\n\t\t\t\t\t<\/a>\n\t\t\t\t\t\t\t\t<\/div>\n\t\t\t\t\t<\/div>\n\t\t<\/div>\n\t\t\t\t\t<\/div>\n\t\t<\/section>\n\t\t\t\t<\/div>\n\t\t<\/div><div class=\"jet-listing-grid__item jet-listing-dynamic-post-4844\" data-post-id=\"4844\"  >\t\t<div data-elementor-type=\"jet-listing-items\" data-elementor-id=\"4850\" class=\"elementor elementor-4850\" data-elementor-post-type=\"jet-engine\">\n\t\t\t\t\t\t<section class=\"elementor-section elementor-top-section elementor-element elementor-element-8fc97b9 elementor-section-boxed elementor-section-height-default elementor-section-height-default\" data-id=\"8fc97b9\" data-element_type=\"section\">\n\t\t\t\t\t\t<div class=\"elementor-container elementor-column-gap-default\">\n\t\t\t\t\t<div class=\"elementor-column elementor-col-50 elementor-top-column elementor-element elementor-element-3dee72f\" data-id=\"3dee72f\" data-element_type=\"column\">\n\t\t\t<div class=\"elementor-widget-wrap elementor-element-populated\">\n\t\t\t\t\t\t<div class=\"elementor-element elementor-element-9d70045 elementor-widget elementor-widget-image\" data-id=\"9d70045\" data-element_type=\"widget\" data-widget_type=\"image.default\">\n\t\t\t\t\t\t\t\t\t\t\t\t\t\t\t<img fetchpriority=\"high\" decoding=\"async\" width=\"500\" height=\"300\" src=\"https:\/\/elpoblenoudebenitatxell.com\/wp-content\/uploads\/2023\/03\/logo_ajuntament.png\" class=\"attachment-medium_large size-medium_large wp-image-14472\" alt=\"\" srcset=\"https:\/\/elpoblenoudebenitatxell.com\/wp-content\/uploads\/2023\/03\/logo_ajuntament.png 500w, https:\/\/elpoblenoudebenitatxell.com\/wp-content\/uploads\/2023\/03\/logo_ajuntament-300x180.png 300w\" sizes=\"(max-width: 500px) 100vw, 500px\" \/>\t\t\t\t\t\t\t\t\t\t\t\t\t\t\t<\/div>\n\t\t\t\t\t<\/div>\n\t\t<\/div>\n\t\t\t\t<div class=\"elementor-column elementor-col-50 elementor-top-column elementor-element elementor-element-031b8f4\" data-id=\"031b8f4\" data-element_type=\"column\">\n\t\t\t<div class=\"elementor-widget-wrap elementor-element-populated\">\n\t\t\t\t\t\t<div class=\"elementor-element elementor-element-3c19834 elementor-widget elementor-widget-text-editor\" data-id=\"3c19834\" data-element_type=\"widget\" data-widget_type=\"text-editor.default\">\n\t\t\t\t\t\t\t\t\t13 December 2022\t\t\t\t\t\t\t\t<\/div>\n\t\t\t\t<div class=\"elementor-element elementor-element-07b72e7 elementor-widget elementor-widget-heading\" data-id=\"07b72e7\" data-element_type=\"widget\" data-widget_type=\"heading.default\">\n\t\t\t\t\t<p class=\"elementor-heading-title elementor-size-default\">Llistat provisional ajuts transport<\/p>\t\t\t\t<\/div>\n\t\t\t\t<div class=\"elementor-element elementor-element-803b977 elementor-align-left jedv-enabled--yes elementor-widget elementor-widget-button\" data-id=\"803b977\" data-element_type=\"widget\" data-widget_type=\"button.default\">\n\t\t\t\t\t\t\t\t\t\t<a class=\"elementor-button elementor-button-link elementor-size-md\" href=\"http:\/\/4847\" target=\"_blank\">\n\t\t\t\t\t\t<span class=\"elementor-button-content-wrapper\">\n\t\t\t\t\t\t\t\t\t<span class=\"elementor-button-text\">Veure document<\/span>\n\t\t\t\t\t<\/span>\n\t\t\t\t\t<\/a>\n\t\t\t\t\t\t\t\t<\/div>\n\t\t\t\t\t<\/div>\n\t\t<\/div>\n\t\t\t\t\t<\/div>\n\t\t<\/section>\n\t\t\t\t<\/div>\n\t\t<\/div><div class=\"jet-listing-grid__item jet-listing-dynamic-post-4848\" data-post-id=\"4848\"  >\t\t<div data-elementor-type=\"jet-listing-items\" data-elementor-id=\"4850\" class=\"elementor elementor-4850\" data-elementor-post-type=\"jet-engine\">\n\t\t\t\t\t\t<section class=\"elementor-section elementor-top-section elementor-element elementor-element-8fc97b9 elementor-section-boxed elementor-section-height-default elementor-section-height-default\" data-id=\"8fc97b9\" data-element_type=\"section\">\n\t\t\t\t\t\t<div class=\"elementor-container elementor-column-gap-default\">\n\t\t\t\t\t<div class=\"elementor-column elementor-col-50 elementor-top-column elementor-element elementor-element-3dee72f\" data-id=\"3dee72f\" data-element_type=\"column\">\n\t\t\t<div class=\"elementor-widget-wrap elementor-element-populated\">\n\t\t\t\t\t\t<div class=\"elementor-element elementor-element-9d70045 elementor-widget elementor-widget-image\" data-id=\"9d70045\" data-element_type=\"widget\" data-widget_type=\"image.default\">\n\t\t\t\t\t\t\t\t\t\t\t\t\t\t\t<img fetchpriority=\"high\" decoding=\"async\" width=\"500\" height=\"300\" src=\"https:\/\/elpoblenoudebenitatxell.com\/wp-content\/uploads\/2023\/03\/logo_ajuntament.png\" class=\"attachment-medium_large size-medium_large wp-image-14472\" alt=\"\" srcset=\"https:\/\/elpoblenoudebenitatxell.com\/wp-content\/uploads\/2023\/03\/logo_ajuntament.png 500w, https:\/\/elpoblenoudebenitatxell.com\/wp-content\/uploads\/2023\/03\/logo_ajuntament-300x180.png 300w\" sizes=\"(max-width: 500px) 100vw, 500px\" \/>\t\t\t\t\t\t\t\t\t\t\t\t\t\t\t<\/div>\n\t\t\t\t\t<\/div>\n\t\t<\/div>\n\t\t\t\t<div class=\"elementor-column elementor-col-50 elementor-top-column elementor-element elementor-element-031b8f4\" data-id=\"031b8f4\" data-element_type=\"column\">\n\t\t\t<div class=\"elementor-widget-wrap elementor-element-populated\">\n\t\t\t\t\t\t<div class=\"elementor-element elementor-element-3c19834 elementor-widget elementor-widget-text-editor\" data-id=\"3c19834\" data-element_type=\"widget\" data-widget_type=\"text-editor.default\">\n\t\t\t\t\t\t\t\t\t17 October 2022\t\t\t\t\t\t\t\t<\/div>\n\t\t\t\t<div class=\"elementor-element elementor-element-07b72e7 elementor-widget elementor-widget-heading\" data-id=\"07b72e7\" data-element_type=\"widget\" data-widget_type=\"heading.default\">\n\t\t\t\t\t<p class=\"elementor-heading-title elementor-size-default\">Esborrany pla local de residus<\/p>\t\t\t\t<\/div>\n\t\t\t\t<div class=\"elementor-element elementor-element-803b977 elementor-align-left jedv-enabled--yes elementor-widget elementor-widget-button\" data-id=\"803b977\" data-element_type=\"widget\" data-widget_type=\"button.default\">\n\t\t\t\t\t\t\t\t\t\t<a class=\"elementor-button elementor-button-link elementor-size-md\" href=\"http:\/\/4846\" target=\"_blank\">\n\t\t\t\t\t\t<span class=\"elementor-button-content-wrapper\">\n\t\t\t\t\t\t\t\t\t<span class=\"elementor-button-text\">Veure document<\/span>\n\t\t\t\t\t<\/span>\n\t\t\t\t\t<\/a>\n\t\t\t\t\t\t\t\t<\/div>\n\t\t\t\t\t<\/div>\n\t\t<\/div>\n\t\t\t\t\t<\/div>\n\t\t<\/section>\n\t\t\t\t<\/div>\n\t\t<\/div><div class=\"jet-listing-grid__item jet-listing-dynamic-post-4849\" data-post-id=\"4849\"  >\t\t<div data-elementor-type=\"jet-listing-items\" data-elementor-id=\"4850\" class=\"elementor elementor-4850\" data-elementor-post-type=\"jet-engine\">\n\t\t\t\t\t\t<section class=\"elementor-section elementor-top-section elementor-element elementor-element-8fc97b9 elementor-section-boxed elementor-section-height-default elementor-section-height-default\" data-id=\"8fc97b9\" data-element_type=\"section\">\n\t\t\t\t\t\t<div class=\"elementor-container elementor-column-gap-default\">\n\t\t\t\t\t<div class=\"elementor-column elementor-col-50 elementor-top-column elementor-element elementor-element-3dee72f\" data-id=\"3dee72f\" data-element_type=\"column\">\n\t\t\t<div class=\"elementor-widget-wrap elementor-element-populated\">\n\t\t\t\t\t\t<div class=\"elementor-element elementor-element-9d70045 elementor-widget elementor-widget-image\" data-id=\"9d70045\" data-element_type=\"widget\" data-widget_type=\"image.default\">\n\t\t\t\t\t\t\t\t\t\t\t\t\t\t\t<img fetchpriority=\"high\" decoding=\"async\" width=\"500\" height=\"300\" src=\"https:\/\/elpoblenoudebenitatxell.com\/wp-content\/uploads\/2023\/03\/logo_ajuntament.png\" class=\"attachment-medium_large size-medium_large wp-image-14472\" alt=\"\" srcset=\"https:\/\/elpoblenoudebenitatxell.com\/wp-content\/uploads\/2023\/03\/logo_ajuntament.png 500w, https:\/\/elpoblenoudebenitatxell.com\/wp-content\/uploads\/2023\/03\/logo_ajuntament-300x180.png 300w\" sizes=\"(max-width: 500px) 100vw, 500px\" \/>\t\t\t\t\t\t\t\t\t\t\t\t\t\t\t<\/div>\n\t\t\t\t\t<\/div>\n\t\t<\/div>\n\t\t\t\t<div class=\"elementor-column elementor-col-50 elementor-top-column elementor-element elementor-element-031b8f4\" data-id=\"031b8f4\" data-element_type=\"column\">\n\t\t\t<div class=\"elementor-widget-wrap elementor-element-populated\">\n\t\t\t\t\t\t<div class=\"elementor-element elementor-element-3c19834 elementor-widget elementor-widget-text-editor\" data-id=\"3c19834\" data-element_type=\"widget\" data-widget_type=\"text-editor.default\">\n\t\t\t\t\t\t\t\t\t20 May 2022\t\t\t\t\t\t\t\t<\/div>\n\t\t\t\t<div class=\"elementor-element elementor-element-07b72e7 elementor-widget elementor-widget-heading\" data-id=\"07b72e7\" data-element_type=\"widget\" data-widget_type=\"heading.default\">\n\t\t\t\t\t<p class=\"elementor-heading-title elementor-size-default\">Llista provisional admesos borsa treball escola dadults<\/p>\t\t\t\t<\/div>\n\t\t\t\t<div class=\"elementor-element elementor-element-803b977 elementor-align-left jedv-enabled--yes elementor-widget elementor-widget-button\" data-id=\"803b977\" data-element_type=\"widget\" data-widget_type=\"button.default\">\n\t\t\t\t\t\t\t\t\t\t<a class=\"elementor-button elementor-button-link elementor-size-md\" href=\"http:\/\/4847\" target=\"_blank\">\n\t\t\t\t\t\t<span class=\"elementor-button-content-wrapper\">\n\t\t\t\t\t\t\t\t\t<span class=\"elementor-button-text\">Veure document<\/span>\n\t\t\t\t\t<\/span>\n\t\t\t\t\t<\/a>\n\t\t\t\t\t\t\t\t<\/div>\n\t\t\t\t\t<\/div>\n\t\t<\/div>\n\t\t\t\t\t<\/div>\n\t\t<\/section>\n\t\t\t\t<\/div>\n\t\t<\/div><\/div><\/div>\t\t\t\t<\/div>\n\t\t\t\t\t<\/div>\n\t\t<\/div>\n\t\t\t\t\t<\/div>\n\t\t<\/section>\n\t\t\t\t<section class=\"elementor-section elementor-top-section elementor-element elementor-element-67eb144 elementor-section-boxed elementor-section-height-default elementor-section-height-default\" data-id=\"67eb144\" data-element_type=\"section\">\n\t\t\t\t\t\t<div class=\"elementor-container elementor-column-gap-default\">\n\t\t\t\t\t<div class=\"elementor-column elementor-col-100 elementor-top-column elementor-element elementor-element-c74b5c9\" data-id=\"c74b5c9\" data-element_type=\"column\">\n\t\t\t<div class=\"elementor-widget-wrap elementor-element-populated\">\n\t\t\t\t\t\t<div class=\"elementor-element elementor-element-ca4dd21 elementor-widget elementor-widget-spacer\" data-id=\"ca4dd21\" data-element_type=\"widget\" data-widget_type=\"spacer.default\">\n\t\t\t\t\t\t\t<div class=\"elementor-spacer\">\n\t\t\t<div class=\"elementor-spacer-inner\"><\/div>\n\t\t<\/div>\n\t\t\t\t\t\t<\/div>\n\t\t\t\t\t<\/div>\n\t\t<\/div>\n\t\t\t\t\t<\/div>\n\t\t<\/section>\n\t\t\t\t<\/div>","protected":false},"excerpt":{"rendered":"<p>Selecciona una fecha Ver documento Ver documento Ver documento Ver documento Ver documento Ver documento<\/p>","protected":false},"author":14,"featured_media":0,"parent":4593,"menu_order":0,"comment_status":"closed","ping_status":"closed","template":"","meta":{"footnotes":""},"class_list":["post-4601","page","type-page","status-publish","hentry"],"_links":{"self":[{"href":"https:\/\/elpoblenoudebenitatxell.com\/va\/wp-json\/wp\/v2\/pages\/4601","targetHints":{"allow":["GET"]}}],"collection":[{"href":"https:\/\/elpoblenoudebenitatxell.com\/va\/wp-json\/wp\/v2\/pages"}],"about":[{"href":"https:\/\/elpoblenoudebenitatxell.com\/va\/wp-json\/wp\/v2\/types\/page"}],"author":[{"embeddable":true,"href":"https:\/\/elpoblenoudebenitatxell.com\/va\/wp-json\/wp\/v2\/users\/14"}],"replies":[{"embeddable":true,"href":"https:\/\/elpoblenoudebenitatxell.com\/va\/wp-json\/wp\/v2\/comments?post=4601"}],"version-history":[{"count":8,"href":"https:\/\/elpoblenoudebenitatxell.com\/va\/wp-json\/wp\/v2\/pages\/4601\/revisions"}],"predecessor-version":[{"id":34010,"href":"https:\/\/elpoblenoudebenitatxell.com\/va\/wp-json\/wp\/v2\/pages\/4601\/revisions\/34010"}],"up":[{"embeddable":true,"href":"https:\/\/elpoblenoudebenitatxell.com\/va\/wp-json\/wp\/v2\/pages\/4593"}],"wp:attachment":[{"href":"https:\/\/elpoblenoudebenitatxell.com\/va\/wp-json\/wp\/v2\/media?parent=4601"}],"curies":[{"name":"wp","href":"https:\/\/api.w.org\/{rel}","templated":true}]}}