{"id":4595,"date":"2023-05-31T10:29:24","date_gmt":"2023-05-31T08:29:24","guid":{"rendered":"https:\/\/ayuntamientobenitatxell.lookishtg.com\/?page_id=4595"},"modified":"2026-01-08T11:23:57","modified_gmt":"2026-01-08T10:23:57","slug":"el-alcalde","status":"publish","type":"page","link":"https:\/\/elpoblenoudebenitatxell.com\/va\/ayuntamiento\/el-alcalde\/","title":{"rendered":"L'alcalde"},"content":{"rendered":"<div data-elementor-type=\"wp-page\" data-elementor-id=\"4595\" class=\"elementor elementor-4595\" data-elementor-post-type=\"page\">\n\t\t\t\t<div class=\"elementor-element elementor-element-0ba5166 e-flex e-con-boxed e-con e-parent\" data-id=\"0ba5166\" data-element_type=\"container\">\n\t\t\t\t\t<div class=\"e-con-inner\">\n\t\t<div class=\"elementor-element elementor-element-4975c4a e-con-full e-flex e-con e-child\" data-id=\"4975c4a\" data-element_type=\"container\">\n\t\t\t\t<div class=\"elementor-element elementor-element-eb61de7 elementor-widget elementor-widget-heading\" data-id=\"eb61de7\" data-element_type=\"widget\" data-widget_type=\"heading.default\">\n\t\t\t\t\t<h1 class=\"elementor-heading-title elementor-size-default\">\u00c0rees - <span>L'alcalde<\/span><\/h1>\t\t\t\t<\/div>\n\t\t\t\t<\/div>\n\t\t\t\t\t<\/div>\n\t\t\t\t<\/div>\n\t\t<div class=\"elementor-element elementor-element-3ce2864 e-flex e-con-boxed e-con e-parent\" data-id=\"3ce2864\" data-element_type=\"container\">\n\t\t\t\t\t<div class=\"e-con-inner\">\n\t\t<div class=\"elementor-element elementor-element-0405d0b e-con-full e-flex e-con e-child\" data-id=\"0405d0b\" data-element_type=\"container\">\n\t\t\t\t<div class=\"elementor-element elementor-element-a16389e elementor-widget elementor-widget-text-editor\" data-id=\"a16389e\" data-element_type=\"widget\" data-widget_type=\"text-editor.default\">\n\t\t\t\t\t\t\t\t\t<p>Benvinguts a la p\u00e0gina web de l'Ajuntament del Poble Nou de Benitatxell.<\/p><p>M'agradaria que aquest espai no nom\u00e9s sigui un instrument d'informaci\u00f3 del dia a dia de l'activitat municipal, sin\u00f3 una via oberta i propera d'interacci\u00f3 amb el vostre ajuntament i amb els ciutadans que us representen. Vull que us sentiu abrigats per la instituci\u00f3 municipal, que veieu l'ajuntament com el que ha de ser: una instituci\u00f3 propera i accessible, transparent. Treballem per activar un portal de transpar\u00e8ncia perqu\u00e8 els ciutadans puguin consultar de manera m\u00e9s accessible i senzilla tota la informaci\u00f3 de car\u00e0cter p\u00fablic. Volem garantir que tots i totes estigueu al corrent dels passos que es donen en la gesti\u00f3 municipal. Volem que el consistori tingui les parets de vidre. Entenc la comunicaci\u00f3 com una corretja de transmissi\u00f3 imparcial i di\u00e0fana que us traslladi tota la feina que es fa a l'ajuntament. Teniu la possibilitat de contactar amb mi quan vulgueu. Les portes del meu despatx estaran sempre obertes a qualsevol ve\u00ed o ve\u00efna, tamb\u00e9 us podeu posar en contacte amb mi a trav\u00e9s d'aquesta web o des de la nostra p\u00e0gina de facebook. Escoltar\u00e9 tots els vostres suggeriments, propostes, aix\u00ed com les cr\u00edtiques. Per mi \u00e9s un immens plaer servir i treballar per al Poble Nou de Benitatxell, el poble on vaig n\u00e9ixer i vaig cr\u00e9ixer i que estimo profundament. Per\u00f2 tamb\u00e9 necessito les vostres idees, suggeriments i reivindicacions perqu\u00e8 els projectes sorgeixin de la participaci\u00f3 ciutadana, del consens de tots i totes els que residim en aquest lloc \u00fanic i aut\u00e8ntic.<\/p>\t\t\t\t\t\t\t\t<\/div>\n\t\t\t\t<\/div>\n\t\t<div class=\"elementor-element elementor-element-ffea912 e-con-full e-flex e-con e-child\" data-id=\"ffea912\" data-element_type=\"container\">\n\t\t\t\t<div class=\"elementor-element elementor-element-6d077f6 elementor-widget elementor-widget-image\" data-id=\"6d077f6\" data-element_type=\"widget\" data-widget_type=\"image.default\">\n\t\t\t\t\t\t\t\t\t\t\t\t\t\t\t<img fetchpriority=\"high\" decoding=\"async\" width=\"800\" height=\"616\" src=\"https:\/\/elpoblenoudebenitatxell.com\/wp-content\/uploads\/2025\/11\/foto_alcalde-benitatxell-01-1024x788.jpg\" class=\"attachment-large size-large wp-image-33910\" alt=\"\" srcset=\"https:\/\/elpoblenoudebenitatxell.com\/wp-content\/uploads\/2025\/11\/foto_alcalde-benitatxell-01-1024x788.jpg 1024w, https:\/\/elpoblenoudebenitatxell.com\/wp-content\/uploads\/2025\/11\/foto_alcalde-benitatxell-01-300x231.jpg 300w, https:\/\/elpoblenoudebenitatxell.com\/wp-content\/uploads\/2025\/11\/foto_alcalde-benitatxell-01-768x591.jpg 768w, https:\/\/elpoblenoudebenitatxell.com\/wp-content\/uploads\/2025\/11\/foto_alcalde-benitatxell-01-16x12.jpg 16w, https:\/\/elpoblenoudebenitatxell.com\/wp-content\/uploads\/2025\/11\/foto_alcalde-benitatxell-01.jpg 1500w\" sizes=\"(max-width: 800px) 100vw, 800px\" \/>\t\t\t\t\t\t\t\t\t\t\t\t\t\t\t<\/div>\n\t\t\t\t<div class=\"elementor-element elementor-element-fef18c8 elementor-widget elementor-widget-text-editor\" data-id=\"fef18c8\" data-element_type=\"widget\" data-widget_type=\"text-editor.default\">\n\t\t\t\t\t\t\t\t\t<p><strong>Miguel \u00c1ngel Garc\u00eda<\/strong><\/p><p><strong>Alcalde del M.I. Ajuntament del Poble Nou de Benitatxell<\/strong><\/p>\t\t\t\t\t\t\t\t<\/div>\n\t\t\t\t<\/div>\n\t\t\t\t\t<\/div>\n\t\t\t\t<\/div>\n\t\t<div class=\"elementor-element elementor-element-b2f38ab elementor-hidden-desktop elementor-hidden-tablet elementor-hidden-mobile e-flex e-con-boxed e-con e-parent\" data-id=\"b2f38ab\" data-element_type=\"container\">\n\t\t\t\t\t<div class=\"e-con-inner\">\n\t\t<div class=\"elementor-element elementor-element-2cc2a4d e-con-full e-flex e-con e-child\" data-id=\"2cc2a4d\" data-element_type=\"container\">\n\t\t\t\t<div class=\"elementor-element elementor-element-dd6fe88 elementor-widget elementor-widget-heading\" data-id=\"dd6fe88\" data-element_type=\"widget\" data-widget_type=\"heading.default\">\n\t\t\t\t\t<h4 class=\"elementor-heading-title elementor-size-default\">Calendari<\/h4>\t\t\t\t<\/div>\n\t\t\t\t<div class=\"elementor-element elementor-element-415f93d elementor-widget elementor-widget-html\" data-id=\"415f93d\" data-element_type=\"widget\" data-widget_type=\"html.default\">\n\t\t\t\t\t<iframe src=\"https:\/\/calendar.google.com\/calendar\/embed?showTitle=0&amp;showNav=0&amp;showPrint=0&amp;showTabs=0&amp;showCalendars=0&amp;showTz=0&amp;height=600&amp;wkst=2&amp;hl=es&amp;bgcolor=%23FFFFFF&amp;src=ajuntamentbenitatxell%40gmail.com&amp;color=%23ff2968&amp;ctz=Europe%2FMadrid\" width=\"800\" height=\"600\" frameborder=\"0\" scrolling=\"no\" data-mce-fragment=\"1\"><\/iframe>\t\t\t\t<\/div>\n\t\t\t\t<\/div>\n\t\t\t\t\t<\/div>\n\t\t\t\t<\/div>\n\t\t\t\t<\/div>","protected":false},"excerpt":{"rendered":"<p>Bienvenidos a la p\u00e1gina web del Ayuntamiento del Poble Nou de Benitatxell. Me gustar\u00eda que este espacio no sea solo un instrumento de informaci\u00f3n del d\u00eda a d\u00eda de la actividad municipal, sino una v\u00eda abierta y cercana de interacci\u00f3n con vuestro ayuntamiento y con los ciudadanos que os representan. Quiero que os sint\u00e1is arropados [&hellip;]<\/p>","protected":false},"author":14,"featured_media":0,"parent":4593,"menu_order":0,"comment_status":"closed","ping_status":"closed","template":"","meta":{"footnotes":""},"class_list":["post-4595","page","type-page","status-publish","hentry"],"_links":{"self":[{"href":"https:\/\/elpoblenoudebenitatxell.com\/va\/wp-json\/wp\/v2\/pages\/4595","targetHints":{"allow":["GET"]}}],"collection":[{"href":"https:\/\/elpoblenoudebenitatxell.com\/va\/wp-json\/wp\/v2\/pages"}],"about":[{"href":"https:\/\/elpoblenoudebenitatxell.com\/va\/wp-json\/wp\/v2\/types\/page"}],"author":[{"embeddable":true,"href":"https:\/\/elpoblenoudebenitatxell.com\/va\/wp-json\/wp\/v2\/users\/14"}],"replies":[{"embeddable":true,"href":"https:\/\/elpoblenoudebenitatxell.com\/va\/wp-json\/wp\/v2\/comments?post=4595"}],"version-history":[{"count":14,"href":"https:\/\/elpoblenoudebenitatxell.com\/va\/wp-json\/wp\/v2\/pages\/4595\/revisions"}],"predecessor-version":[{"id":35507,"href":"https:\/\/elpoblenoudebenitatxell.com\/va\/wp-json\/wp\/v2\/pages\/4595\/revisions\/35507"}],"up":[{"embeddable":true,"href":"https:\/\/elpoblenoudebenitatxell.com\/va\/wp-json\/wp\/v2\/pages\/4593"}],"wp:attachment":[{"href":"https:\/\/elpoblenoudebenitatxell.com\/va\/wp-json\/wp\/v2\/media?parent=4595"}],"curies":[{"name":"wp","href":"https:\/\/api.w.org\/{rel}","templated":true}]}}