{"id":36180,"date":"2026-02-23T14:51:54","date_gmt":"2026-02-23T13:51:54","guid":{"rendered":"https:\/\/elpoblenoudebenitatxell.com\/?page_id=36180"},"modified":"2026-02-23T16:11:53","modified_gmt":"2026-02-23T15:11:53","slug":"aviso-legal-cala-moraig","status":"publish","type":"page","link":"https:\/\/elpoblenoudebenitatxell.com\/va\/aviso-legal-cala-moraig\/","title":{"rendered":"Aviso Legal Cala Moraig"},"content":{"rendered":"<h2 style=\"text-align: center;\"><strong>AVISO LEGAL<\/strong><\/h2>\n<p style=\"text-align: left;\">En cumplimiento del art. 10 de Ley 34\/2002, de 11 de julio, de servicios de la sociedad de la informaci\u00f3n y de comercio electr\u00f3nico, le informamos que el responsable de este sitio web es:<\/p>\n<p style=\"text-align: left;\"><strong>IDENTIDAD<\/strong>: AJUNTAMENT DEL POBLE NOU DE BENITATXELL<br \/>\n<strong>C.I.F \/ N.I.F.<\/strong>: P0304200I<br \/>\n<strong>DOMICILIO<\/strong>: C\/ MAJOR, 5, 03726 EL POBLE NOU DE BENITATXELL (ALICANTE)<br \/>\n<strong>TEL\u00c9FONO<\/strong>: 966493369<br \/>\n<strong>E-MAIL<\/strong>: protecciondatos@elpoblenoudebenitatxell.com<\/p>\n<p>&nbsp;<\/p>\n<p>&nbsp;<\/p>\n<h3 style=\"text-align: center;\"><strong>CONDICIONES GENERALES DE USO DE<\/strong><\/h3>\n<h3 style=\"text-align: center;\"><strong>https:\/\/calamoraig.es<\/strong><\/h3>\n<p><strong>1. IDENTIFICACI\u00d3N.<\/strong><br \/>\nLas presentes condiciones generales de uso (en adelante CGU), regulan el acceso y el uso de la Web bajo el dominio https:\/\/calamoraig.es\/ (en adelante Web), titularidad de \u201cAJUNTAMENT DEL POBLE NOU DE BENITATXELL\u201d, en adelante PARQUIN CALA MORAIG, y provisto de CIF n\u00fam. P0304200I con domicilio en C\/ MAJOR, 5, 03726 EL POBLE NOU DE BENITATXELL (ALICANTE), inscrito en el Registro Mercantil , tel\u00e9fono n\u00fam. 966493369 y email info@elpoblenoudebenitatxell.com dem\u00e1s datos identificativos constan en el Aviso Legal, puesto a disposici\u00f3n de la Persona Usuaria que navega o interact\u00faa a trav\u00e9s de la Web.<\/p>\n<p>Ante cualquier duda o consulta relacionada con la utilizaci\u00f3n y acceso en la Web o alguna cl\u00e1usula de las presentes Condiciones Generales de Uso, puede contactar con nosotros a trav\u00e9s de los datos de contacto.<\/p>\n<p><strong>2. OBJETO.<\/strong><br \/>\nLas presentes Condiciones Generales de Uso (en adelante, \u201cCGU\u201d) regulan el acceso, navegaci\u00f3n y utilizaci\u00f3n de la Web accesible a trav\u00e9s del dominio https:\/\/calamoraig.es\/, as\u00ed como las<br \/>\nresponsabilidades derivadas de la utilizaci\u00f3n de sus contenidos, entendiendo por \u00e9stos los textos, gr\u00e1ficos, dibujos, dise\u00f1os, c\u00f3digos, software, fotograf\u00edas, m\u00fasica, v\u00eddeos, sonidos, bases de datos, im\u00e1genes, expresiones e informaciones, as\u00ed como cualquier otra creaci\u00f3n protegida por las leyes nacionales y los tratados internacionales sobre propiedad intelectual e industrial.<\/p>\n<p>La Web tiene como finalidad principal ofrecer informaci\u00f3n corporativa de <strong>PARQUIN CALA MORAIG<\/strong>, as\u00ed como facilitar la contrataci\u00f3n y compra online de sus servicios.<\/p>\n<p>El acceso a la Web por parte de la Persona Usuaria es de car\u00e1cter libre y gratuito, sin perjuicio de que la utilizaci\u00f3n de determinados servicios pueda requerir el previo registro o la contrataci\u00f3n de servicios espec\u00edficos, que estar\u00e1n sujetos a sus propias condiciones de contrataci\u00f3n. La utilizaci\u00f3n de la Web atribuye la condici\u00f3n de Persona Usuaria e implica la aceptaci\u00f3n plena y sin<br \/>\nreservas de todas y cada una de las disposiciones incluidas en las presentes CGU en la versi\u00f3n publicada en el momento del acceso. Por lo que si no est\u00e1 de acuerdo con cualquiera de las cl\u00e1usulas aqu\u00ed establecidas deber\u00e1 abstenerse de usar este Web.<\/p>\n<p><strong>PARQUIN CALA MORAIG<\/strong> se reserva el derecho de modificar, sin previo aviso y en cualquier momento las CGU. Asimismo, <strong>PARQUIN CALA MORAIG<\/strong> se reserva el derecho de suspender, interrumpir o dejar de operar la Web en cualquier momento. En consecuencia, la Persona Usuaria debe leer con atenci\u00f3n las CGU cada vez que se proponga utilizar la Web.<\/p>\n<p>Por \u201c<strong>utilizaci\u00f3n de la Web<\/strong>\u201d, se entiende a toda Persona Usuaria que acceda y navegue por la Web con independencia de que cumplimente formularios contacto, registro, alta como persona usuaria, suscripci\u00f3n, incidentes, realice comentarios, entre las funciones que se pueden desarrollar en la Web.<\/p>\n<p>&nbsp;<\/p>\n<p><strong>3. CONDICIONES DE ACCESO Y USO DE LA WEB Y DEL CONTENIDO.<\/strong><br \/>\nEl acceso al Web y al Contenido incluido en la misma no implica ning\u00fan tipo de garant\u00eda respecto a la idoneidad de la Web y al Contenido incluido en la misma para fines particulares o espec\u00edficos de la Persona Usuaria.<\/p>\n<p>PARQUIN CALA MORAIG podr\u00e1 establecer limitaciones y\/o condiciones adicionales para el uso y acceso al Web y al Contenido, las cuales deber\u00e1n ser observadas por la Persona Usuaria en todo caso.<\/p>\n<p>&nbsp;<\/p>\n<p>En progreso de elaboraci\u00f3n y publicaci\u00f3n..<\/p>","protected":false},"excerpt":{"rendered":"<p>AVISO LEGAL En cumplimiento del art. 10 de Ley 34\/2002, de 11 de julio, de servicios de la sociedad de la informaci\u00f3n y de comercio electr\u00f3nico, le informamos que el responsable de este sitio web es: IDENTIDAD: AJUNTAMENT DEL POBLE NOU DE BENITATXELL C.I.F \/ N.I.F.: P0304200I DOMICILIO: C\/ MAJOR, 5, 03726 EL POBLE NOU [&hellip;]<\/p>","protected":false},"author":4,"featured_media":0,"parent":0,"menu_order":0,"comment_status":"closed","ping_status":"closed","template":"","meta":{"footnotes":""},"class_list":["post-36180","page","type-page","status-publish","hentry"],"_links":{"self":[{"href":"https:\/\/elpoblenoudebenitatxell.com\/va\/wp-json\/wp\/v2\/pages\/36180","targetHints":{"allow":["GET"]}}],"collection":[{"href":"https:\/\/elpoblenoudebenitatxell.com\/va\/wp-json\/wp\/v2\/pages"}],"about":[{"href":"https:\/\/elpoblenoudebenitatxell.com\/va\/wp-json\/wp\/v2\/types\/page"}],"author":[{"embeddable":true,"href":"https:\/\/elpoblenoudebenitatxell.com\/va\/wp-json\/wp\/v2\/users\/4"}],"replies":[{"embeddable":true,"href":"https:\/\/elpoblenoudebenitatxell.com\/va\/wp-json\/wp\/v2\/comments?post=36180"}],"version-history":[{"count":9,"href":"https:\/\/elpoblenoudebenitatxell.com\/va\/wp-json\/wp\/v2\/pages\/36180\/revisions"}],"predecessor-version":[{"id":36204,"href":"https:\/\/elpoblenoudebenitatxell.com\/va\/wp-json\/wp\/v2\/pages\/36180\/revisions\/36204"}],"wp:attachment":[{"href":"https:\/\/elpoblenoudebenitatxell.com\/va\/wp-json\/wp\/v2\/media?parent=36180"}],"curies":[{"name":"wp","href":"https:\/\/api.w.org\/{rel}","templated":true}]}}