{"id":24342,"date":"2024-07-16T14:49:38","date_gmt":"2024-07-16T12:49:38","guid":{"rendered":"https:\/\/www.poblenou.tuacte.com\/?page_id=24342"},"modified":"2026-04-01T13:42:51","modified_gmt":"2026-04-01T12:42:51","slug":"informacio-cala-moraig","status":"publish","type":"page","link":"https:\/\/elpoblenoudebenitatxell.com\/va\/informacio-cala-moraig\/","title":{"rendered":"Informaci\u00f3 Cala Moraig"},"content":{"rendered":"<div data-elementor-type=\"wp-page\" data-elementor-id=\"24342\" class=\"elementor elementor-24342\" data-elementor-post-type=\"page\">\n\t\t\t\t\t\t<section class=\"elementor-section elementor-top-section elementor-element elementor-element-52b0b31 elementor-section-boxed elementor-section-height-default elementor-section-height-default\" data-id=\"52b0b31\" data-element_type=\"section\">\n\t\t\t\t\t\t<div class=\"elementor-container elementor-column-gap-default\">\n\t\t\t\t\t<div class=\"elementor-column elementor-col-100 elementor-top-column elementor-element elementor-element-a001748\" data-id=\"a001748\" data-element_type=\"column\">\n\t\t\t<div class=\"elementor-widget-wrap elementor-element-populated\">\n\t\t\t\t\t\t<div class=\"elementor-element elementor-element-9654935 elementor-widget elementor-widget-spacer\" data-id=\"9654935\" data-element_type=\"widget\" data-widget_type=\"spacer.default\">\n\t\t\t\t\t\t\t<div class=\"elementor-spacer\">\n\t\t\t<div class=\"elementor-spacer-inner\"><\/div>\n\t\t<\/div>\n\t\t\t\t\t\t<\/div>\n\t\t\t\t\t<\/div>\n\t\t<\/div>\n\t\t\t\t\t<\/div>\n\t\t<\/section>\n\t\t\t\t<section class=\"elementor-section elementor-top-section elementor-element elementor-element-207d454 elementor-section-boxed elementor-section-height-default elementor-section-height-default\" data-id=\"207d454\" data-element_type=\"section\">\n\t\t\t\t\t\t<div class=\"elementor-container elementor-column-gap-default\">\n\t\t\t\t\t<div class=\"elementor-column elementor-col-100 elementor-top-column elementor-element elementor-element-041159c\" data-id=\"041159c\" data-element_type=\"column\">\n\t\t\t<div class=\"elementor-widget-wrap elementor-element-populated\">\n\t\t\t\t\t\t<div class=\"elementor-element elementor-element-d2267e7 elementor-widget elementor-widget-heading\" data-id=\"d2267e7\" data-element_type=\"widget\" data-widget_type=\"heading.default\">\n\t\t\t\t\t<h2 class=\"elementor-heading-title elementor-size-default\">Toda la informaci\u00f3n sobre el Parking de la Cala Moraig<\/h2>\t\t\t\t<\/div>\n\t\t\t\t\t<\/div>\n\t\t<\/div>\n\t\t\t\t\t<\/div>\n\t\t<\/section>\n\t\t\t\t<section class=\"elementor-section elementor-top-section elementor-element elementor-element-c1b5d95 elementor-section-boxed elementor-section-height-default elementor-section-height-default\" data-id=\"c1b5d95\" data-element_type=\"section\">\n\t\t\t\t\t\t<div class=\"elementor-container elementor-column-gap-default\">\n\t\t\t\t\t<div class=\"elementor-column elementor-col-50 elementor-top-column elementor-element elementor-element-215afe0\" data-id=\"215afe0\" data-element_type=\"column\">\n\t\t\t<div class=\"elementor-widget-wrap elementor-element-populated\">\n\t\t\t\t\t\t<div class=\"elementor-element elementor-element-5315823 elementor-widget elementor-widget-text-editor\" data-id=\"5315823\" data-element_type=\"widget\" data-widget_type=\"text-editor.default\">\n\t\t\t\t\t\t\t\t\t<p>En la presente p\u00e1gina se detalla toda la informaci\u00f3n actualizada sobre las consultas m\u00e1s frecuentes referentes al acceso de la Cala Moraig.<br \/>L\u00b4Ajuntament del Poble Nou de Benitatxell vol protegir la cala del Moraig i tot l\u00b4entorn natural del LIC Penya-segats de la Marina, on l\u00b4augment considerable de visitants ha posat en perill l\u00b4equilibri de l\u00b4entorn. Per pal\u00b7liar el descontrol i la massificaci\u00f3 de vehicles dels darrers anys, la soluci\u00f3 que proposa el consistori \u00e9s un nou sistema de control de vehicles que eviti la sobrec\u00e0rrega i la degradaci\u00f3 de l'entorn i alhora fomenti l'estalvi energ\u00e8tic i la reducci\u00f3 d'emissions de gasos amb efecte d'hivernacle.<br \/>Este nuevo sistema de control de veh\u00edculos est\u00e1 operativo del <strong>1 de abril al 15 de octubre<\/strong> en el acceso al parking de la cala del Moraig, Testos y la ruta de los Acantilados. El aparcamiento es de pago para los visitantes y usuarios de las playas, pero los vecinos y vecinas que cumplen los requisitos contemplados en la Ordenanza Municipal de El Poble Nou de Benitatxell est\u00e1n exentos y pueden acceder gratuitamente.<\/p>\t\t\t\t\t\t\t\t<\/div>\n\t\t\t\t\t<\/div>\n\t\t<\/div>\n\t\t\t\t<div class=\"elementor-column elementor-col-50 elementor-top-column elementor-element elementor-element-7205741\" data-id=\"7205741\" data-element_type=\"column\">\n\t\t\t<div class=\"elementor-widget-wrap elementor-element-populated\">\n\t\t\t\t\t\t<div class=\"elementor-element elementor-element-6716de6 elementor-widget elementor-widget-image\" data-id=\"6716de6\" data-element_type=\"widget\" data-widget_type=\"image.default\">\n\t\t\t\t\t\t\t\t\t\t\t\t\t\t\t<img fetchpriority=\"high\" decoding=\"async\" width=\"800\" height=\"600\" src=\"https:\/\/elpoblenoudebenitatxell.com\/wp-content\/uploads\/2024\/06\/cala02-1024x768.png\" class=\"attachment-large size-large wp-image-23844\" alt=\"\" srcset=\"https:\/\/elpoblenoudebenitatxell.com\/wp-content\/uploads\/2024\/06\/cala02-1024x768.png 1024w, https:\/\/elpoblenoudebenitatxell.com\/wp-content\/uploads\/2024\/06\/cala02-300x225.png 300w, https:\/\/elpoblenoudebenitatxell.com\/wp-content\/uploads\/2024\/06\/cala02-768x576.png 768w, https:\/\/elpoblenoudebenitatxell.com\/wp-content\/uploads\/2024\/06\/cala02-1536x1152.png 1536w, https:\/\/elpoblenoudebenitatxell.com\/wp-content\/uploads\/2024\/06\/cala02-2048x1536.png 2048w, https:\/\/elpoblenoudebenitatxell.com\/wp-content\/uploads\/2024\/06\/cala02.png 1250w\" sizes=\"(max-width: 800px) 100vw, 800px\" \/>\t\t\t\t\t\t\t\t\t\t\t\t\t\t\t<\/div>\n\t\t\t\t\t<\/div>\n\t\t<\/div>\n\t\t\t\t\t<\/div>\n\t\t<\/section>\n\t\t\t\t<section class=\"elementor-section elementor-top-section elementor-element elementor-element-0bf1b60 elementor-section-boxed elementor-section-height-default elementor-section-height-default\" data-id=\"0bf1b60\" data-element_type=\"section\">\n\t\t\t\t\t\t<div class=\"elementor-container elementor-column-gap-default\">\n\t\t\t\t\t<div class=\"elementor-column elementor-col-100 elementor-top-column elementor-element elementor-element-04cd435\" data-id=\"04cd435\" data-element_type=\"column\">\n\t\t\t<div class=\"elementor-widget-wrap elementor-element-populated\">\n\t\t\t\t\t\t<div class=\"elementor-element elementor-element-17cb2e8 elementor-widget elementor-widget-text-editor\" data-id=\"17cb2e8\" data-element_type=\"widget\" data-widget_type=\"text-editor.default\">\n\t\t\t\t\t\t\t\t\t<p>C\u00d3MO<strong style=\"color: var( --e-global-color-text ); font-family: var( --e-global-typography-text-font-family ), Sans-serif; font-size: 1rem;\"> FUNCIONA EL SISTEMA<\/strong><br>Cualquier veh\u00edculo que acceda por un tiempo superior a 20 minutos a la zona, <strong>deber\u00e1 disponer de autorizaci\u00f3n para el d\u00eda en cuesti\u00f3n<\/strong>. Esto implica que, por un lado, los veh\u00edculos de residentes deber\u00e1n obtener dicha autorizaci\u00f3n que en su caso no conlleva coste, y por otro, los veh\u00edculos de no residentes deber\u00e1n obtener la correspondiente autorizaci\u00f3n a trav\u00e9s del pago de la tasa de estacionamiento. El procedimiento de autorizaci\u00f3n y pago se podr\u00e1 hacer a trav\u00e9s de:<\/p>\n<ul>\n<li>Web: <a href=\"http:\/\/www.calamoraig.es\" target=\"_blank\" rel=\"noopener\">calamoraig.es<\/a><\/li>\n<li>Quiosco f\u00edsico en el acceso a la cala del Moraig<\/li>\n<\/ul>\n<div>&nbsp;<\/div>\n<p><strong>Proceso de autorizaci\u00f3n para residentes<\/strong><br>En el caso de las personas empadronadas en El Poble Nou de Benitatxell y cuyo veh\u00edculo pague el Impuesto sobre Veh\u00edculos de Tracci\u00f3n Mec\u00e1nica (IVTM) en nuestro municipio, el procedimiento de autorizaci\u00f3n para estacionar estar\u00e1 exento del pago de la tasa. Su veh\u00edculo ya estar\u00e1 registrado en el sistema (siempre que la fecha de alta en el censo municipal del veh\u00edculo sea anterior al 1 de enero del a\u00f1o en curso), en cuyo caso constar\u00e1 en la base de datos y, a la hora de realizar la autorizaci\u00f3n, el coste ser\u00e1 cero.<br>A pesar de tener coste cero para residentes, ser\u00e1 obligado realizar el tr\u00e1mite para autorizar el estacionamiento del veh\u00edculo. Para comprobar que su matr\u00edcula cumple los requisitos de coste cero, puede introducirla en la web.&nbsp; Es importante finalizar el proceso de compra (aunque el coste sea de 0\u20ac) como cualquier otro usuario.<\/p>\n<p>Si su veh\u00edculo no aparece a coste cero y cumple los requisitos indicados, puede ponerse en contacto con nosotros a trav\u00e9s de la web de <a href=\"https:\/\/incidencias.calamoraig.es\" target=\"_blank\" rel=\"noopener\">incidencias.calamoraig.es<\/a><\/p><p><br>Existen un total de 15 plazas marcadas con se\u00f1alizaci\u00f3n vertical y pintadas de verde que son de uso exclusivo para residentes.<\/p>\n<p><strong>Proceso de autorizaci\u00f3n para no residentes<\/strong><br>Las personas no residentes deber\u00e1n abonar una tasa por estacionar en la zona de parking de la cala. El sistema dispone de una tarifa \u00fanica de 15\u20ac por veh\u00edculo para todo el d\u00eda, independientemente del tiempo que se pretenda estar en la zona restringida. Cabe recordar que todos los veh\u00edculos dispondr\u00e1n de 20 minutos autorizados de car\u00e1cter gratuito para realizar dicho itinerario o permitir la carga y descarga (personas o enseres) en aquellos lugares establecidos al efecto, y en cualquier caso sin obstaculizar el tr\u00e1fico. Por tanto, si su veh\u00edculo permanece dentro de la zona acotada m\u00e1s de 20 minutos, deber\u00e1 realizar el proceso de pago de la tasa o podr\u00e1 ser sancionado.<\/p>\n<p><strong>Proceso de autorizaci\u00f3n para personas con movilidad reducida<\/strong><br>Existen un total de 5 plazas reservadas para personas con diversidad funcional. Podr\u00e1n solicitar su autorizaci\u00f3n de forma totalmente gratuita siguiendo unos sencillos pasos. Deber\u00e1n especificar el d\u00eda que van a hacer uso de las plazas reservadas para tal fin y deber\u00e1n entregar la siguiente documentaci\u00f3n:<\/p>\n<ul>\n<li>Tarjeta azul<\/li>\n<li>Titular del veh\u00edculo<\/li>\n<li>DNI de la persona con diversidad funcional<\/li>\n<\/ul>\n<div>&nbsp;<\/div>\n<p>*Dispondr\u00e1n de 4 d\u00edas para hacer entrega de la documentaci\u00f3n solicitada mediante instancia general en la sede electr\u00f3nica del Ayuntamiento, a trav\u00e9s del correo pmr@calamoraig.es o f\u00edsicamente en la Oficia de Atenci\u00f3n a la Ciudadan\u00eda (C\/ de les Escoles, 2). Nuestro personal le enviar\u00e1 por escrito la autorizaci\u00f3n si cumple con los requisitos.<\/p>\n<p>Tal y como se establece en las <a href=\"https:\/\/calamoraig.es\/Tienda\/CondicionesCompra\" target=\"_blank\" rel=\"noopener\">condiciones de compra<\/a>, <strong>NO se realizan devoluciones en ning\u00fan caso<\/strong>. Tampoco si la playa tiene bandera roja. No obstante, se puede consultar el estado del mar antes de llegar a la playa a trav\u00e9s de la siguiente p\u00e1gina: <a href=\"https:\/\/info.safebeach.es\/get!8618bf455f149ef5ebb9a0bbacf7f7d6\" target=\"_blank\" rel=\"noopener\">pulsando aqu\u00ed.<\/a><\/p>\n<p><strong>PREGUNTAS FRECUENTES<\/strong><br><strong>1.- \u00bfCu\u00e1l es el horario y periodo de pago?<\/strong><br>Del 1 de abril al 15 de octubre, de 9:00h a 19:00h. Independientemente del tiempo que est\u00e9 el coche estacionado.<\/p>\n<p><strong>2.- \u00bfHe de hacer el proceso de autorizaci\u00f3n si voy al chiringuito ubicado en la explanada de la playa?<\/strong><br>S\u00ed. Si accede en horario de pago deber\u00e1 realizar el proceso de autorizaci\u00f3n como cualquier otro usuario. Indistintamente de si va a ir al chiringuito, a hacer la ruta o a la playa. Sea o no residente, <strong>siempre debe realizar el proceso de autorizaci\u00f3n<\/strong> a trav\u00e9s de la aplicaci\u00f3n, web o parqu\u00edmetro.<\/p>\n<p><strong>4.- \u00bfD\u00f3nde puedo realizar el pago y de que m\u00e9todos dispongo?<\/strong><br>Est\u00e1 a la disposici\u00f3n de todas las personas usuarias la web www.calamoraig.es o tambi\u00e9n el pago en el mismo parqu\u00edmetro ubicado en la zona de aparcamiento con tarjeta de cr\u00e9dito o d\u00e9bito. Recomendando este \u00faltimo, como m\u00e9todo adecuado.<\/p>\n<p>Puede darse el caso que en la web aparezca como \u00abcompleto\u00bb pero a\u00fan exista la posibilidad de realizar el pago para obtener la autorizaci\u00f3n a trav\u00e9s del parqu\u00edmetro y siempre y cu\u00e1ndo, exista sitio para estacionar en la zona. Por tanto, primero estacione su veh\u00edculo y luego realice el pago.<\/p>\n<p><strong>5.- \u00bfEs necesario poner el ticket o comprobante de la autorizaci\u00f3n en el parabrisas del coche?<\/strong><br>No, no es necesario. El sistema es totalmente autom\u00e1tico, pero es conveniente que puedas guardar el ticket o hacerle una foto para guardar los datos que aparecen en \u00e9l. Se pueden consultar las condiciones de compra en el siguiente enlace: <a href=\"https:\/\/calamoraig.es\/Tienda\/CondicionesCompra\" target=\"_blank\" rel=\"noopener\">https:\/\/calamoraig.es\/Tienda\/CondicionesCompra<\/a><\/p>\n<p><strong>6.- \u00bfSe puede cancelar o modificar una solicitud de autorizaci\u00f3n?<\/strong><br>No, tal y como se indica en el apartado \u2018Condiciones de compra\u2019. No existe posibilidad de modificaci\u00f3n o cancelaci\u00f3n de ninguna matr\u00edcula autorizada. Aseg\u00farese antes de confirmar el pago que todos los datos son correctos.<\/p>\n<p><strong>7.- \u00bfDebo realizar siempre el proceso de autorizaci\u00f3n?<\/strong><br>Cualquier veh\u00edculo que acceda por un tiempo superior a 20 minutos a la zona, deber\u00e1 disponer de autorizaci\u00f3n para el d\u00eda en cuesti\u00f3n. Esto implica que tanto los veh\u00edculos de residentes como de no residentes, deber\u00e1n obtenerla. La autorizaci\u00f3n la podr\u00e1n conseguir a trav\u00e9s de la Web, APP o en el propio parqu\u00edmetro ubicado en la explanada de parking de la cala del Moraig.<\/p>\n<p><strong>8.- \u00bfCu\u00e1nto tiempo podr\u00e1 permanecer gratuitamente un veh\u00edculo en la zona restringida?<\/strong><br>Cada veh\u00edculo dispondr\u00e1 de 20 minutos para realizar el tramo de la cala del Moraig sin necesidad del pago de la tasa o de ser un veh\u00edculo autorizado.<\/p>\n<p><strong>9.- \u00bfPuedo realizar una parada en la zona para descargar personas?<\/strong><br>Si. Podr\u00e1 hacerlo siempre y cuando no obstaculice la circulaci\u00f3n tanto de veh\u00edculos como de peatones. Recuerde que solo tendr\u00e1 20 minutos autorizados para permanecer dentro de la zona restringida.<\/p>\n<p><strong>10.- \u00bfQu\u00e9 pasa con las motos?<\/strong><br>Los ciclomotores, ciclos y motocicletas estar\u00e1n exentas de pago y de realizar ning\u00fan tipo de solicitud de autorizaci\u00f3n. No obstante, tendr\u00e1n la obligaci\u00f3n de estacionar \u00fanicamente en la zona habilitada para tal efecto, no pudiendo estacionar en ninguna otra zona.<\/p>\n<p><strong>11.- \u00bfQu\u00e9 pasa si soy residente y las 15 plazas para residentes est\u00e1n ocupadas?<\/strong><br>No hay problema, podr\u00e1 hacer uso de las dem\u00e1s plazas para NO RESIDENTES. Recuerde que deber\u00e1 realizar el proceso de autorizaci\u00f3n correspondiente para el d\u00eda en cuesti\u00f3n.<\/p>\n<p><strong>12.- \u00bfLas plazas de parking est\u00e1n designadas o numeradas?<\/strong><br>No. Una vez realizado el pago o proceso de autorizaci\u00f3n se podr\u00e1 estacionar en cualquier plaza libre, salvo las destinadas espec\u00edficamente a otros usuarios como residentes, motocicletas, carga y descarga, etc.<\/p>\n<p><strong>13.- \u00bfQu\u00e9 ocurre si el parqu\u00edmetro no imprime el ticket?<\/strong><br>En ese supuesto es recomendable anotar la hora a la que se ha realizado el pago y la matr\u00edcula del veh\u00edculo que ha introducido. Si lo desea, nos puede enviar la incidencia por la web de incidencias <a href=\"https:\/\/incidencias.calamoraig.es\" target=\"_blank\" rel=\"noopener\">incidencias.calamoraig.es<\/a> con la informaci\u00f3n de hora de pago y la matr\u00edcula para que lo tengamos en cuenta.<\/p>\n<p><strong>14.- \u00bfQu\u00e9 ocurre si la web o la App indican que no hay disponibilidad de plazas para una fecha concreta? \u00bfPuedo ir sin autorizaci\u00f3n previa?<\/strong><br>En la web y la App se publican un cupo determinado de plazas disponibles, pero siempre se reservan algunas plazas extra para los usuarios que acudan presencialmente y realicen el tr\u00e1mite a trav\u00e9s del parqu\u00edmetro situado en el acceso a la playa. Por tanto, se puede acudir sin autorizaci\u00f3n previa y comprobar la disponibilidad de plazas en el parqu\u00edmetro ese mismo d\u00eda.<\/p>\n<p><strong>15.- \u00bfQu\u00e9 ocurre si desconozco la matr\u00edcula del veh\u00edculo con el que ir\u00e9 a la cala del Moraig?<\/strong><br>Solo se puede realizar el proceso de autorizaci\u00f3n con antelaci\u00f3n si conoce la matr\u00edcula. Si no la conoce, debe esperar a realizar el proceso en el parqu\u00edmetro, el mismo d\u00eda en el que se haga uso.<\/p>\n<p><strong>16.- \u00bfQu\u00e9 ocurre con los veh\u00edculos mal estacionados (en las zonas designadas sin pagar, en las zonas no designadas o con las motos que ocupan una plaza de aparcamiento)?<\/strong><br>Los veh\u00edculos mal estacionados o que no efect\u00faen el pago ser\u00e1n sancionados y, en los casos que corresponda, retirados con gr\u00faa.<\/p>\n<p><strong>17.- \u00bfC\u00f3mo puedo llegar a la playa sin veh\u00edculo propio?<\/strong><br>Existe un servicio de autob\u00fas lanzadera disponible los meses de alta afluencia, en julio y agosto. Los horarios y paradas se pueden consultar en la web Turisme Benitatxell: <a href=\"https:\/\/www.turismobenitatxell.es\/es\/playas\/13-cala-del-moraig\/\" target=\"_blank\" rel=\"noopener\">https:\/\/www.turismobenitatxell.es\/es\/playas\/13-cala-del-moraig\/<\/a><\/p>\n<p><strong>18.- \u00bfPuedo bajar con mi veh\u00edculo a motor la \u00faltima bajada hasta la cala?<\/strong><br>El acceso est\u00e1 totalmente restringido a excepci\u00f3n de los veh\u00edculos autorizados expresamente.<\/p>\n<p><strong>19.- \u00bfPuedo acceder antes o despu\u00e9s del horario de pago establecido?<\/strong><br>S\u00ed. Para los veh\u00edculos que accedan y salgan de la zona entre las 19:00h y las 9:00h del d\u00eda posterior, no es necesario pagar la tasa de 15\u20ac. El horario de pago es entre las 9:00h y las 19:00h.<\/p>\n<p><strong>20.- \u00bfQu\u00e9 pasa con los autobuses destinados al transporte de pasajeros de car\u00e1cter discrecional?<\/strong><br>Los autobuses deber\u00e1n dejar a los en la zona habilitada para la carga y descarga de pasajeros e irse a estacionar fuera de la zona, en el parking frente al colegio Lady Elizabeth. Despu\u00e9s, podr\u00e1n volver a por los pasajeros. En todo caso, nunca podr\u00e1n estar m\u00e1s de 20 minutos en la zona restringida.<br>Todo autob\u00fas que necesite acceder deber\u00e1 contar con la autorizaci\u00f3n pertinente para su acceso. Para ello, deber\u00e1 realizar el procedimiento a trav\u00e9s de nuestra sede electr\u00f3nica <a href=\"https:\/\/benitatxell.sedelectronica.es\/?x=0FvaHJhi3gziTA7SsyvfV0LbN-har7h6MrsiuvMbhW0ReulQuCty7xyP0lDf92xmxQQUN8I3nTQRuVkNzblIv9uuLknFtZS6MrYkctwNr-RncGhlp-egVP22HnUDyjFg3poLVxPED*srMwGeXN85yWDUCsi5mBbGlxwNPo6KmwH*k*6J09YJJ2*sVG3YfMgv0-RcWEWUmwo2UiaGrrrO4w\" target=\"_blank\" rel=\"noopener\">pulsando aqu\u00ed<\/a><\/p>\n<p><strong>21.- \u00bfQu\u00e9 debo hacer si por problemas t\u00e9cnicos, no ha podido efectuar el pago correctamente?<\/strong><br>Deber\u00e1 justificar el problema por el cual no ha podido realizar el pago el d\u00eda de su visita, y como m\u00e1ximo 3 d\u00edas despu\u00e9s deber\u00e1 abrir una incidencia en la siguiente web: <a href=\"https:\/\/incidencias.calamoraig.es\" target=\"_blank\" rel=\"noopener\">https:\/\/incidencias.calamoraig.es<\/a><\/p>\n<p><strong>22.- \u00bfQu\u00e9 hacer si tengo una casa vacacional dentro de la zona restringida?<\/strong><br>Podr\u00e1 comunicar las matr\u00edculas de los inquilinos a trav\u00e9s del correo <a href=\"mailto:residentes@calamoraig.es\">residentes@calamoraig.es<\/a>, donde le informar\u00e1n del protocolo a seguir.<\/p>\n<p><strong>23.- \u00bfPor qu\u00e9 no puedo hacer uso del parking de forma gratuita si pago los impuestos de IBI y basura?<\/strong><br>El beneficio de la gratuidad es \u00fanicamente para los residentes EMPADRONADOS que viven en El Poble Nou de Benitatxell durante todo el a\u00f1o y que, adem\u00e1s, pagan el IVTM en el municipio; no para veraneantes o propietarios de segundas viviendas.<\/p>\n<p>Recuerde, comprobaremos que est\u00e9 empadronado en el municipio y que haya hecho el pago del impuesto IVTM en el a\u00f1o en curso.<\/p>\n<p><strong>24.- \u00bfExiste opci\u00f3n para los residentes no empadronados?<\/strong><\/p>\n<p>Usted si acredita ser el propietario de una vivienda en El Poble Nou de Benitatxell, podr\u00e1 acogerse al bono anual de acceso. Con un coste de 250 euros por veh\u00edculo y con un m\u00e1ximo de dos veh\u00edculos por propietario.&nbsp;<\/p>\n<p><strong>25.- \u00bfPueden acceder mascotas a la playa?<\/strong><br>No. La cala del Moraig no es una playa habilitada para mascotas.<\/p>\t\t\t\t\t\t\t\t<\/div>\n\t\t\t\t\t<\/div>\n\t\t<\/div>\n\t\t\t\t\t<\/div>\n\t\t<\/section>\n\t\t\t\t<section class=\"elementor-section elementor-top-section elementor-element elementor-element-536785e elementor-section-boxed elementor-section-height-default elementor-section-height-default\" data-id=\"536785e\" data-element_type=\"section\">\n\t\t\t\t\t\t<div class=\"elementor-container elementor-column-gap-default\">\n\t\t\t\t\t<div class=\"elementor-column elementor-col-100 elementor-top-column elementor-element elementor-element-6bd3732\" data-id=\"6bd3732\" data-element_type=\"column\">\n\t\t\t<div class=\"elementor-widget-wrap elementor-element-populated\">\n\t\t\t\t\t\t<div class=\"elementor-element elementor-element-bb13e6e elementor-widget elementor-widget-button\" data-id=\"bb13e6e\" data-element_type=\"widget\" data-widget_type=\"button.default\">\n\t\t\t\t\t\t\t\t\t\t<a class=\"elementor-button elementor-button-link elementor-size-sm\" href=\"https:\/\/calamoraig.es\" target=\"_blank\" rel=\"noopener\">\n\t\t\t\t\t\t<span class=\"elementor-button-content-wrapper\">\n\t\t\t\t\t\t\t\t\t<span class=\"elementor-button-text\">Visualiza la web de la cala moraig<\/span>\n\t\t\t\t\t<\/span>\n\t\t\t\t\t<\/a>\n\t\t\t\t\t\t\t\t<\/div>\n\t\t\t\t\t<\/div>\n\t\t<\/div>\n\t\t\t\t\t<\/div>\n\t\t<\/section>\n\t\t\t\t<\/div>","protected":false},"excerpt":{"rendered":"<p>Toda la informaci\u00f3n sobre el Parking de la Cala Moraig En la presente p\u00e1gina se detalla toda la informaci\u00f3n actualizada sobre las consultas m\u00e1s frecuentes referentes al acceso de la Cala Moraig.El Ayuntamiento de El Poble Nou de Benitatxell quiere proteger la cala del Moraig y todo el entorno natural del LIC Penya-segats de la [&hellip;]<\/p>","protected":false},"author":4,"featured_media":0,"parent":0,"menu_order":0,"comment_status":"closed","ping_status":"closed","template":"","meta":{"footnotes":""},"class_list":["post-24342","page","type-page","status-publish","hentry"],"_links":{"self":[{"href":"https:\/\/elpoblenoudebenitatxell.com\/va\/wp-json\/wp\/v2\/pages\/24342","targetHints":{"allow":["GET"]}}],"collection":[{"href":"https:\/\/elpoblenoudebenitatxell.com\/va\/wp-json\/wp\/v2\/pages"}],"about":[{"href":"https:\/\/elpoblenoudebenitatxell.com\/va\/wp-json\/wp\/v2\/types\/page"}],"author":[{"embeddable":true,"href":"https:\/\/elpoblenoudebenitatxell.com\/va\/wp-json\/wp\/v2\/users\/4"}],"replies":[{"embeddable":true,"href":"https:\/\/elpoblenoudebenitatxell.com\/va\/wp-json\/wp\/v2\/comments?post=24342"}],"version-history":[{"count":33,"href":"https:\/\/elpoblenoudebenitatxell.com\/va\/wp-json\/wp\/v2\/pages\/24342\/revisions"}],"predecessor-version":[{"id":36636,"href":"https:\/\/elpoblenoudebenitatxell.com\/va\/wp-json\/wp\/v2\/pages\/24342\/revisions\/36636"}],"wp:attachment":[{"href":"https:\/\/elpoblenoudebenitatxell.com\/va\/wp-json\/wp\/v2\/media?parent=24342"}],"curies":[{"name":"wp","href":"https:\/\/api.w.org\/{rel}","templated":true}]}}