{"id":23465,"date":"2023-03-22T09:15:09","date_gmt":"2023-03-22T08:15:09","guid":{"rendered":"https:\/\/www.poblenou.tuacte.com\/?page_id=23465"},"modified":"2024-06-11T13:32:48","modified_gmt":"2024-06-11T11:32:48","slug":"politica-de-privacitat","status":"publish","type":"page","link":"https:\/\/elpoblenoudebenitatxell.com\/va\/politica-de-privacitat\/","title":{"rendered":"Pol\u00edtica de privacitat"},"content":{"rendered":"<p>La visita als portals institucionals del Ajuntament del Poble Nou de Benitatxell s&#8217;efectua en forma an\u00f2nima.<\/p>\n<p>Solament per a poder accedir a algun dels servicis de la web que disposen de gesti\u00f3 o tr\u00e0mit espec\u00edfic, els usuaris i les usu\u00e0ries hauran de subministrar les dades personals imprescindibles per a la prestaci\u00f3 del servici sol\u00b7licitat. A trav\u00e9s d&#8217;este lloc web no es recapten dades de car\u00e0cter personal sense el seu coneixement, ni se cedixen a tercers.<\/p>\n<p>Amb la finalitat d&#8217;oferir-li el millor servici i a fi de facilitar l&#8217;\u00fas, s&#8217;analitzen el nombre de p\u00e0gines visitades, el nombre de visites, aix\u00ed com l&#8217;activitat dels visitants i la seua freq\u00fc\u00e8ncia d&#8217;utilitzaci\u00f3. A este efecte, el Ajuntament del Poble Nou de Benitatxell utilitza la informaci\u00f3 estad\u00edstica elaborada pel Prove\u00efdor de Servicis d&#8217;Internet.<\/p>\n<p>El Ajuntament del Poble Nou de Benitatxell, no utilitza cookies per a arreplegar informaci\u00f3 dels usuaris, ni registra les adreces IP d&#8217;acc\u00e9s. \u00danicament s&#8217;utilitzen cookies pr\u00f2pies, de sessi\u00f3, amb finalitat t\u00e8cnica (aquelles que permeten a l&#8217;usuari la navegaci\u00f3 a trav\u00e9s del lloc web i la utilitzaci\u00f3 de les diferents opcions i servicis que en ella existixen).<\/p>\n<p>El portal del qual \u00e9s titular el Ajuntament del Poble Nou de Benitatxell cont\u00e9 enlla\u00e7os a llocs web de tercers, fonamentalment d&#8217;altres Administracions p\u00fabliques, que es considera poden ser d&#8217;inter\u00e9s per als usuaris, les pol\u00edtiques de privacitat dels quals s\u00f3n alienes a la del *Ajuntament del Poble Nou de Benitatxell. En accedir a tals llocs web, vost\u00e9 pot decidir si accepta les seues pol\u00edtiques de privacitat i de cookies. Amb car\u00e0cter general, si navega per internet vost\u00e9 pot acceptar o rebutjar les cookies de tercers des de les opcions de configuraci\u00f3 del seu navegador.<\/p>\n<p><strong>Informaci\u00f3 b\u00e0sica sobre protecci\u00f3 de dades<\/strong><\/p>\n<p>A continuaci\u00f3, l&#8217;informem sobre la pol\u00edtica de protecci\u00f3 de dades del *Ajuntament del Poble Nou de Benitatxell.<\/p>\n<p><strong>Responsable del tractament<\/strong><\/p>\n<p>Les dades de car\u00e0cter personal que es pogueren recaptar directament de l&#8217;interessat seran tractats de manera confidencial i quedaran incorporats a la corresponent activitat de tractament titularitat del *Ajuntament del Poble Nou de Benitatxell.<\/p>\n<p>La relaci\u00f3 actualitzada de les activitats de tractament que duu a terme es troba disponible en el seg\u00fcent enlla\u00e7 al <a href=\"https:\/\/www.\/transparencia\/registro-actividades-tratamiento\/index.html\" target=\"_blank\" rel=\"noopener\">registre d&#8217;activitats<\/a> de tractament del Ajuntament del Poble Nou de Benitatxell.<\/p>\n<p><strong>Finalitat<\/strong><\/p>\n<p>La finalitat del tractament de les dades correspon a cadascuna de les activitats de tractament que realitza el *Ajuntament del Poble Nou de Benitatxell i que estan accessibles en el <a href=\"https:\/\/www.\/transparencia\/registro-actividades-tratamiento\/index.html\" target=\"_blank\" rel=\"noopener\">registre d&#8217;actividats<\/a> de tractament.<\/p>\n<p><strong>Legitimaci\u00f3<\/strong><\/p>\n<p>El tractament de les seues dades es realitza per al compliment d&#8217;obligacions legals per part del Ajuntament del Poble Nou de Benitatxell, per al compliment de missions realitzades en inter\u00e9s p\u00fablic o en l&#8217;exercici de poders p\u00fablics conferits al Ajuntament del Poble Nou de Benitatxell, aix\u00ed com quan la finalitat del tractament requerisca el seu consentiment, que haur\u00e0 de ser prestat mitjan\u00e7ant una clara acci\u00f3 afirmativa.<\/p>\n<p>Pot consultar la base legal per a cadascuna de les activitats de tractament que du a terme el Ajuntament del Poble Nou de Benitatxell en el seg\u00fcent enlla\u00e7 al <a href=\"https:\/\/www.\/transparencia\/registro-actividades-tratamiento\/index.html\" target=\"_blank\" rel=\"noopener\">registre d&#8217;activitats<\/a> de tractament del Ajuntament del Poble Nou de Benitatxell.<\/p>\n<p><strong>Conservaci\u00f3 de dades<\/strong><\/p>\n<p>Les dades personals proporcionades es conservaran durant el temps necessari per a complir amb la finalitat per a la qual es recapten i per a determinar les possibles responsabilitats que es pogueren derivar de la finalitat, a m\u00e9s dels per\u00edodes establits en la normativa d&#8217;arxius i documentaci\u00f3.<\/p>\n<p><strong>Comunicaci\u00f3 de dades<\/strong><\/p>\n<p>Amb car\u00e0cter general no es comunicaran les dades personals a tercers, excepte obligaci\u00f3 legal, entre les quals poden estar les comunicacions a l&#8217;Institut Nacional d&#8217;Estad\u00edstica, Bancs, Organismes de la Seguretat Social, Hisenda p\u00fablica i Administraci\u00f3 tribut\u00e0ria, \u00d2rgans Judicials, Tribunal de comptes o equivalent auton\u00f2mic, Caixes d&#8217;Estalvis i Caixes Rurals, Entitats Asseguradores, Entitats Sanit\u00e0ries, Forces i Cossos de Seguretat, \u00d2rgans de l&#8217;Estat i Comunitats Aut\u00f2nomes quan es puga realitzar la comunicaci\u00f3 de dades conforme a l&#8217;article 6 del RGPD relatiu a la legitimaci\u00f3 del tractament, interessats en els procediments relacionats amb les reclamacions presentades i tr\u00e0mits administratius propis del Ajuntament del Poble Nou de Benitatxell.<\/p>\n<p>Pot consultar els destinataris per a cadascuna de les activitats de tractament que duu a terme el *Ajuntament del Poble Nou de Benitatxell en el seg\u00fcent enlla\u00e7 al <a href=\"https:\/\/www.\/transparencia\/registro-actividades-tratamiento\/index.html\" target=\"_blank\" rel=\"noopener\">registre d&#8217;activitats<\/a> de tractament del Ajuntament del Poble Nou de Benitatxell.<\/p>\n<p><strong>Recollida de dades de menors<\/strong><\/p>\n<p>L&#8217;Ajuntament no autoritza els menors de 14 anys a facilitar les seues dades personals, ja siga emplenant els formularis web per a la sol\u00b7licitud de servicis, de contacte o mitjan\u00e7ant correus electr\u00f2nics.<\/p>\n<p>Aix\u00ed doncs, els que faciliten dades personals utilitzant estos mitjans manifesten formalment ser majors de 14 anys. En relaci\u00f3 a la recollida de dades de menors d&#8217;edat, amb edat compresa entre els 14 i els 18 anys, l&#8217;Ajuntament, en cap cas, arreplegar\u00e0 dades econ\u00f2miques o relatives a altres membres de la fam\u00edlia sense el consentiment de les persones titulars els mateixos.<\/p>\n<p><strong>Imatges del lloc web<\/strong><\/p>\n<p>L&#8217;Ajuntament, a trav\u00e9s del seu lloc web, oferix informaci\u00f3 sobre esdeveniments, activitats, etc. que suposen la participaci\u00f3 de la ciutadania. En determinades ocasions, la informaci\u00f3 facilitada s&#8217;acompanya de fotografies i v\u00eddeos en els quals es poden visualitzar persones identificades o identificables que, formant part de la divulgaci\u00f3 de la not\u00edcia o esdeveniment, no es difonen de manera intencionada.<\/p>\n<p>En cas que l&#8217;usuari es reconega en alguna d&#8217;estes fotografies i no desitge apar\u00e9ixer en estes, ens el pot comunicar mitjan\u00e7ant la direcci\u00f3 d&#8217;email:\u00a0 <a href=\"mailto:protecciondatos@elpoblenoudebenitatxell.com?subject=Protecci%C3%B3n%20Datos\">protecciondatos@elpoblenoudebenitatxell.com<\/a> , adjuntant c\u00f2pia del document acreditatiu de la seua identitat, i referenciant l&#8217;apartat del lloc web en el qual es troba la imatge o el v\u00eddeo en el qual apareix. En el cas de menors de 14 anys, la sol\u00b7licitud haur\u00e0 de realitzar el pare, mare o tutor legal del menor.<\/p>\n<p><strong>Drets dels interessats<\/strong><\/p>\n<p>Qualsevol persona t\u00e9 dret a obtindre confirmaci\u00f3 sobre els tractaments que de les seues dades es duen a terme pel *Ajuntament del Poble Nou de Benitatxell.<\/p>\n<p>Pot exercir els seus drets d&#8217;acc\u00e9s, rectificaci\u00f3, supressi\u00f3 i portabilitat de les seues dades, de limitaci\u00f3 i oposici\u00f3 al seu tractament, aix\u00ed com a no ser objecte de decisions basades \u00fanicament en el tractament automatitzat de les seues dades, quan procedisquen, davant el Ajuntament del Poble Nou de Benitatxell, Carrer Major, 5, 03726 El Poble Nou de Benitatxell-Alacant o en l&#8217;adre\u00e7a de correu electr\u00f2nic: <a href=\"mailto:protecciondatos@elpoblenoudebenitatxell.com\">protecciondatos@elpoblenoudebenitatxell.com<\/a>.<\/p>\n<p>Dret a reclamar davant una autoritat de control: Pot presentar una reclamaci\u00f3 sobre protecci\u00f3 de dades davant l&#8217;autoritat de control competent. Per a aix\u00f2, contacte amb l&#8217;autoritat responsable de la protecci\u00f3 de dades del seu lloc de resid\u00e8ncia o amb l&#8217;autoritat de protecci\u00f3 de dades de la nostra jurisdicci\u00f3 (citada a continuaci\u00f3): Ag\u00e8ncia Espanyola de Protecci\u00f3 de Dades (AEPD):\u00a0 <a href=\"https:\/\/www.agpd.es\/\" target=\"_blank\" rel=\"noopener\">www.aepd.es.<\/a><\/p>\n<p><strong>Xarxes Socials:<\/strong><\/p>\n<div>\n<p align=\"center\"><strong>Xarxes socials normes de funcionament <\/strong>Ajuntament de El Poble Nou de Benitatxell<\/p>\n<\/div>\n<p><em>Objete<\/em><br \/>\nDonar visibilitat i difusi\u00f3 de les activitats municipals que desenvolupen en Ajuntament del Poble Nou de Benitatxell.<\/p>\n<p>1. Tractament de dades de car\u00e0cter personal: En els servicis que es donen mitjan\u00e7ant ferramentes com Facebook, Tuenti, *Myspace, Twitter., Instagram, etc., Ajuntament del Poble Nou de Benitatxell no arreplegar\u00e0 ni far\u00e0 cap tractament de les dades de car\u00e0cter personal. Estes dades quedaran emmagatzemats en els servidors dels respectius servicis i es regiran per la seua pr\u00f2pia pol\u00edtica de privacitat.<\/p>\n<p>2. Condicins d&#8217;\u00fas<\/p>\n<ul>\n<li>Tot el que s&#8217;establix en el punt 2 de les Condicions generals d&#8217;\u00fas de les xarxes socials del *Ajuntament del Poble Nou de Benitatxell: https:\/\/www.facebook.com\/ajuntament del Poble Nou de Benitatxell.<\/li>\n<li>No publicar informacions que no responguen als requisits de veracitat, inter\u00e9s p\u00fablic i respecte a la dignitat de les persones<\/li>\n<li>No gravar ni publicar imatges, v\u00eddeos o qualsevol altre tipus de registre sense el consentiment de les persones afectades. Tindre en compte que si podem publicar sempre que: <strong>els fets aix\u00ed publicats podrien tindre la consideraci\u00f3 de fets *noticiables en els quals es manifeste l&#8217;exist\u00e8ncia d&#8217;un inter\u00e9s p\u00fablic amb la finalitat que es done a con\u00e9ixer els mateixos a la col\u00b7lectivitat.<\/strong><\/li>\n<li>El Ajuntament del Poble Nou de Benitatxell no s&#8217;identifica amb les opinions expressades per uns altres ni amb la ideologia dels perfils amb els quals tinga amistat en cap xarxa social<\/li>\n<li>El Ajuntament del Poble Nou de Benitatxell es reserva el dret d&#8217;eliminar de les seues xarxes socials qualsevol informaci\u00f3 publicada per uns altres que vulnere la legalitat, incite a fer-ho, o continga missatges que atempten contra la dignitat de persones o institucions. Aix\u00ed com de bloquejar o denunciar el perfil autor d&#8217;estos missatges.<\/li>\n<\/ul>\n<p>3. Recomanacions als usuaris\/les usu\u00e0ries<\/p>\n<ul>\n<li>Revise i llija les condicions generals d&#8217;\u00fas i la pol\u00edtica de privacitat de la xarxa social en el moment de registrar-se<\/li>\n<li>Aprenga les possibilitats de configuraci\u00f3 i \u00fas que la xarxa oferisca.<\/li>\n<li>Configure adequadament el grau de privacitat del perfil d&#8217;usuari\/d&#8217;usu\u00e0ria la xarxa social<\/li>\n<li>No publique informaci\u00f3 excessiva sobre la seua vida personal i familiar<\/li>\n<li>Vaja amb compte amb la publicaci\u00f3 de continguts audiovisuals i gr\u00e0fics en el seu perfil, especialment si s&#8217;allotjaran imatges relatives a terceres persones<\/li>\n<li>No oferisca dades de tercers en el seu espai sense el previ consentiment d&#8217;estos<\/li>\n<\/ul>","protected":false},"excerpt":{"rendered":"<p>La visita als portals institucionals del Ajuntament del Poble Nou de Benitatxell s&#8217;efectua en forma an\u00f2nima. Solament per a poder accedir a algun dels servicis de la web que disposen de gesti\u00f3 o tr\u00e0mit espec\u00edfic, els usuaris i les usu\u00e0ries hauran de subministrar les dades personals imprescindibles per a la prestaci\u00f3 del servici sol\u00b7licitat. A [&hellip;]<\/p>","protected":false},"author":14,"featured_media":0,"parent":0,"menu_order":0,"comment_status":"closed","ping_status":"closed","template":"","meta":{"footnotes":""},"class_list":["post-23465","page","type-page","status-publish","hentry"],"_links":{"self":[{"href":"https:\/\/elpoblenoudebenitatxell.com\/va\/wp-json\/wp\/v2\/pages\/23465","targetHints":{"allow":["GET"]}}],"collection":[{"href":"https:\/\/elpoblenoudebenitatxell.com\/va\/wp-json\/wp\/v2\/pages"}],"about":[{"href":"https:\/\/elpoblenoudebenitatxell.com\/va\/wp-json\/wp\/v2\/types\/page"}],"author":[{"embeddable":true,"href":"https:\/\/elpoblenoudebenitatxell.com\/va\/wp-json\/wp\/v2\/users\/14"}],"replies":[{"embeddable":true,"href":"https:\/\/elpoblenoudebenitatxell.com\/va\/wp-json\/wp\/v2\/comments?post=23465"}],"version-history":[{"count":1,"href":"https:\/\/elpoblenoudebenitatxell.com\/va\/wp-json\/wp\/v2\/pages\/23465\/revisions"}],"predecessor-version":[{"id":23466,"href":"https:\/\/elpoblenoudebenitatxell.com\/va\/wp-json\/wp\/v2\/pages\/23465\/revisions\/23466"}],"wp:attachment":[{"href":"https:\/\/elpoblenoudebenitatxell.com\/va\/wp-json\/wp\/v2\/media?parent=23465"}],"curies":[{"name":"wp","href":"https:\/\/api.w.org\/{rel}","templated":true}]}}