{"id":23447,"date":"2023-03-22T09:15:22","date_gmt":"2023-03-22T08:15:22","guid":{"rendered":"https:\/\/www.poblenou.tuacte.com\/?page_id=23447"},"modified":"2024-06-11T15:16:00","modified_gmt":"2024-06-11T13:16:00","slug":"avis-legal","status":"publish","type":"page","link":"https:\/\/elpoblenoudebenitatxell.com\/va\/avis-legal\/","title":{"rendered":"Av\u00eds legal"},"content":{"rendered":"<h1><strong>Av\u00eds Legal<\/strong><\/h1>\n<p>https:\/\/www.elpoblenoudebenitatxell.com\/, \u00e9s un domini en internet titularitat del Ajuntament del Poble Nou de Benitatxell, CIF P0304200I, amb seu i domicili social en Carrer *Major, 5, 03726 El Poble Nou de Benitatxell &#8211; Alacant, i e-mail <a href=\"https:\/\/web.archive.org\/web\/20230616033442\/mailto:protecciondatos@elpoblenoudebenitatxell.com\">protecciondatos@elpoblenoudebenitatxell.com<\/a>.<\/p>\n<p><strong>Propietat intel\u00b7lectual i industrial<\/strong><\/p>\n<p>El disseny del portal i els seus codis font, aix\u00ed com els logos, marques i altres signes distintius que apareixen en el mateix pertanyen al Ajuntament del Poble Nou de Benitatxell i estan protegits pels corresponents drets de propietat intel\u00b7lectual i industrial.<\/p>\n<p><strong>Responsabilitat dels continguts<\/strong><\/p>\n<p>El Ajuntament del Poble Nou de Benitatxell no es fa responsable de la legalitat d&#8217;altres llocs web de tercers des dels quals puga accedir-se al portal. El *Ajuntament del Poble Nou de Benitatxell tampoc respon per la legalitat d&#8217;altres llocs web de tercers, que pogueren estar vinculats o enlla\u00e7ats des d&#8217;este portal.<\/p>\n<p>El Ajuntament del Poble Nou de Benitatxell es reserva el dret a fer canvis en el lloc web sense previ av\u00eds, a fi de mantindre actualitzada la seua informaci\u00f3, afegint, modificant, corregint o eliminant els continguts publicats o el disseny del portal.<\/p>\n<p>El Ajuntament del Poble Nou de Benitatxell no ser\u00e0 responsable de l&#8217;\u00fas que tercers facen de la informaci\u00f3 publicada en el portal, ni tampoc dels danys patits o p\u00e8rdues econ\u00f2miques que, de manera directa o indirecta, produ\u00efsquen o puguen produir perju\u00eds econ\u00f2mics, materials o sobre dades, provocats per l&#8217;\u00fas d&#8217;esta informaci\u00f3.<\/p>\n<p><strong>Reproducci\u00f3 de continguts<\/strong><\/p>\n<p>Es prohibix la reproducci\u00f3 total o parcial dels continguts publicats en el portal. No obstant aix\u00f2, els continguts que siguen considerats com a dades obertes en la Seu Electr\u00f2nica, publicats segons el que es preveu en el Reial decret 1495\/2011, de 24 d&#8217;octubre, de desenvolupament de la Llei 37\/2007, sobre reutilitzaci\u00f3 de la informaci\u00f3 del sector p\u00fablic, per a l&#8217;\u00e0mbit del sector p\u00fablic estatal, podran ser objecte de reproducci\u00f3 en els termes previstos en esta norma.<\/p>\n<p><strong>Seu Electr\u00f2nica<\/strong><\/p>\n<p>D&#8217;acord amb el que s&#8217;establix per Llei 39\/2015, d&#8217;1 d&#8217;octubre, del Procediment Administratiu Com\u00fa de les Administracions P\u00fabliques, El Ajuntament del Poble Nou de Benitatxell es responsabilitza de la integritat, veracitat i actualitzaci\u00f3 de la informaci\u00f3 i els servicis als quals puga accedir-se a trav\u00e9s de la seua Seu Electr\u00f2nica ( <a href=\"https:\/\/web.archive.org\/web\/20230616033442\/https:\/\/benitatxell.sedelectronica.es\/info.0\" target=\"_blank\" rel=\"noopener\">https:\/\/benitatxell.sedelectronica.es\/info.0<\/a>).<\/p>\n<p><strong>Portal de transpar\u00e8ncia<\/strong><\/p>\n<p>A trav\u00e9s de la informaci\u00f3 publicada en el portal de transpar\u00e8ncia <a href=\"https:\/\/web.archive.org\/web\/20230616033442\/https:\/\/benitatxell.sedelectronica.es\/transparency\/\" target=\"_blank\" rel=\"noopener\">https:\/\/benitatxell.sedelectronica.es\/transparency\/<\/a>, El Ajuntament del Poble Nou de Benitatxell at\u00e9n de manera peri\u00f2dica i actualitzada el principi de publicitat activa establit per la Llei 19\/2013, de 9 de desembre, de transpar\u00e8ncia, acc\u00e9s a la informaci\u00f3 p\u00fablica i bon govern, amb els mecanismes adequats per a facilitar l&#8217;accessibilitat, la interoperabilitat, la qualitat i la reutilitzaci\u00f3 de la informaci\u00f3, aix\u00ed com la seua identificaci\u00f3 i localitzaci\u00f3.<\/p>\n<p><strong>Llei aplicable<\/strong><\/p>\n<p>La llei aplicable en cas de disputa o conflicte d&#8217;interpretaci\u00f3 dels termes que conformen este av\u00eds legal, aix\u00ed com qualsevol q\u00fcesti\u00f3 relacionada amb els servicis del present portal, ser\u00e0 la llei espanyola.<\/p>","protected":false},"excerpt":{"rendered":"<p>Av\u00eds Legal https:\/\/www.elpoblenoudebenitatxell.com\/, \u00e9s un domini en internet titularitat del Ajuntament del Poble Nou de Benitatxell, CIF P0304200I, amb seu i domicili social en Carrer *Major, 5, 03726 El Poble Nou de Benitatxell &#8211; Alacant, i e-mail protecciondatos@elpoblenoudebenitatxell.com. Propietat intel\u00b7lectual i industrial El disseny del portal i els seus codis font, aix\u00ed com els logos, [&hellip;]<\/p>","protected":false},"author":14,"featured_media":0,"parent":0,"menu_order":0,"comment_status":"closed","ping_status":"closed","template":"","meta":{"footnotes":""},"class_list":["post-23447","page","type-page","status-publish","hentry"],"_links":{"self":[{"href":"https:\/\/elpoblenoudebenitatxell.com\/va\/wp-json\/wp\/v2\/pages\/23447","targetHints":{"allow":["GET"]}}],"collection":[{"href":"https:\/\/elpoblenoudebenitatxell.com\/va\/wp-json\/wp\/v2\/pages"}],"about":[{"href":"https:\/\/elpoblenoudebenitatxell.com\/va\/wp-json\/wp\/v2\/types\/page"}],"author":[{"embeddable":true,"href":"https:\/\/elpoblenoudebenitatxell.com\/va\/wp-json\/wp\/v2\/users\/14"}],"replies":[{"embeddable":true,"href":"https:\/\/elpoblenoudebenitatxell.com\/va\/wp-json\/wp\/v2\/comments?post=23447"}],"version-history":[{"count":4,"href":"https:\/\/elpoblenoudebenitatxell.com\/va\/wp-json\/wp\/v2\/pages\/23447\/revisions"}],"predecessor-version":[{"id":23480,"href":"https:\/\/elpoblenoudebenitatxell.com\/va\/wp-json\/wp\/v2\/pages\/23447\/revisions\/23480"}],"wp:attachment":[{"href":"https:\/\/elpoblenoudebenitatxell.com\/va\/wp-json\/wp\/v2\/media?parent=23447"}],"curies":[{"name":"wp","href":"https:\/\/api.w.org\/{rel}","templated":true}]}}