{"id":22737,"date":"2023-09-13T11:18:31","date_gmt":"2023-09-13T09:18:31","guid":{"rendered":"https:\/\/www.poblenou.tuacte.com\/hola-whatsapp\/"},"modified":"2025-10-27T12:30:37","modified_gmt":"2025-10-27T11:30:37","slug":"hola-whatsapp","status":"publish","type":"page","link":"https:\/\/elpoblenoudebenitatxell.com\/va\/hola-whatsapp\/","title":{"rendered":"Hola WhatsApp"},"content":{"rendered":"<div data-elementor-type=\"wp-page\" data-elementor-id=\"22737\" class=\"elementor elementor-22737\" data-elementor-post-type=\"page\">\n\t\t\t\t\t\t<section class=\"elementor-section elementor-top-section elementor-element elementor-element-16f6d2d elementor-section-boxed elementor-section-height-default elementor-section-height-default\" data-id=\"16f6d2d\" data-element_type=\"section\">\n\t\t\t\t\t\t<div class=\"elementor-container elementor-column-gap-default\">\n\t\t\t\t\t<div class=\"elementor-column elementor-col-100 elementor-top-column elementor-element elementor-element-1fc3d58\" data-id=\"1fc3d58\" data-element_type=\"column\">\n\t\t\t<div class=\"elementor-widget-wrap elementor-element-populated\">\n\t\t\t\t\t\t<div class=\"elementor-element elementor-element-ebb1f1c elementor-widget elementor-widget-heading\" data-id=\"ebb1f1c\" data-element_type=\"widget\" data-widget_type=\"heading.default\">\n\t\t\t\t\t<h1 class=\"elementor-heading-title elementor-size-default\">Guia \u00fatil - <span>Hola WhatsApp<\/span><\/h1>\t\t\t\t<\/div>\n\t\t\t\t\t<\/div>\n\t\t<\/div>\n\t\t\t\t\t<\/div>\n\t\t<\/section>\n\t\t\t\t<section class=\"elementor-section elementor-top-section elementor-element elementor-element-c05e405 elementor-section-boxed elementor-section-height-default elementor-section-height-default\" data-id=\"c05e405\" data-element_type=\"section\">\n\t\t\t\t\t\t<div class=\"elementor-container elementor-column-gap-default\">\n\t\t\t\t\t<div class=\"elementor-column elementor-col-100 elementor-top-column elementor-element elementor-element-855e3e8\" data-id=\"855e3e8\" data-element_type=\"column\">\n\t\t\t<div class=\"elementor-widget-wrap elementor-element-populated\">\n\t\t\t\t\t\t<div class=\"elementor-element elementor-element-3ee44d0 elementor-widget elementor-widget-image\" data-id=\"3ee44d0\" data-element_type=\"widget\" data-widget_type=\"image.default\">\n\t\t\t\t\t\t\t\t\t\t\t\t\t\t\t<img fetchpriority=\"high\" decoding=\"async\" width=\"943\" height=\"541\" src=\"https:\/\/elpoblenoudebenitatxell.com\/wp-content\/uploads\/2023\/09\/2569.jpg\" class=\"attachment-full size-full wp-image-14700\" alt=\"\" srcset=\"https:\/\/elpoblenoudebenitatxell.com\/wp-content\/uploads\/2023\/09\/2569.jpg 943w, https:\/\/elpoblenoudebenitatxell.com\/wp-content\/uploads\/2023\/09\/2569-300x172.jpg 300w, https:\/\/elpoblenoudebenitatxell.com\/wp-content\/uploads\/2023\/09\/2569-768x441.jpg 768w\" sizes=\"(max-width: 943px) 100vw, 943px\" \/>\t\t\t\t\t\t\t\t\t\t\t\t\t\t\t<\/div>\n\t\t\t\t<div class=\"elementor-element elementor-element-42ecde0 elementor-widget elementor-widget-text-editor\" data-id=\"42ecde0\" data-element_type=\"widget\" data-widget_type=\"text-editor.default\">\n\t\t\t\t\t\t\t\t\t<div class=\"elementor-element elementor-element-42ecde0 elementor-widget elementor-widget-text-editor\" data-id=\"42ecde0\" data-element_type=\"widget\" data-widget_type=\"text-editor.default\"><div class=\"elementor-widget-container\"><ul><li><em>Amb este sistema, el consistori pret\u00e9n mantindre una comunicaci\u00f3 m\u00e9s pr\u00f2xima, senzilla i efectiva amb la ciutadania, fomentar la participaci\u00f3 i aconseguir un nivell m\u00e9s \u00f2ptim en la resoluci\u00f3 de queixes i incid\u00e8ncies<\/em><\/li><li><em>Comen\u00e7ar a utilitzar el canal \u00e9s tan senzill com agregar el tel\u00e8fon 690 96 55 97 a l'agenda de contactes, obrir una conversa i escriure \u201cHola\u201d<\/em><\/li><\/ul><p>Amb un simple missatge de WhatsApp, l'Ajuntament del Poble Nou de Benitatxell est\u00e0 a l'abast dels seus ve\u00efns i ve\u00efnes. El consistori ha posat en marxa una plataforma de comunicaci\u00f3 i atenci\u00f3 ciutadana a trav\u00e9s de WhatsApp que permet realitzar diverses gestions municipals com comunicar queixes i incid\u00e8ncies, fer consultes o suggeriments, parlar amb l'alcalde, accedir a tr\u00e0mits electr\u00f2nics o rebre avisos i comunicacions importants, entre altres.<\/p><p>Es convertix aix\u00ed en el primer municipi de la prov\u00edncia d'Alacant a implantar Holawap, un innovador canal de comunicaci\u00f3 intel\u00b7ligent creat per EYOS Comunicaci\u00f3 Digital, companyia espanyola pionera en comunicaci\u00f3 automatitzada a trav\u00e9s de WhatsApp.<\/p><p>Amb este sistema, l'ajuntament pret\u00e9n mantindre una comunicaci\u00f3 m\u00e9s pr\u00f2xima, senzilla i efectiva amb la ciutadania, fomentar la participaci\u00f3 i aconseguir un nivell m\u00e9s \u00f2ptim en la resoluci\u00f3 de queixes i incid\u00e8ncies. I quina millor manera de facilitar els processos propis de l'administraci\u00f3 local que amb WhatsApp, la plataforma de comunicaci\u00f3 personal n\u00famero u d'Espanya que compta amb m\u00e9s de 27 milions d'usuaris actius i \u00e9s consultada una mitjana de 6 vegades al dia.<\/p><p>Per a l'usuari t\u00e9 nombrosos avantatges. No requerix cap instal\u00b7laci\u00f3 ni actualitzaci\u00f3, no consumix recursos del tel\u00e8fon (ni processador ni mem\u00f2ria) i, a difer\u00e8ncia d'altres apps que s\u00f3n f\u00e0cilment desinstal\u00b7lades, l'Ajuntament ser\u00e0 un contacte que romandr\u00e0 indefinidament. A m\u00e9s, cada usuari pot seleccionar l'idioma en el qual vol parlar. Al mateix temps, aprofitant la bidireccionalitat que proporciona WhatsApp, el Consistori podr\u00e0 enviar comunicats, alertes, not\u00edcies, esdeveniments i informaci\u00f3 d'inter\u00e9s.<\/p><\/div><\/div>\t\t\t\t\t\t\t\t<\/div>\n\t\t\t\t\t<\/div>\n\t\t<\/div>\n\t\t\t\t\t<\/div>\n\t\t<\/section>\n\t\t\t\t<\/div>","protected":false},"excerpt":{"rendered":"<p>Con este sistema, el consistorio pretende mantener una comunicaci\u00f3n m\u00e1s cercana, sencilla y efectiva con la ciudadan\u00eda, fomentar la participaci\u00f3n y alcanzar un nivel m\u00e1s \u00f3ptimo en la resoluci\u00f3n de quejas e incidencias Comenzar a utilizar el canal es tan sencillo como agregar el tel\u00e9fono 690 96 55 97 a la agenda de contactos, abrir [&hellip;]<\/p>","protected":false},"author":14,"featured_media":0,"parent":0,"menu_order":0,"comment_status":"closed","ping_status":"closed","template":"","meta":{"footnotes":""},"class_list":["post-22737","page","type-page","status-publish","hentry"],"_links":{"self":[{"href":"https:\/\/elpoblenoudebenitatxell.com\/va\/wp-json\/wp\/v2\/pages\/22737","targetHints":{"allow":["GET"]}}],"collection":[{"href":"https:\/\/elpoblenoudebenitatxell.com\/va\/wp-json\/wp\/v2\/pages"}],"about":[{"href":"https:\/\/elpoblenoudebenitatxell.com\/va\/wp-json\/wp\/v2\/types\/page"}],"author":[{"embeddable":true,"href":"https:\/\/elpoblenoudebenitatxell.com\/va\/wp-json\/wp\/v2\/users\/14"}],"replies":[{"embeddable":true,"href":"https:\/\/elpoblenoudebenitatxell.com\/va\/wp-json\/wp\/v2\/comments?post=22737"}],"version-history":[{"count":8,"href":"https:\/\/elpoblenoudebenitatxell.com\/va\/wp-json\/wp\/v2\/pages\/22737\/revisions"}],"predecessor-version":[{"id":32042,"href":"https:\/\/elpoblenoudebenitatxell.com\/va\/wp-json\/wp\/v2\/pages\/22737\/revisions\/32042"}],"wp:attachment":[{"href":"https:\/\/elpoblenoudebenitatxell.com\/va\/wp-json\/wp\/v2\/media?parent=22737"}],"curies":[{"name":"wp","href":"https:\/\/api.w.org\/{rel}","templated":true}]}}