{"id":14827,"date":"2023-12-12T10:15:04","date_gmt":"2023-12-12T09:15:04","guid":{"rendered":"https:\/\/ayuntamientobenitatxell.lookishtg.com\/?page_id=14827"},"modified":"2025-10-27T17:33:54","modified_gmt":"2025-10-27T16:33:54","slug":"como-llegar","status":"publish","type":"page","link":"https:\/\/elpoblenoudebenitatxell.com\/va\/como-llegar\/","title":{"rendered":"Com arribar-hi"},"content":{"rendered":"<div data-elementor-type=\"wp-page\" data-elementor-id=\"14827\" class=\"elementor elementor-14827\" data-elementor-post-type=\"page\">\n\t\t\t\t\t\t<section class=\"elementor-section elementor-top-section elementor-element elementor-element-89de675 elementor-section-boxed elementor-section-height-default elementor-section-height-default\" data-id=\"89de675\" data-element_type=\"section\">\n\t\t\t\t\t\t<div class=\"elementor-container elementor-column-gap-default\">\n\t\t\t\t\t<div class=\"elementor-column elementor-col-100 elementor-top-column elementor-element elementor-element-3a1f121\" data-id=\"3a1f121\" data-element_type=\"column\">\n\t\t\t<div class=\"elementor-widget-wrap elementor-element-populated\">\n\t\t\t\t\t\t<div class=\"elementor-element elementor-element-a376ba2 elementor-widget elementor-widget-heading\" data-id=\"a376ba2\" data-element_type=\"widget\" data-widget_type=\"heading.default\">\n\t\t\t\t\t<h1 class=\"elementor-heading-title elementor-size-default\">Turismo- <span>Com arribar-hi<\/span><\/h1>\t\t\t\t<\/div>\n\t\t\t\t\t<\/div>\n\t\t<\/div>\n\t\t\t\t\t<\/div>\n\t\t<\/section>\n\t\t\t\t<section class=\"elementor-section elementor-top-section elementor-element elementor-element-d6a18d7 elementor-section-boxed elementor-section-height-default elementor-section-height-default\" data-id=\"d6a18d7\" data-element_type=\"section\">\n\t\t\t\t\t\t<div class=\"elementor-container elementor-column-gap-default\">\n\t\t\t\t\t<div class=\"elementor-column elementor-col-100 elementor-top-column elementor-element elementor-element-8a9745d\" data-id=\"8a9745d\" data-element_type=\"column\">\n\t\t\t<div class=\"elementor-widget-wrap elementor-element-populated\">\n\t\t\t\t\t\t<div class=\"elementor-element elementor-element-db635b0 elementor-widget elementor-widget-text-editor\" data-id=\"db635b0\" data-element_type=\"widget\" data-widget_type=\"text-editor.default\">\n\t\t\t\t\t\t\t\t\t<p>El Poble Nou de Benitatxell est\u00e0 situat en un lloc estrat\u00e8gic, en el qual destaca per la seua bellesa costanera i la seua tranquil\u00b7litat interior. A la comarca de la Marina Alta (pr\u00e0cticament a mig cam\u00ed entre les ciutats de Val\u00e8ncia i Alacant)\u00a0est\u00e0 situat en l'alt d'un xicotet tur\u00f3 coronat per l'esgl\u00e9sia, que dibuixa una caracter\u00edstica silueta del nucli urb\u00e0 a diversos quil\u00f2metres de dist\u00e0ncia.<\/p><p>Prop de 4.100 habitants viuen al Poble Nou de Benitatxell i en tot el seu terme municipal (12,55 km\u00b2). El nucli principal de poblaci\u00f3 se situa a diversos quil\u00f2metres de la mar Mediterr\u00e0nia pel que conserva la seua ess\u00e8ncia, amb el mercat municipal, l'Ajuntament i l'esgl\u00e9sia, agrupats en el centre.<\/p><p>El municipi viu acollit pel Puig Lloren\u00e7a, cap al sud, que es desploma formant impactants formacions, penya-segats i cales extraordin\u00e0ries en la seua caiguda a la mar. Cap al nord, el municipi s'obri a la comarca, amb el Montg\u00f3 albirant de prop.<\/p><p>Esta ubicaci\u00f3 li permet als ve\u00efns i als visitants gaudir una assossegada vida quotidiana, que no per aix\u00f2 gaudix de permanents activitats, una rica vida cultural, associativa i festiva, que s'acreix amb l'arribada del bon temps. En realitat les temperatures suaus protagonitzen el calendari anual, encara que si un vent forma part de les arrels del municipi \u00e9s el Llebeig, un aire fresc que especialment a l'estiu \u00e9s molt ben rebut. D'ac\u00ed el refrany \u00abal Poble Nou de Benitatxell, frescoreta i moscatell\u00bb, en honor a este vent i al principal cultiu aut\u00f2cton, el ra\u00efm de moscatell.<\/p>\t\t\t\t\t\t\t\t<\/div>\n\t\t\t\t\t<\/div>\n\t\t<\/div>\n\t\t\t\t\t<\/div>\n\t\t<\/section>\n\t\t\t\t<section class=\"elementor-section elementor-top-section elementor-element elementor-element-4e38823 elementor-section-boxed elementor-section-height-default elementor-section-height-default\" data-id=\"4e38823\" data-element_type=\"section\">\n\t\t\t\t\t\t<div class=\"elementor-container elementor-column-gap-default\">\n\t\t\t\t\t<div class=\"elementor-column elementor-col-100 elementor-top-column elementor-element elementor-element-5c4c2ea\" data-id=\"5c4c2ea\" data-element_type=\"column\">\n\t\t\t<div class=\"elementor-widget-wrap elementor-element-populated\">\n\t\t\t\t\t\t<div class=\"elementor-element elementor-element-c9dd854 elementor-widget elementor-widget-google_maps\" data-id=\"c9dd854\" data-element_type=\"widget\" data-widget_type=\"google_maps.default\">\n\t\t\t\t\t\t\t<div class=\"elementor-custom-embed\">\n\t\t\t<iframe loading=\"lazy\"\n\t\t\t\t\tsrc=\"https:\/\/maps.google.com\/maps?q=El%20Poble%20Nou%20de%20Benitatxell%2C%20Alicante&#038;t=m&#038;z=10&#038;output=embed&#038;iwloc=near\"\n\t\t\t\t\ttitle=\"El Poble Nou de Benitatxell, Alicante\"\n\t\t\t\t\taria-label=\"El Poble Nou de Benitatxell, Alicante\"\n\t\t\t><\/iframe>\n\t\t<\/div>\n\t\t\t\t\t\t<\/div>\n\t\t\t\t\t<\/div>\n\t\t<\/div>\n\t\t\t\t\t<\/div>\n\t\t<\/section>\n\t\t\t\t<\/div>","protected":false},"excerpt":{"rendered":"<p>Turismo- C\u00f3mo llegar El Poble Nou de Benitatxell est\u00e1 situado en un lugar estrat\u00e9gico, en el que destaca por su belleza costera y su tranquilidad interior. En la comarca de la Marina Alta (pr\u00e1cticamente a mitad de camino entre las ciudades de Valencia y Alicante)\u00a0est\u00e1 ubicado en el alto de un peque\u00f1o cerro coronado por [&hellip;]<\/p>","protected":false},"author":14,"featured_media":0,"parent":0,"menu_order":0,"comment_status":"closed","ping_status":"closed","template":"","meta":{"footnotes":""},"class_list":["post-14827","page","type-page","status-publish","hentry"],"_links":{"self":[{"href":"https:\/\/elpoblenoudebenitatxell.com\/va\/wp-json\/wp\/v2\/pages\/14827","targetHints":{"allow":["GET"]}}],"collection":[{"href":"https:\/\/elpoblenoudebenitatxell.com\/va\/wp-json\/wp\/v2\/pages"}],"about":[{"href":"https:\/\/elpoblenoudebenitatxell.com\/va\/wp-json\/wp\/v2\/types\/page"}],"author":[{"embeddable":true,"href":"https:\/\/elpoblenoudebenitatxell.com\/va\/wp-json\/wp\/v2\/users\/14"}],"replies":[{"embeddable":true,"href":"https:\/\/elpoblenoudebenitatxell.com\/va\/wp-json\/wp\/v2\/comments?post=14827"}],"version-history":[{"count":5,"href":"https:\/\/elpoblenoudebenitatxell.com\/va\/wp-json\/wp\/v2\/pages\/14827\/revisions"}],"predecessor-version":[{"id":15629,"href":"https:\/\/elpoblenoudebenitatxell.com\/va\/wp-json\/wp\/v2\/pages\/14827\/revisions\/15629"}],"wp:attachment":[{"href":"https:\/\/elpoblenoudebenitatxell.com\/va\/wp-json\/wp\/v2\/media?parent=14827"}],"curies":[{"name":"wp","href":"https:\/\/api.w.org\/{rel}","templated":true}]}}