{"id":14614,"date":"2023-09-07T10:26:51","date_gmt":"2023-09-07T08:26:51","guid":{"rendered":"https:\/\/ayuntamientobenitatxell.lookishtg.com\/realidad-virtual-copy\/"},"modified":"2026-04-01T13:33:02","modified_gmt":"2026-04-01T12:33:02","slug":"reservas-cala-moraig","status":"publish","type":"page","link":"https:\/\/elpoblenoudebenitatxell.com\/va\/reservas-cala-moraig\/","title":{"rendered":"Reserves Cala Moraig"},"content":{"rendered":"<div data-elementor-type=\"wp-page\" data-elementor-id=\"14614\" class=\"elementor elementor-14614\" data-elementor-post-type=\"page\">\n\t\t\t\t<div class=\"elementor-element elementor-element-fb3bb3d e-flex e-con-boxed e-con e-parent\" data-id=\"fb3bb3d\" data-element_type=\"container\">\n\t\t\t\t\t<div class=\"e-con-inner\">\n\t\t<div class=\"elementor-element elementor-element-3a4457c e-con-full e-flex e-con e-child\" data-id=\"3a4457c\" data-element_type=\"container\">\n\t\t\t\t<div class=\"elementor-element elementor-element-a21e7fd elementor-widget elementor-widget-heading\" data-id=\"a21e7fd\" data-element_type=\"widget\" data-widget_type=\"heading.default\">\n\t\t\t\t\t<h1 class=\"elementor-heading-title elementor-size-default\">Guia \u00fatil - <span>Reserves Cala Moraig<\/span><\/h1>\t\t\t\t<\/div>\n\t\t\t\t<\/div>\n\t\t\t\t\t<\/div>\n\t\t\t\t<\/div>\n\t\t<div class=\"elementor-element elementor-element-f13ad8b e-flex e-con-boxed e-con e-parent\" data-id=\"f13ad8b\" data-element_type=\"container\">\n\t\t\t\t\t<div class=\"e-con-inner\">\n\t\t<div class=\"elementor-element elementor-element-b7f387a e-con-full e-flex e-con e-child\" data-id=\"b7f387a\" data-element_type=\"container\">\n\t\t\t\t<div class=\"elementor-element elementor-element-3cc7752 elementor-widget elementor-widget-text-editor\" data-id=\"3cc7752\" data-element_type=\"widget\" data-widget_type=\"text-editor.default\">\n\t\t\t\t\t\t\t\t\t<p>L\u2019Ajuntament del Poble Nou de Benitatxell vol protegir la cala del Moraig i tot l\u2019entorn natural del LIC Penya-segats de la Marina, on l\u2019augment considerable de visitants ha posat en perill l\u2019equilibri de l\u2019entorn. Per a pal\u00b7liar el descontrol i la massificaci\u00f3 de vehicles dels \u00faltims anys, la soluci\u00f3 que proposa el consistori \u00e9s un nou sistema de control de vehicles que evite la sobrec\u00e0rrega i la degradaci\u00f3 de l\u2019entorn i, al mateix temps, fomente l\u2019estalvi energ\u00e8tic i la reducci\u00f3 d\u2019emissions de gasos d\u2019efecte d\u2019hivernacle.<\/p><p class=\"translation-block\">Este nou sistema de control de vehicles estar\u00e0 operatiu de l\u2019<b>1 d\u2019abril al 15 d\u2019octubre<\/b> en l\u2019acc\u00e9s al p\u00e0rquing de la cala del Moraig, Testos i la ruta dels Penya-segats. L\u2019aparcament passar\u00e0 a ser de pagament per als visitants i usuaris de les platges, per\u00f2 els ve\u00efns i ve\u00efnes del Poble Nou de Benitatxell estaran exempts i podran accedir gratu\u00eftament. Aix\u00f2 s\u00ed, per a garantir una pla\u00e7a, \u00e9s recomanable realitzar reserva pr\u00e8via.<\/p><p>Qualsevol vehicle que accedisca m\u00e9s de 20 minutos a la zona, haur\u00e0 de disposar de reserva per al dia en q\u00fcesti\u00f3. Aix\u00f2 implica que tant els vehicles de residents com de no residents, hauran d\u2019obtindre una reserva. Les reserves es podran fer a trav\u00e9s de:<\/p><p>Web: <a href=\"https:\/\/calamoraig.es\/\" target=\"_blank\" rel=\"noopener\">www.calamoraig.es<\/a><\/p><p>Quiosc f\u00edsic a l'aparcament<\/p>\t\t\t\t\t\t\t\t<\/div>\n\t\t\t\t<\/div>\n\t\t<div class=\"elementor-element elementor-element-d989511 e-con-full e-flex e-con e-child\" data-id=\"d989511\" data-element_type=\"container\">\n\t\t\t\t<div class=\"elementor-element elementor-element-95264b7 elementor-widget elementor-widget-image\" data-id=\"95264b7\" data-element_type=\"widget\" data-widget_type=\"image.default\">\n\t\t\t\t\t\t\t\t\t\t\t\t\t\t\t<img fetchpriority=\"high\" decoding=\"async\" width=\"1250\" height=\"842\" src=\"https:\/\/elpoblenoudebenitatxell.com\/wp-content\/uploads\/2023\/09\/cala-moraig-app-2.jpg\" class=\"attachment-full size-full wp-image-14622\" alt=\"\" srcset=\"https:\/\/elpoblenoudebenitatxell.com\/wp-content\/uploads\/2023\/09\/cala-moraig-app-2.jpg 1250w, https:\/\/elpoblenoudebenitatxell.com\/wp-content\/uploads\/2023\/09\/cala-moraig-app-2-300x202.jpg 300w, https:\/\/elpoblenoudebenitatxell.com\/wp-content\/uploads\/2023\/09\/cala-moraig-app-2-1024x690.jpg 1024w, https:\/\/elpoblenoudebenitatxell.com\/wp-content\/uploads\/2023\/09\/cala-moraig-app-2-768x517.jpg 768w\" sizes=\"(max-width: 1250px) 100vw, 1250px\" \/>\t\t\t\t\t\t\t\t\t\t\t\t\t\t\t<\/div>\n\t\t\t\t<\/div>\n\t\t\t\t\t<\/div>\n\t\t\t\t<\/div>\n\t\t\t\t<\/div>","protected":false},"excerpt":{"rendered":"<p>El Ayuntamiento del Benitachell quiere proteger la cala del Moraig y todo el entorno natural del LIC Acantilados de la Marina, donde el aumento considerable de visitantes ha puesto en peligro el equilibrio del entorno. Para paliar el descontrol y la masificaci\u00f3n de veh\u00edculos de los \u00faltimos a\u00f1os, la soluci\u00f3n que propone el consistorio es [&hellip;]<\/p>","protected":false},"author":14,"featured_media":0,"parent":0,"menu_order":0,"comment_status":"closed","ping_status":"closed","template":"","meta":{"footnotes":""},"class_list":["post-14614","page","type-page","status-publish","hentry"],"_links":{"self":[{"href":"https:\/\/elpoblenoudebenitatxell.com\/va\/wp-json\/wp\/v2\/pages\/14614","targetHints":{"allow":["GET"]}}],"collection":[{"href":"https:\/\/elpoblenoudebenitatxell.com\/va\/wp-json\/wp\/v2\/pages"}],"about":[{"href":"https:\/\/elpoblenoudebenitatxell.com\/va\/wp-json\/wp\/v2\/types\/page"}],"author":[{"embeddable":true,"href":"https:\/\/elpoblenoudebenitatxell.com\/va\/wp-json\/wp\/v2\/users\/14"}],"replies":[{"embeddable":true,"href":"https:\/\/elpoblenoudebenitatxell.com\/va\/wp-json\/wp\/v2\/comments?post=14614"}],"version-history":[{"count":11,"href":"https:\/\/elpoblenoudebenitatxell.com\/va\/wp-json\/wp\/v2\/pages\/14614\/revisions"}],"predecessor-version":[{"id":36618,"href":"https:\/\/elpoblenoudebenitatxell.com\/va\/wp-json\/wp\/v2\/pages\/14614\/revisions\/36618"}],"wp:attachment":[{"href":"https:\/\/elpoblenoudebenitatxell.com\/va\/wp-json\/wp\/v2\/media?parent=14614"}],"curies":[{"name":"wp","href":"https:\/\/api.w.org\/{rel}","templated":true}]}}