{"id":613,"date":"2023-03-22T09:15:22","date_gmt":"2023-03-22T08:15:22","guid":{"rendered":"https:\/\/benitatxell.lookishtg.com\/?page_id=613"},"modified":"2024-06-11T15:11:26","modified_gmt":"2024-06-11T13:11:26","slug":"aviso-legal","status":"publish","type":"page","link":"https:\/\/elpoblenoudebenitatxell.com\/en\/aviso-legal\/","title":{"rendered":"Legal warning"},"content":{"rendered":"<h1><strong>Aviso Legal<\/strong><\/h1>\n<p>https:\/\/www.elpoblenoudebenitatxell.com\/, es un dominio en internet titularidad del Ajuntament de El Poble Nou de Benitatxell, CIF P0304200I, con sede y domicilio social en Carrer Major, 5, 03726 El Poble Nou de Benitatxell &#8211; Alicante, y e-mail\u00a0<a href=\"https:\/\/web.archive.org\/web\/20230616033442\/mailto:protecciondatos@elpoblenoudebenitatxell.com\">protecciondatos@elpoblenoudebenitatxell.com<\/a>.<\/p>\n<p><strong>Propiedad intelectual e industrial<\/strong><\/p>\n<p>El dise\u00f1o del portal y sus c\u00f3digos fuente, as\u00ed como los logos, marcas y dem\u00e1s signos distintivos que aparecen en el mismo pertenecen al Ajuntament de El Poble Nou de Benitatxell y est\u00e1n protegidos por los correspondientes derechos de propiedad intelectual e industrial.<\/p>\n<p><strong>Responsabilidad de los contenidos<\/strong><\/p>\n<p>El Ajuntament de El Poble Nou de Benitatxell no se hace responsable de la legalidad de otros sitios web de terceros desde los que pueda accederse al portal. El Ajuntament de El Poble Nou de Benitatxell tampoco responde por la legalidad de otros sitios web de terceros, que pudieran estar vinculados o enlazados desde este portal.<\/p>\n<p>El Ajuntament de El Poble Nou de Benitatxell se reserva el derecho a realizar cambios en el sitio web sin previo aviso, al objeto de mantener actualizada su informaci\u00f3n, a\u00f1adiendo, modificando, corrigiendo o eliminando\u00a0los contenidos publicados o el dise\u00f1o del portal.<\/p>\n<p>El Ajuntament de El Poble Nou de Benitatxell no ser\u00e1 responsable del uso que terceros hagan de la informaci\u00f3n publicada en el portal, ni tampoco de los da\u00f1os sufridos o p\u00e9rdidas econ\u00f3micas que, de forma directa o indirecta, produzcan o puedan producir perjuicios econ\u00f3micos, materiales o sobre datos, provocados por el uso de dicha informaci\u00f3n.<\/p>\n<p><strong>Reproducci\u00f3n de contenidos<\/strong><\/p>\n<p>Se proh\u00edbe la reproducci\u00f3n total o parcial de los contenidos publicados en el portal. No obstante, los contenidos que sean considerados como datos abiertos en la Sede Electr\u00f3nica, publicados seg\u00fan lo previsto en el Real Decreto 1495\/2011, de 24 de octubre, de desarrollo de la Ley 37\/2007, sobre reutilizaci\u00f3n de la informaci\u00f3n del sector p\u00fablico, para el \u00e1mbito del sector p\u00fablico estatal, podr\u00e1n ser objeto de reproducci\u00f3n en los t\u00e9rminos previstos en dicha norma.<\/p>\n<p><strong>Sede Electr\u00f3nica<\/strong><\/p>\n<p>De acuerdo con lo establecido por Ley 39\/2015, de 1 de octubre, del Procedimiento Administrativo Com\u00fan de las Administraciones P\u00fablicas, El Ajuntament de El Poble Nou de Benitatxell se responsabiliza de la integridad, veracidad y actualizaci\u00f3n de la informaci\u00f3n y los servicios a los que pueda accederse a trav\u00e9s de su Sede Electr\u00f3nica (\u00a0<a href=\"https:\/\/web.archive.org\/web\/20230616033442\/https:\/\/benitatxell.sedelectronica.es\/info.0\" target=\"_blank\" rel=\"noopener\">https:\/\/benitatxell.sedelectronica.es\/info.0<\/a>).<\/p>\n<p><strong>Portal de transparencia<\/strong><\/p>\n<p>A trav\u00e9s de la informaci\u00f3n publicada en el portal de transparencia\u00a0<a href=\"https:\/\/web.archive.org\/web\/20230616033442\/https:\/\/benitatxell.sedelectronica.es\/transparency\/\" target=\"_blank\" rel=\"noopener\">https:\/\/benitatxell.sedelectronica.es\/transparency\/<\/a>, El Ajuntament de El Poble Nou de Benitatxell atiende de forma peri\u00f3dica y actualizada el principio de publicidad activa establecido por la Ley 19\/2013, de 9 de diciembre, de transparencia, acceso a la informaci\u00f3n p\u00fablica y buen gobierno, con los mecanismos adecuados para facilitar la accesibilidad, la interoperabilidad, la calidad y la reutilizaci\u00f3n de la informaci\u00f3n, as\u00ed como su identificaci\u00f3n y localizaci\u00f3n.<\/p>\n<p><strong>Ley aplicable<\/strong><\/p>\n<p>La ley aplicable en caso de disputa o conflicto de interpretaci\u00f3n de los t\u00e9rminos que conforman este aviso legal, as\u00ed como cualquier cuesti\u00f3n relacionada con los servicios del presente portal, ser\u00e1 la ley espa\u00f1ola.<\/p>","protected":false},"excerpt":{"rendered":"<p>Aviso Legal https:\/\/www.elpoblenoudebenitatxell.com\/, es un dominio en internet titularidad del Ajuntament de El Poble Nou de Benitatxell, CIF P0304200I, con sede y domicilio social en Carrer Major, 5, 03726 El Poble Nou de Benitatxell &#8211; Alicante, y e-mail\u00a0protecciondatos@elpoblenoudebenitatxell.com. Propiedad intelectual e industrial El dise\u00f1o del portal y sus c\u00f3digos fuente, as\u00ed como los logos, marcas [&hellip;]<\/p>","protected":false},"author":14,"featured_media":0,"parent":0,"menu_order":0,"comment_status":"closed","ping_status":"closed","template":"","meta":{"footnotes":""},"class_list":["post-613","page","type-page","status-publish","hentry"],"_links":{"self":[{"href":"https:\/\/elpoblenoudebenitatxell.com\/en\/wp-json\/wp\/v2\/pages\/613","targetHints":{"allow":["GET"]}}],"collection":[{"href":"https:\/\/elpoblenoudebenitatxell.com\/en\/wp-json\/wp\/v2\/pages"}],"about":[{"href":"https:\/\/elpoblenoudebenitatxell.com\/en\/wp-json\/wp\/v2\/types\/page"}],"author":[{"embeddable":true,"href":"https:\/\/elpoblenoudebenitatxell.com\/en\/wp-json\/wp\/v2\/users\/14"}],"replies":[{"embeddable":true,"href":"https:\/\/elpoblenoudebenitatxell.com\/en\/wp-json\/wp\/v2\/comments?post=613"}],"version-history":[{"count":5,"href":"https:\/\/elpoblenoudebenitatxell.com\/en\/wp-json\/wp\/v2\/pages\/613\/revisions"}],"predecessor-version":[{"id":23477,"href":"https:\/\/elpoblenoudebenitatxell.com\/en\/wp-json\/wp\/v2\/pages\/613\/revisions\/23477"}],"wp:attachment":[{"href":"https:\/\/elpoblenoudebenitatxell.com\/en\/wp-json\/wp\/v2\/media?parent=613"}],"curies":[{"name":"wp","href":"https:\/\/api.w.org\/{rel}","templated":true}]}}