{"id":5188,"date":"2023-07-04T09:15:04","date_gmt":"2023-07-04T07:15:04","guid":{"rendered":"https:\/\/ayuntamientobenitatxell.lookishtg.com\/?page_id=5188"},"modified":"2024-04-03T11:31:08","modified_gmt":"2024-04-03T09:31:08","slug":"banc-de-terres","status":"publish","type":"page","link":"https:\/\/elpoblenoudebenitatxell.com\/en\/banc-de-terres\/","title":{"rendered":"Land Bank"},"content":{"rendered":"<div data-elementor-type=\"wp-page\" data-elementor-id=\"5188\" class=\"elementor elementor-5188\" data-elementor-post-type=\"page\">\n\t\t\t\t\t\t<section class=\"elementor-section elementor-top-section elementor-element elementor-element-c368a9f elementor-section-boxed elementor-section-height-default elementor-section-height-default\" data-id=\"c368a9f\" data-element_type=\"section\">\n\t\t\t\t\t\t<div class=\"elementor-container elementor-column-gap-default\">\n\t\t\t\t\t<div class=\"elementor-column elementor-col-100 elementor-top-column elementor-element elementor-element-6039c0e4\" data-id=\"6039c0e4\" data-element_type=\"column\">\n\t\t\t<div class=\"elementor-widget-wrap elementor-element-populated\">\n\t\t\t\t\t\t<div class=\"elementor-element elementor-element-67cd9f2 elementor-widget elementor-widget-spacer\" data-id=\"67cd9f2\" data-element_type=\"widget\" data-widget_type=\"spacer.default\">\n\t\t\t\t\t\t\t<div class=\"elementor-spacer\">\n\t\t\t<div class=\"elementor-spacer-inner\"><\/div>\n\t\t<\/div>\n\t\t\t\t\t\t<\/div>\n\t\t\t\t<div class=\"elementor-element elementor-element-1606d673 elementor-widget elementor-widget-text-editor\" data-id=\"1606d673\" data-element_type=\"widget\" data-widget_type=\"text-editor.default\">\n\t\t\t\t\t\t\t\t\t<p><img decoding=\"async\" class=\"alignnone size-medium wp-image-5191 aligncenter\" src=\"https:\/\/elpoblenoudebenitatxell.com\/wp-content\/uploads\/2023\/07\/banc_terres_hor-300x79.jpg\" alt=\"\" width=\"300\" height=\"79\" srcset=\"https:\/\/elpoblenoudebenitatxell.com\/wp-content\/uploads\/2023\/07\/banc_terres_hor-300x79.jpg 300w, https:\/\/elpoblenoudebenitatxell.com\/wp-content\/uploads\/2023\/07\/banc_terres_hor-1024x270.jpg 1024w, https:\/\/elpoblenoudebenitatxell.com\/wp-content\/uploads\/2023\/07\/banc_terres_hor-768x203.jpg 768w, https:\/\/elpoblenoudebenitatxell.com\/wp-content\/uploads\/2023\/07\/banc_terres_hor.jpg 1156w\" sizes=\"(max-width: 300px) 100vw, 300px\" \/><\/p>\n<div class=\"clear;\"><\/div>\n<p><br><\/p><p class=\"translation-block\">Un&nbsp;<strong>Banco de Tierras<\/strong>&nbsp;consiste en un&nbsp;<strong>registro de campos<\/strong>&nbsp;que sus propietarios est\u00e1n dispuestos a hacer un contrato de&nbsp;<strong>cesi\u00f3n, aparceria o alquiler<\/strong>. Las personas interesadas en ampliar la cantidad de tierras que trabajan o al iniciar una nueva actividad agraria, pueden consultar este registro y contactar con los propietarios para ver y llegar a un acuerdo. La&nbsp;<a href=\"http:\/\/www.buscatierras.com\/\" target=\"_blank\" rel=\"noopener noreferrer\">entidad gestora<\/a>&nbsp;se encarga de gestionar los contactos y facilitar los acuerdos.<\/p>\n<p class=\"translation-block\">Las&nbsp;<strong>tierras en abandono<\/strong>&nbsp;son un agujero econ\u00f3mico por sus propietarios. Son un&nbsp;<strong>reservorio de plagas<\/strong>&nbsp;como los roedores y&nbsp;<strong>dolencias<\/strong>&nbsp;como la Xylella Fastidiosa. Y son causa de&nbsp;<strong>erosi\u00f3n<\/strong>&nbsp;y peligro de&nbsp;<strong>incendios forestales<\/strong>. Tener tierras inscritas en el Banco de Tierras no te exime la responsabilidad de buenas pr\u00e1cticas agrarias como propietario, hasta que no cierres un trato con alg\u00fan interesado.<\/p>\n<p class=\"translation-block\">La puesta en marcha del&nbsp;<strong>Banco de Tierras<\/strong>&nbsp;aumenta las&nbsp;<strong>oportunidades de trabajo y negocio relacionados con el sector agrario<\/strong>. Si adem\u00e1s se tiene en cuenta que trabajar la tierra supone&nbsp;<strong>gestionar el territorio, fijar poblaci\u00f3n y luchar contra el cambio clim\u00e1tico<\/strong>, entonces se puede considerar que es una fant\u00e1stica iniciativa.<\/p>\n<p class=\"translation-block\">Para&nbsp;<strong>inscribir o demandar<\/strong>&nbsp;tierras es muy sencillo haz clic sobre el bot\u00f3n que quieras&nbsp;<strong>INSCRIPCI\u00d3N DE TIERRAS o DEMANDA DE TIERRAS<\/strong>&nbsp;y llena el formulario. Nos pondremos en contacto contigo y haremos reuniones informativas con todos los interesados sobre los tipos de contratos.<\/p>\n<p class=\"translation-block\">Si eres una persona inquieta y quieres colaborar con la dinamizaci\u00f3n agraria del Poble Nou de Benitatxell, puedes apuntarte en&nbsp;<strong>QUIERO COLABORAR CON EL BANCO DE TIERRAS<\/strong>.&nbsp;Hemos creado un grupo de apoyo a todas las actividades programadas, y te convocaremos a las reuniones de coordinaci\u00f3n para que puedas&nbsp;<strong>participar y proponer<\/strong>&nbsp;iniciativas relacionadas con la educaci\u00f3n y el medio ambiente, la alimentaci\u00f3n saludable y la producci\u00f3n agroecol\u00f3gica.<\/p>\n<div>\n<div class=\"button_blue_form\">\n<\/div>\n<\/div>\t\t\t\t\t\t\t\t<\/div>\n\t\t\t\t<div class=\"elementor-element elementor-element-892caa6 elementor-widget__width-auto elementor-widget-mobile__width-inherit elementor-widget elementor-widget-button\" data-id=\"892caa6\" data-element_type=\"widget\" data-widget_type=\"button.default\">\n\t\t\t\t\t\t\t\t\t\t<a class=\"elementor-button elementor-button-link elementor-size-sm\" href=\"#\">\n\t\t\t\t\t\t<span class=\"elementor-button-content-wrapper\">\n\t\t\t\t\t\t\t\t\t<span class=\"elementor-button-text\">REGISTRATION OF LANDS<\/span>\n\t\t\t\t\t<\/span>\n\t\t\t\t\t<\/a>\n\t\t\t\t\t\t\t\t<\/div>\n\t\t\t\t<div class=\"elementor-element elementor-element-d8a5c7f elementor-widget__width-auto elementor-widget-mobile__width-inherit elementor-widget elementor-widget-button\" data-id=\"d8a5c7f\" data-element_type=\"widget\" data-widget_type=\"button.default\">\n\t\t\t\t\t\t\t\t\t\t<a class=\"elementor-button elementor-button-link elementor-size-sm\" href=\"#\">\n\t\t\t\t\t\t<span class=\"elementor-button-content-wrapper\">\n\t\t\t\t\t\t\t\t\t<span class=\"elementor-button-text\">LAND DEMAND<\/span>\n\t\t\t\t\t<\/span>\n\t\t\t\t\t<\/a>\n\t\t\t\t\t\t\t\t<\/div>\n\t\t\t\t<div class=\"elementor-element elementor-element-582e62f elementor-widget__width-auto elementor-widget elementor-widget-button\" data-id=\"582e62f\" data-element_type=\"widget\" data-widget_type=\"button.default\">\n\t\t\t\t\t\t\t\t\t\t<a class=\"elementor-button elementor-button-link elementor-size-sm\" href=\"#\">\n\t\t\t\t\t\t<span class=\"elementor-button-content-wrapper\">\n\t\t\t\t\t\t\t\t\t<span class=\"elementor-button-text\">I WANT TO COLLABORATE WITH THE LAND BANK<\/span>\n\t\t\t\t\t<\/span>\n\t\t\t\t\t<\/a>\n\t\t\t\t\t\t\t\t<\/div>\n\t\t\t\t<div class=\"elementor-element elementor-element-cf507a1 elementor-widget elementor-widget-text-editor\" data-id=\"cf507a1\" data-element_type=\"widget\" data-widget_type=\"text-editor.default\">\n\t\t\t\t\t\t\t\t\t<div><div class=\"button_blue_form\"><span style=\"font-size: 0.9rem;\">\u00a0<\/span><\/div><\/div><h2>DOCUMENTATION<\/h2><p><i class=\"fa fa-file\"><\/i><a href=\"https:\/\/elpoblenoudebenitatxell.com\/wp-content\/uploads\/2023\/07\/fase-i-bdt-benitatxell.pdf\" target=\"_blank\" rel=\"noopener\">PHASE I BDT BENITATXELL<\/a><\/p>\t\t\t\t\t\t\t\t<\/div>\n\t\t\t\t\t<\/div>\n\t\t<\/div>\n\t\t\t\t\t<\/div>\n\t\t<\/section>\n\t\t\t\t<\/div>","protected":false},"excerpt":{"rendered":"<p>Un&nbsp;Banco de Tierras&nbsp;consiste en un&nbsp;registro de campos&nbsp;que sus propietarios est\u00e1n dispuestos a hacer un contrato de&nbsp;cesi\u00f3n, aparceria o alquiler. Las personas interesadas en ampliar la cantidad de tierras que trabajan o al iniciar una nueva actividad agraria, pueden consultar este registro y contactar con los propietarios para ver y llegar a un acuerdo. La&nbsp;entidad gestora&nbsp;se [&hellip;]<\/p>","protected":false},"author":14,"featured_media":0,"parent":0,"menu_order":0,"comment_status":"closed","ping_status":"closed","template":"","meta":{"footnotes":""},"class_list":["post-5188","page","type-page","status-publish","hentry"],"_links":{"self":[{"href":"https:\/\/elpoblenoudebenitatxell.com\/en\/wp-json\/wp\/v2\/pages\/5188","targetHints":{"allow":["GET"]}}],"collection":[{"href":"https:\/\/elpoblenoudebenitatxell.com\/en\/wp-json\/wp\/v2\/pages"}],"about":[{"href":"https:\/\/elpoblenoudebenitatxell.com\/en\/wp-json\/wp\/v2\/types\/page"}],"author":[{"embeddable":true,"href":"https:\/\/elpoblenoudebenitatxell.com\/en\/wp-json\/wp\/v2\/users\/14"}],"replies":[{"embeddable":true,"href":"https:\/\/elpoblenoudebenitatxell.com\/en\/wp-json\/wp\/v2\/comments?post=5188"}],"version-history":[{"count":5,"href":"https:\/\/elpoblenoudebenitatxell.com\/en\/wp-json\/wp\/v2\/pages\/5188\/revisions"}],"predecessor-version":[{"id":15605,"href":"https:\/\/elpoblenoudebenitatxell.com\/en\/wp-json\/wp\/v2\/pages\/5188\/revisions\/15605"}],"wp:attachment":[{"href":"https:\/\/elpoblenoudebenitatxell.com\/en\/wp-json\/wp\/v2\/media?parent=5188"}],"curies":[{"name":"wp","href":"https:\/\/api.w.org\/{rel}","templated":true}]}}