{"id":4595,"date":"2023-05-31T10:29:24","date_gmt":"2023-05-31T08:29:24","guid":{"rendered":"https:\/\/ayuntamientobenitatxell.lookishtg.com\/?page_id=4595"},"modified":"2026-01-08T11:23:57","modified_gmt":"2026-01-08T10:23:57","slug":"el-alcalde","status":"publish","type":"page","link":"https:\/\/elpoblenoudebenitatxell.com\/en\/ayuntamiento\/el-alcalde\/","title":{"rendered":"Mayor"},"content":{"rendered":"<div data-elementor-type=\"wp-page\" data-elementor-id=\"4595\" class=\"elementor elementor-4595\" data-elementor-post-type=\"page\">\n\t\t\t\t<div class=\"elementor-element elementor-element-0ba5166 e-flex e-con-boxed e-con e-parent\" data-id=\"0ba5166\" data-element_type=\"container\">\n\t\t\t\t\t<div class=\"e-con-inner\">\n\t\t<div class=\"elementor-element elementor-element-4975c4a e-con-full e-flex e-con e-child\" data-id=\"4975c4a\" data-element_type=\"container\">\n\t\t\t\t<div class=\"elementor-element elementor-element-eb61de7 elementor-widget elementor-widget-heading\" data-id=\"eb61de7\" data-element_type=\"widget\" data-widget_type=\"heading.default\">\n\t\t\t\t\t<h1 class=\"elementor-heading-title elementor-size-default\">Areas - <span>Mayor<\/span><\/h1>\t\t\t\t<\/div>\n\t\t\t\t<\/div>\n\t\t\t\t\t<\/div>\n\t\t\t\t<\/div>\n\t\t<div class=\"elementor-element elementor-element-3ce2864 e-flex e-con-boxed e-con e-parent\" data-id=\"3ce2864\" data-element_type=\"container\">\n\t\t\t\t\t<div class=\"e-con-inner\">\n\t\t<div class=\"elementor-element elementor-element-0405d0b e-con-full e-flex e-con e-child\" data-id=\"0405d0b\" data-element_type=\"container\">\n\t\t\t\t<div class=\"elementor-element elementor-element-a16389e elementor-widget elementor-widget-text-editor\" data-id=\"a16389e\" data-element_type=\"widget\" data-widget_type=\"text-editor.default\">\n\t\t\t\t\t\t\t\t\t<p>Welcome to the website of the Poble Nou de Benitatxell City Council.<\/p><p>I would like this space to be not only an information instrument for day-to-day municipal activity, but also an open and close means of interaction with your city council and with the citizens who represent you. I want you to feel supported by the municipal institution, to see the city council as what it should be: a close, accessible, transparent institution. We are working to activate a transparency portal so that citizens can consult all public information in a more accessible and simple way. We want to guarantee that all of you are aware of the steps taken in municipal management. We want the town hall to have glass walls. I understand communication as an impartial and clear transmission belt that conveys all the work that is carried out in the city council. You have the possibility of contacting me whenever you want. The doors of my office will always be open to any neighbor, you can also contact me through this website or from our Facebook page. I will listen to all your suggestions, proposals, as well as criticisms. For me it is an immense pleasure to serve and work for El Poble Nou de Benitatxell, the town where I was born and raised and which I love deeply. But I also need your ideas, suggestions and demands so that the projects arise from citizen participation, from the consensus of all of us who reside in this unique and authentic place.<\/p>\t\t\t\t\t\t\t\t<\/div>\n\t\t\t\t<\/div>\n\t\t<div class=\"elementor-element elementor-element-ffea912 e-con-full e-flex e-con e-child\" data-id=\"ffea912\" data-element_type=\"container\">\n\t\t\t\t<div class=\"elementor-element elementor-element-6d077f6 elementor-widget elementor-widget-image\" data-id=\"6d077f6\" data-element_type=\"widget\" data-widget_type=\"image.default\">\n\t\t\t\t\t\t\t\t\t\t\t\t\t\t\t<img fetchpriority=\"high\" decoding=\"async\" width=\"800\" height=\"616\" src=\"https:\/\/elpoblenoudebenitatxell.com\/wp-content\/uploads\/2025\/11\/foto_alcalde-benitatxell-01-1024x788.jpg\" class=\"attachment-large size-large wp-image-33910\" alt=\"\" srcset=\"https:\/\/elpoblenoudebenitatxell.com\/wp-content\/uploads\/2025\/11\/foto_alcalde-benitatxell-01-1024x788.jpg 1024w, https:\/\/elpoblenoudebenitatxell.com\/wp-content\/uploads\/2025\/11\/foto_alcalde-benitatxell-01-300x231.jpg 300w, https:\/\/elpoblenoudebenitatxell.com\/wp-content\/uploads\/2025\/11\/foto_alcalde-benitatxell-01-768x591.jpg 768w, https:\/\/elpoblenoudebenitatxell.com\/wp-content\/uploads\/2025\/11\/foto_alcalde-benitatxell-01-16x12.jpg 16w, https:\/\/elpoblenoudebenitatxell.com\/wp-content\/uploads\/2025\/11\/foto_alcalde-benitatxell-01.jpg 1500w\" sizes=\"(max-width: 800px) 100vw, 800px\" \/>\t\t\t\t\t\t\t\t\t\t\t\t\t\t\t<\/div>\n\t\t\t\t<div class=\"elementor-element elementor-element-fef18c8 elementor-widget elementor-widget-text-editor\" data-id=\"fef18c8\" data-element_type=\"widget\" data-widget_type=\"text-editor.default\">\n\t\t\t\t\t\t\t\t\t<p><strong>Miguel Angel Garcia<\/strong><\/p><p><strong>Mayor of the M.I. Poble Nou de Benitatxell Town Hall<\/strong><\/p>\t\t\t\t\t\t\t\t<\/div>\n\t\t\t\t<\/div>\n\t\t\t\t\t<\/div>\n\t\t\t\t<\/div>\n\t\t<div class=\"elementor-element elementor-element-b2f38ab elementor-hidden-desktop elementor-hidden-tablet elementor-hidden-mobile e-flex e-con-boxed e-con e-parent\" data-id=\"b2f38ab\" data-element_type=\"container\">\n\t\t\t\t\t<div class=\"e-con-inner\">\n\t\t<div class=\"elementor-element elementor-element-2cc2a4d e-con-full e-flex e-con e-child\" data-id=\"2cc2a4d\" data-element_type=\"container\">\n\t\t\t\t<div class=\"elementor-element elementor-element-dd6fe88 elementor-widget elementor-widget-heading\" data-id=\"dd6fe88\" data-element_type=\"widget\" data-widget_type=\"heading.default\">\n\t\t\t\t\t<h4 class=\"elementor-heading-title elementor-size-default\">Calendar<\/h4>\t\t\t\t<\/div>\n\t\t\t\t<div class=\"elementor-element elementor-element-415f93d elementor-widget elementor-widget-html\" data-id=\"415f93d\" data-element_type=\"widget\" data-widget_type=\"html.default\">\n\t\t\t\t\t<iframe src=\"https:\/\/calendar.google.com\/calendar\/embed?showTitle=0&amp;showNav=0&amp;showPrint=0&amp;showTabs=0&amp;showCalendars=0&amp;showTz=0&amp;height=600&amp;wkst=2&amp;hl=es&amp;bgcolor=%23FFFFFF&amp;src=ajuntamentbenitatxell%40gmail.com&amp;color=%23ff2968&amp;ctz=Europe%2FMadrid\" width=\"800\" height=\"600\" frameborder=\"0\" scrolling=\"no\" data-mce-fragment=\"1\"><\/iframe>\t\t\t\t<\/div>\n\t\t\t\t<\/div>\n\t\t\t\t\t<\/div>\n\t\t\t\t<\/div>\n\t\t\t\t<\/div>","protected":false},"excerpt":{"rendered":"<p>Bienvenidos a la p\u00e1gina web del Ayuntamiento del Poble Nou de Benitatxell. Me gustar\u00eda que este espacio no sea solo un instrumento de informaci\u00f3n del d\u00eda a d\u00eda de la actividad municipal, sino una v\u00eda abierta y cercana de interacci\u00f3n con vuestro ayuntamiento y con los ciudadanos que os representan. Quiero que os sint\u00e1is arropados [&hellip;]<\/p>","protected":false},"author":14,"featured_media":0,"parent":4593,"menu_order":0,"comment_status":"closed","ping_status":"closed","template":"","meta":{"footnotes":""},"class_list":["post-4595","page","type-page","status-publish","hentry"],"_links":{"self":[{"href":"https:\/\/elpoblenoudebenitatxell.com\/en\/wp-json\/wp\/v2\/pages\/4595","targetHints":{"allow":["GET"]}}],"collection":[{"href":"https:\/\/elpoblenoudebenitatxell.com\/en\/wp-json\/wp\/v2\/pages"}],"about":[{"href":"https:\/\/elpoblenoudebenitatxell.com\/en\/wp-json\/wp\/v2\/types\/page"}],"author":[{"embeddable":true,"href":"https:\/\/elpoblenoudebenitatxell.com\/en\/wp-json\/wp\/v2\/users\/14"}],"replies":[{"embeddable":true,"href":"https:\/\/elpoblenoudebenitatxell.com\/en\/wp-json\/wp\/v2\/comments?post=4595"}],"version-history":[{"count":14,"href":"https:\/\/elpoblenoudebenitatxell.com\/en\/wp-json\/wp\/v2\/pages\/4595\/revisions"}],"predecessor-version":[{"id":35507,"href":"https:\/\/elpoblenoudebenitatxell.com\/en\/wp-json\/wp\/v2\/pages\/4595\/revisions\/35507"}],"up":[{"embeddable":true,"href":"https:\/\/elpoblenoudebenitatxell.com\/en\/wp-json\/wp\/v2\/pages\/4593"}],"wp:attachment":[{"href":"https:\/\/elpoblenoudebenitatxell.com\/en\/wp-json\/wp\/v2\/media?parent=4595"}],"curies":[{"name":"wp","href":"https:\/\/api.w.org\/{rel}","templated":true}]}}