{"id":22737,"date":"2023-09-13T11:18:31","date_gmt":"2023-09-13T09:18:31","guid":{"rendered":"https:\/\/www.poblenou.tuacte.com\/hola-whatsapp\/"},"modified":"2025-10-27T12:30:37","modified_gmt":"2025-10-27T11:30:37","slug":"hola-whatsapp","status":"publish","type":"page","link":"https:\/\/elpoblenoudebenitatxell.com\/en\/hola-whatsapp\/","title":{"rendered":"Hello WhatsApp"},"content":{"rendered":"<div data-elementor-type=\"wp-page\" data-elementor-id=\"22737\" class=\"elementor elementor-22737\" data-elementor-post-type=\"page\">\n\t\t\t\t\t\t<section class=\"elementor-section elementor-top-section elementor-element elementor-element-16f6d2d elementor-section-boxed elementor-section-height-default elementor-section-height-default\" data-id=\"16f6d2d\" data-element_type=\"section\">\n\t\t\t\t\t\t<div class=\"elementor-container elementor-column-gap-default\">\n\t\t\t\t\t<div class=\"elementor-column elementor-col-100 elementor-top-column elementor-element elementor-element-1fc3d58\" data-id=\"1fc3d58\" data-element_type=\"column\">\n\t\t\t<div class=\"elementor-widget-wrap elementor-element-populated\">\n\t\t\t\t\t\t<div class=\"elementor-element elementor-element-ebb1f1c elementor-widget elementor-widget-heading\" data-id=\"ebb1f1c\" data-element_type=\"widget\" data-widget_type=\"heading.default\">\n\t\t\t\t\t<h1 class=\"elementor-heading-title elementor-size-default\">Guia \u00fatil - <span>Hello WhatsApp<\/span><\/h1>\t\t\t\t<\/div>\n\t\t\t\t\t<\/div>\n\t\t<\/div>\n\t\t\t\t\t<\/div>\n\t\t<\/section>\n\t\t\t\t<section class=\"elementor-section elementor-top-section elementor-element elementor-element-c05e405 elementor-section-boxed elementor-section-height-default elementor-section-height-default\" data-id=\"c05e405\" data-element_type=\"section\">\n\t\t\t\t\t\t<div class=\"elementor-container elementor-column-gap-default\">\n\t\t\t\t\t<div class=\"elementor-column elementor-col-100 elementor-top-column elementor-element elementor-element-855e3e8\" data-id=\"855e3e8\" data-element_type=\"column\">\n\t\t\t<div class=\"elementor-widget-wrap elementor-element-populated\">\n\t\t\t\t\t\t<div class=\"elementor-element elementor-element-3ee44d0 elementor-widget elementor-widget-image\" data-id=\"3ee44d0\" data-element_type=\"widget\" data-widget_type=\"image.default\">\n\t\t\t\t\t\t\t\t\t\t\t\t\t\t\t<img fetchpriority=\"high\" decoding=\"async\" width=\"943\" height=\"541\" src=\"https:\/\/elpoblenoudebenitatxell.com\/wp-content\/uploads\/2023\/09\/2569.jpg\" class=\"attachment-full size-full wp-image-14700\" alt=\"\" srcset=\"https:\/\/elpoblenoudebenitatxell.com\/wp-content\/uploads\/2023\/09\/2569.jpg 943w, https:\/\/elpoblenoudebenitatxell.com\/wp-content\/uploads\/2023\/09\/2569-300x172.jpg 300w, https:\/\/elpoblenoudebenitatxell.com\/wp-content\/uploads\/2023\/09\/2569-768x441.jpg 768w\" sizes=\"(max-width: 943px) 100vw, 943px\" \/>\t\t\t\t\t\t\t\t\t\t\t\t\t\t\t<\/div>\n\t\t\t\t<div class=\"elementor-element elementor-element-42ecde0 elementor-widget elementor-widget-text-editor\" data-id=\"42ecde0\" data-element_type=\"widget\" data-widget_type=\"text-editor.default\">\n\t\t\t\t\t\t\t\t\t<div class=\"elementor-element elementor-element-42ecde0 elementor-widget elementor-widget-text-editor\" data-id=\"42ecde0\" data-element_type=\"widget\" data-widget_type=\"text-editor.default\"><div class=\"elementor-widget-container\"><ul><li><em>With this system, the council aims to maintain closer, simpler and more effective communication with citizens, encourage participation and reach a more optimal level in the resolution of complaints and incidents.<\/em><\/li><li><em>Starting to use the channel is as simple as adding the phone number 690 96 55 97 to your contact book, opening a conversation and writing \u201cHello.\u201d<\/em><\/li><\/ul><p>With a simple WhatsApp message, the El Poble Nou de Benitatxell City Council is accessible to its neighbors. The council has launched a communication and citizen service platform through WhatsApp that allows various municipal procedures to be carried out such as communicating complaints and incidents, making queries or suggestions, speaking with the mayor, accessing electronic procedures or receiving important notices and communications. among others.<\/p><p>It thus becomes the first municipality in the province of Alicante to implement Holawap, an innovative intelligent communication channel created by EYOS Comunicaci\u00f3n Digital, a pioneering Spanish company in automated communication through WhatsApp.<\/p><p>With this system, the city council aims to maintain closer, simpler and more effective communication with citizens, encourage participation and reach a more optimal level in the resolution of complaints and incidents. And what better way to facilitate local administration processes than with WhatsApp, the number one personal communication platform in Spain that has more than 27 million active users and is consulted an average of 6 times a day.<\/p><p>For the user it has numerous advantages. It does not require any installation or update, it does not consume phone resources (neither processor nor memory) and, unlike other apps that are easily uninstalled, the Town Hall will be a contact that will remain indefinitely. Additionally, each user can select the language they want to speak. At the same time, taking advantage of the bidirectionality provided by WhatsApp, the City Council will be able to send communications, alerts, news, events and information of interest.<\/p><\/div><\/div>\t\t\t\t\t\t\t\t<\/div>\n\t\t\t\t\t<\/div>\n\t\t<\/div>\n\t\t\t\t\t<\/div>\n\t\t<\/section>\n\t\t\t\t<\/div>","protected":false},"excerpt":{"rendered":"<p>Con este sistema, el consistorio pretende mantener una comunicaci\u00f3n m\u00e1s cercana, sencilla y efectiva con la ciudadan\u00eda, fomentar la participaci\u00f3n y alcanzar un nivel m\u00e1s \u00f3ptimo en la resoluci\u00f3n de quejas e incidencias Comenzar a utilizar el canal es tan sencillo como agregar el tel\u00e9fono 690 96 55 97 a la agenda de contactos, abrir [&hellip;]<\/p>","protected":false},"author":14,"featured_media":0,"parent":0,"menu_order":0,"comment_status":"closed","ping_status":"closed","template":"","meta":{"footnotes":""},"class_list":["post-22737","page","type-page","status-publish","hentry"],"_links":{"self":[{"href":"https:\/\/elpoblenoudebenitatxell.com\/en\/wp-json\/wp\/v2\/pages\/22737","targetHints":{"allow":["GET"]}}],"collection":[{"href":"https:\/\/elpoblenoudebenitatxell.com\/en\/wp-json\/wp\/v2\/pages"}],"about":[{"href":"https:\/\/elpoblenoudebenitatxell.com\/en\/wp-json\/wp\/v2\/types\/page"}],"author":[{"embeddable":true,"href":"https:\/\/elpoblenoudebenitatxell.com\/en\/wp-json\/wp\/v2\/users\/14"}],"replies":[{"embeddable":true,"href":"https:\/\/elpoblenoudebenitatxell.com\/en\/wp-json\/wp\/v2\/comments?post=22737"}],"version-history":[{"count":8,"href":"https:\/\/elpoblenoudebenitatxell.com\/en\/wp-json\/wp\/v2\/pages\/22737\/revisions"}],"predecessor-version":[{"id":32042,"href":"https:\/\/elpoblenoudebenitatxell.com\/en\/wp-json\/wp\/v2\/pages\/22737\/revisions\/32042"}],"wp:attachment":[{"href":"https:\/\/elpoblenoudebenitatxell.com\/en\/wp-json\/wp\/v2\/media?parent=22737"}],"curies":[{"name":"wp","href":"https:\/\/api.w.org\/{rel}","templated":true}]}}