{"id":14827,"date":"2023-12-12T10:15:04","date_gmt":"2023-12-12T09:15:04","guid":{"rendered":"https:\/\/ayuntamientobenitatxell.lookishtg.com\/?page_id=14827"},"modified":"2025-10-27T17:33:54","modified_gmt":"2025-10-27T16:33:54","slug":"como-llegar","status":"publish","type":"page","link":"https:\/\/elpoblenoudebenitatxell.com\/en\/como-llegar\/","title":{"rendered":"How to get there"},"content":{"rendered":"<div data-elementor-type=\"wp-page\" data-elementor-id=\"14827\" class=\"elementor elementor-14827\" data-elementor-post-type=\"page\">\n\t\t\t\t\t\t<section class=\"elementor-section elementor-top-section elementor-element elementor-element-89de675 elementor-section-boxed elementor-section-height-default elementor-section-height-default\" data-id=\"89de675\" data-element_type=\"section\">\n\t\t\t\t\t\t<div class=\"elementor-container elementor-column-gap-default\">\n\t\t\t\t\t<div class=\"elementor-column elementor-col-100 elementor-top-column elementor-element elementor-element-3a1f121\" data-id=\"3a1f121\" data-element_type=\"column\">\n\t\t\t<div class=\"elementor-widget-wrap elementor-element-populated\">\n\t\t\t\t\t\t<div class=\"elementor-element elementor-element-a376ba2 elementor-widget elementor-widget-heading\" data-id=\"a376ba2\" data-element_type=\"widget\" data-widget_type=\"heading.default\">\n\t\t\t\t\t<h1 class=\"elementor-heading-title elementor-size-default\">Turismo- <span>How to get there<\/span><\/h1>\t\t\t\t<\/div>\n\t\t\t\t\t<\/div>\n\t\t<\/div>\n\t\t\t\t\t<\/div>\n\t\t<\/section>\n\t\t\t\t<section class=\"elementor-section elementor-top-section elementor-element elementor-element-d6a18d7 elementor-section-boxed elementor-section-height-default elementor-section-height-default\" data-id=\"d6a18d7\" data-element_type=\"section\">\n\t\t\t\t\t\t<div class=\"elementor-container elementor-column-gap-default\">\n\t\t\t\t\t<div class=\"elementor-column elementor-col-100 elementor-top-column elementor-element elementor-element-8a9745d\" data-id=\"8a9745d\" data-element_type=\"column\">\n\t\t\t<div class=\"elementor-widget-wrap elementor-element-populated\">\n\t\t\t\t\t\t<div class=\"elementor-element elementor-element-db635b0 elementor-widget elementor-widget-text-editor\" data-id=\"db635b0\" data-element_type=\"widget\" data-widget_type=\"text-editor.default\">\n\t\t\t\t\t\t\t\t\t<p>El Poble Nou de Benitatxell is situated in a strategic place, which stands out for its beautiful coast line and its tranquillity. In the Marina Alta region (almost at the half-way between the cities of Valencia and Alicante), located on the top of a small hill, crowned by the church, which draws a characteristic silhouette of the urban core to several kilometres distance.<\/p><p>Nearly 4.100 inhabitants live in El Poble Nou de Benitatxell and throughout its municipal term (12,55 km2). The centre of the village is located a few kilometers distance to the Mediterranean Sea by what retains its substance; the municipal market, the Town Hall and the church are grouped in the center.<\/p><p>The village is sheltered by Puig Lloren\u00e7a and to the south, collapses formed impressive formations, coves and cliffs in its fall to the sea. To the north, the village opens to countryside, with the Montg\u00f3 sighting closely.<\/p><p>The village allows residents and visitors enjoy a peaceful daily life, that nevertheless enjoys permanent activities, a rich cultural, associative and festive life, which is increasing with the arrival of warm weather. In reality the mild temperatures determine the annual calendar, although if a wind named the Llebeig, is part of characteristic of the municipality, a fresh air which, especially in summer, is very well received. Hence saying \"al Poble Nou de Benitatxell, frescoreta i moscatell\", in honour to this wind and the indigenous cultivation of Muscat grape.<\/p>\t\t\t\t\t\t\t\t<\/div>\n\t\t\t\t\t<\/div>\n\t\t<\/div>\n\t\t\t\t\t<\/div>\n\t\t<\/section>\n\t\t\t\t<section class=\"elementor-section elementor-top-section elementor-element elementor-element-4e38823 elementor-section-boxed elementor-section-height-default elementor-section-height-default\" data-id=\"4e38823\" data-element_type=\"section\">\n\t\t\t\t\t\t<div class=\"elementor-container elementor-column-gap-default\">\n\t\t\t\t\t<div class=\"elementor-column elementor-col-100 elementor-top-column elementor-element elementor-element-5c4c2ea\" data-id=\"5c4c2ea\" data-element_type=\"column\">\n\t\t\t<div class=\"elementor-widget-wrap elementor-element-populated\">\n\t\t\t\t\t\t<div class=\"elementor-element elementor-element-c9dd854 elementor-widget elementor-widget-google_maps\" data-id=\"c9dd854\" data-element_type=\"widget\" data-widget_type=\"google_maps.default\">\n\t\t\t\t\t\t\t<div class=\"elementor-custom-embed\">\n\t\t\t<iframe loading=\"lazy\"\n\t\t\t\t\tsrc=\"https:\/\/maps.google.com\/maps?q=El%20Poble%20Nou%20de%20Benitatxell%2C%20Alicante&#038;t=m&#038;z=10&#038;output=embed&#038;iwloc=near\"\n\t\t\t\t\ttitle=\"El Poble Nou de Benitatxell, Alicante\"\n\t\t\t\t\taria-label=\"El Poble Nou de Benitatxell, Alicante\"\n\t\t\t><\/iframe>\n\t\t<\/div>\n\t\t\t\t\t\t<\/div>\n\t\t\t\t\t<\/div>\n\t\t<\/div>\n\t\t\t\t\t<\/div>\n\t\t<\/section>\n\t\t\t\t<\/div>","protected":false},"excerpt":{"rendered":"<p>Turismo- C\u00f3mo llegar El Poble Nou de Benitatxell est\u00e1 situado en un lugar estrat\u00e9gico, en el que destaca por su belleza costera y su tranquilidad interior. En la comarca de la Marina Alta (pr\u00e1cticamente a mitad de camino entre las ciudades de Valencia y Alicante)\u00a0est\u00e1 ubicado en el alto de un peque\u00f1o cerro coronado por [&hellip;]<\/p>","protected":false},"author":14,"featured_media":0,"parent":0,"menu_order":0,"comment_status":"closed","ping_status":"closed","template":"","meta":{"footnotes":""},"class_list":["post-14827","page","type-page","status-publish","hentry"],"_links":{"self":[{"href":"https:\/\/elpoblenoudebenitatxell.com\/en\/wp-json\/wp\/v2\/pages\/14827","targetHints":{"allow":["GET"]}}],"collection":[{"href":"https:\/\/elpoblenoudebenitatxell.com\/en\/wp-json\/wp\/v2\/pages"}],"about":[{"href":"https:\/\/elpoblenoudebenitatxell.com\/en\/wp-json\/wp\/v2\/types\/page"}],"author":[{"embeddable":true,"href":"https:\/\/elpoblenoudebenitatxell.com\/en\/wp-json\/wp\/v2\/users\/14"}],"replies":[{"embeddable":true,"href":"https:\/\/elpoblenoudebenitatxell.com\/en\/wp-json\/wp\/v2\/comments?post=14827"}],"version-history":[{"count":5,"href":"https:\/\/elpoblenoudebenitatxell.com\/en\/wp-json\/wp\/v2\/pages\/14827\/revisions"}],"predecessor-version":[{"id":15629,"href":"https:\/\/elpoblenoudebenitatxell.com\/en\/wp-json\/wp\/v2\/pages\/14827\/revisions\/15629"}],"wp:attachment":[{"href":"https:\/\/elpoblenoudebenitatxell.com\/en\/wp-json\/wp\/v2\/media?parent=14827"}],"curies":[{"name":"wp","href":"https:\/\/api.w.org\/{rel}","templated":true}]}}