{"id":14614,"date":"2023-09-07T10:26:51","date_gmt":"2023-09-07T08:26:51","guid":{"rendered":"https:\/\/ayuntamientobenitatxell.lookishtg.com\/realidad-virtual-copy\/"},"modified":"2026-04-01T13:33:02","modified_gmt":"2026-04-01T12:33:02","slug":"reservas-cala-moraig","status":"publish","type":"page","link":"https:\/\/elpoblenoudebenitatxell.com\/en\/reservas-cala-moraig\/","title":{"rendered":"Cala Moraig Reserves"},"content":{"rendered":"<div data-elementor-type=\"wp-page\" data-elementor-id=\"14614\" class=\"elementor elementor-14614\" data-elementor-post-type=\"page\">\n\t\t\t\t<div class=\"elementor-element elementor-element-fb3bb3d e-flex e-con-boxed e-con e-parent\" data-id=\"fb3bb3d\" data-element_type=\"container\">\n\t\t\t\t\t<div class=\"e-con-inner\">\n\t\t<div class=\"elementor-element elementor-element-3a4457c e-con-full e-flex e-con e-child\" data-id=\"3a4457c\" data-element_type=\"container\">\n\t\t\t\t<div class=\"elementor-element elementor-element-a21e7fd elementor-widget elementor-widget-heading\" data-id=\"a21e7fd\" data-element_type=\"widget\" data-widget_type=\"heading.default\">\n\t\t\t\t\t<h1 class=\"elementor-heading-title elementor-size-default\">Guia \u00fatil - <span>Cala Moraig Reserves<\/span><\/h1>\t\t\t\t<\/div>\n\t\t\t\t<\/div>\n\t\t\t\t\t<\/div>\n\t\t\t\t<\/div>\n\t\t<div class=\"elementor-element elementor-element-f13ad8b e-flex e-con-boxed e-con e-parent\" data-id=\"f13ad8b\" data-element_type=\"container\">\n\t\t\t\t\t<div class=\"e-con-inner\">\n\t\t<div class=\"elementor-element elementor-element-b7f387a e-con-full e-flex e-con e-child\" data-id=\"b7f387a\" data-element_type=\"container\">\n\t\t\t\t<div class=\"elementor-element elementor-element-3cc7752 elementor-widget elementor-widget-text-editor\" data-id=\"3cc7752\" data-element_type=\"widget\" data-widget_type=\"text-editor.default\">\n\t\t\t\t\t\t\t\t\t<p>El Ayuntamiento del Benitachell quiere proteger la cala del Moraig y todo el entorno natural del LIC Acantilados de la Marina, donde el aumento considerable de visitantes ha puesto en peligro el equilibrio del entorno. Para paliar el descontrol y la masificaci\u00f3n de veh\u00edculos de los \u00faltimos a\u00f1os, la soluci\u00f3n que propone el consistorio es un nuevo sistema de control de veh\u00edculos que evite la sobrecarga y la degradaci\u00f3n del entorno y, al mismo tiempo, fomento el ahorro energ\u00e9tico y la reducci\u00f3n de emisiones de gases de efecto invernadero.<\/p><p class=\"translation-block\">Este nuevo sistema de control de veh\u00edculos estar\u00e1 operativo del <strong>1 de abril al 15 de octubre<\/strong> en el acceso al parking de la cala del Moraig, Testos y la ruta de los Acantilados. El aparcamiento pasar\u00e1 a ser de pago para los visitantes y usuarios de las playas, pero los vecinos y vecinas del Benitachell estar\u00e1n exentos y podr\u00e1n acceder gratuitamente. Eso s\u00ed, para garantizar una plaza, es recomendable realizar reserva previa.<\/p><p>Cualquier veh\u00edculo que acceda m\u00e1s de 20 minutos en la zona, tendr\u00e1 que disponer de reserva para el d\u00eda en cuesti\u00f3n. Esto implica que tanto los veh\u00edculos de residentes como de no residentes, tendr\u00e1n que obtener una reserva. Las reservas se podr\u00e1n hacer a trav\u00e9s de:<\/p><p>Web: <a href=\"https:\/\/calamoraig.es\/\" target=\"_blank\" rel=\"noopener\">www.calamoraig.es<\/a><\/p><p>Physical kiosk in the parking lot<\/p>\t\t\t\t\t\t\t\t<\/div>\n\t\t\t\t<\/div>\n\t\t<div class=\"elementor-element elementor-element-d989511 e-con-full e-flex e-con e-child\" data-id=\"d989511\" data-element_type=\"container\">\n\t\t\t\t<div class=\"elementor-element elementor-element-95264b7 elementor-widget elementor-widget-image\" data-id=\"95264b7\" data-element_type=\"widget\" data-widget_type=\"image.default\">\n\t\t\t\t\t\t\t\t\t\t\t\t\t\t\t<img fetchpriority=\"high\" decoding=\"async\" width=\"1250\" height=\"842\" src=\"https:\/\/elpoblenoudebenitatxell.com\/wp-content\/uploads\/2023\/09\/cala-moraig-app-2.jpg\" class=\"attachment-full size-full wp-image-14622\" alt=\"\" srcset=\"https:\/\/elpoblenoudebenitatxell.com\/wp-content\/uploads\/2023\/09\/cala-moraig-app-2.jpg 1250w, https:\/\/elpoblenoudebenitatxell.com\/wp-content\/uploads\/2023\/09\/cala-moraig-app-2-300x202.jpg 300w, https:\/\/elpoblenoudebenitatxell.com\/wp-content\/uploads\/2023\/09\/cala-moraig-app-2-1024x690.jpg 1024w, https:\/\/elpoblenoudebenitatxell.com\/wp-content\/uploads\/2023\/09\/cala-moraig-app-2-768x517.jpg 768w\" sizes=\"(max-width: 1250px) 100vw, 1250px\" \/>\t\t\t\t\t\t\t\t\t\t\t\t\t\t\t<\/div>\n\t\t\t\t<\/div>\n\t\t\t\t\t<\/div>\n\t\t\t\t<\/div>\n\t\t\t\t<\/div>","protected":false},"excerpt":{"rendered":"<p>El Ayuntamiento del Benitachell quiere proteger la cala del Moraig y todo el entorno natural del LIC Acantilados de la Marina, donde el aumento considerable de visitantes ha puesto en peligro el equilibrio del entorno. Para paliar el descontrol y la masificaci\u00f3n de veh\u00edculos de los \u00faltimos a\u00f1os, la soluci\u00f3n que propone el consistorio es [&hellip;]<\/p>","protected":false},"author":14,"featured_media":0,"parent":0,"menu_order":0,"comment_status":"closed","ping_status":"closed","template":"","meta":{"footnotes":""},"class_list":["post-14614","page","type-page","status-publish","hentry"],"_links":{"self":[{"href":"https:\/\/elpoblenoudebenitatxell.com\/en\/wp-json\/wp\/v2\/pages\/14614","targetHints":{"allow":["GET"]}}],"collection":[{"href":"https:\/\/elpoblenoudebenitatxell.com\/en\/wp-json\/wp\/v2\/pages"}],"about":[{"href":"https:\/\/elpoblenoudebenitatxell.com\/en\/wp-json\/wp\/v2\/types\/page"}],"author":[{"embeddable":true,"href":"https:\/\/elpoblenoudebenitatxell.com\/en\/wp-json\/wp\/v2\/users\/14"}],"replies":[{"embeddable":true,"href":"https:\/\/elpoblenoudebenitatxell.com\/en\/wp-json\/wp\/v2\/comments?post=14614"}],"version-history":[{"count":11,"href":"https:\/\/elpoblenoudebenitatxell.com\/en\/wp-json\/wp\/v2\/pages\/14614\/revisions"}],"predecessor-version":[{"id":36618,"href":"https:\/\/elpoblenoudebenitatxell.com\/en\/wp-json\/wp\/v2\/pages\/14614\/revisions\/36618"}],"wp:attachment":[{"href":"https:\/\/elpoblenoudebenitatxell.com\/en\/wp-json\/wp\/v2\/media?parent=14614"}],"curies":[{"name":"wp","href":"https:\/\/api.w.org\/{rel}","templated":true}]}}